{"id":5427,"date":"2023-12-04T14:56:23","date_gmt":"2023-12-04T13:56:23","guid":{"rendered":"https:\/\/mexa3d.com\/produkt\/xpeek147-black-resin-1-5kg-for-xip-and-xippro\/"},"modified":"2024-03-20T10:22:55","modified_gmt":"2024-03-20T09:22:55","slug":"xpeek147-black-resin-1-5kg-for-xip-and-xippro","status":"publish","type":"product","link":"https:\/\/mexa3d.com\/en\/produkt\/xpeek147-black-resin-1-5kg-for-xip-and-xippro\/","title":{"rendered":"xPEEK147-Black Resin 1.5kg for XiP and XiPPro"},"content":{"rendered":"<p>Color: Black<\/p>\n<p>Size: 1,5kg<\/p>\n<p>xPEEK147 is a high temperature resistant resin with HDT 230\u00b0C for tooling and molding applications. The material is characterized by good dimensional stability, good surface quality and sufficient toughness to withstand mechanical stresses caused by shaping processes. The material is temperature-resistant and ideal for toolmaking.<\/p>\n<p>Properties<\/p>\n<ul>\n<li>High temperature resistance<\/li>\n<li>High strength<\/li>\n<li>Resistant to chemical and corrosive environments<\/li>\n<li>Low water absorption<\/li>\n<\/ul>\n<p>Uses<\/p>\n<p>3D-printed tools<br \/>\nHigh-temperature prototypes<br \/>\nMasks for electroplating<\/p>\n<p><a href=\"https:\/\/mexa3d.com\/wp-content\/uploads\/2023\/12\/IND147-HDT230-High-Heat-Black-v3.5-R4.pdf\">Technical data sheet<\/a><\/p>\n<p><a href=\"https:\/\/mexa3d.com\/wp-content\/uploads\/2023\/12\/SDS-Loctite-3D-IND147-HDT230-Tough-Black-5kg-R3.pdf\">Safety data sheet<\/a><\/p>\n","protected":false},"excerpt":{"rendered":"<p>Color: Black Size: 1,5kg xPEEK147 is a high temperature resistant resin with HDT 230\u00b0C for tooling and molding applications. The material is characterized by good dimensional stability, good surface quality and sufficient toughness to withstand mechanical stresses caused by shaping processes. The material is temperature-resistant and ideal for toolmaking. Properties High temperature resistance High strength [&hellip;]<\/p>\n","protected":false},"featured_media":4043,"comment_status":"open","ping_status":"closed","template":"","meta":[],"product_brand":[],"product_cat":[94],"product_tag":[],"class_list":{"0":"post-5427","1":"product","2":"type-product","3":"status-publish","4":"has-post-thumbnail","6":"product_cat-materials-2","7":"product_shipping_class-insured-shipping","9":"first","10":"instock","11":"taxable","12":"shipping-taxable","13":"purchasable","14":"product-type-simple"},"yoast_head":"<!-- This site is optimized with the Yoast SEO plugin v24.5 - https:\/\/yoast.com\/wordpress\/plugins\/seo\/ -->\n<title>xPEEK147-Black Resin 1.5kg for XiP and XiPPro - MEXA3D - Industrielle NEXA 3D-Drucker<\/title>\n<meta name=\"robots\" content=\"index, follow, max-snippet:-1, max-image-preview:large, max-video-preview:-1\" \/>\n<link rel=\"canonical\" href=\"https:\/\/mexa3d.com\/en\/produkt\/xpeek147-black-resin-1-5kg-for-xip-and-xippro\/\" \/>\n<meta property=\"og:locale\" content=\"en_US\" \/>\n<meta property=\"og:type\" content=\"article\" \/>\n<meta property=\"og:title\" content=\"xPEEK147-Black Resin 1.5kg for XiP and XiPPro - MEXA3D - Industrielle NEXA 3D-Drucker\" \/>\n<meta property=\"og:description\" content=\"Color: Black Size: 1,5kg xPEEK147 is a high temperature resistant resin with HDT 230\u00b0C for tooling and molding applications. The material is characterized by good dimensional stability, good surface quality and sufficient toughness to withstand mechanical stresses caused by shaping processes. The material is temperature-resistant and ideal for toolmaking. Properties High temperature resistance High strength [&hellip;]\" \/>\n<meta property=\"og:url\" content=\"https:\/\/mexa3d.com\/en\/produkt\/xpeek147-black-resin-1-5kg-for-xip-and-xippro\/\" \/>\n<meta property=\"og:site_name\" content=\"MEXA3D - Industrielle NEXA 3D-Drucker\" \/>\n<meta property=\"article:modified_time\" content=\"2024-03-20T09:22:55+00:00\" \/>\n<meta property=\"og:image\" content=\"https:\/\/mexa3d.com\/wp-content\/uploads\/2023\/12\/xpeek147-black-1.5-kg-part_576x.webp\" \/>\n\t<meta property=\"og:image:width\" content=\"576\" \/>\n\t<meta property=\"og:image:height\" content=\"576\" \/>\n\t<meta property=\"og:image:type\" content=\"image\/webp\" \/>\n<meta name=\"twitter:card\" content=\"summary_large_image\" \/>\n<script type=\"application\/ld+json\" class=\"yoast-schema-graph\">{\"@context\":\"https:\/\/schema.org\",\"@graph\":[{\"@type\":\"WebPage\",\"@id\":\"https:\/\/mexa3d.com\/en\/produkt\/xpeek147-black-resin-1-5kg-for-xip-and-xippro\/\",\"url\":\"https:\/\/mexa3d.com\/en\/produkt\/xpeek147-black-resin-1-5kg-for-xip-and-xippro\/\",\"name\":\"xPEEK147-Black Resin 1.5kg for XiP and XiPPro - MEXA3D - Industrielle NEXA 3D-Drucker\",\"isPartOf\":{\"@id\":\"https:\/\/mexa3d.com\/#website\"},\"primaryImageOfPage\":{\"@id\":\"https:\/\/mexa3d.com\/en\/produkt\/xpeek147-black-resin-1-5kg-for-xip-and-xippro\/#primaryimage\"},\"image\":{\"@id\":\"https:\/\/mexa3d.com\/en\/produkt\/xpeek147-black-resin-1-5kg-for-xip-and-xippro\/#primaryimage\"},\"thumbnailUrl\":\"https:\/\/mexa3d.com\/wp-content\/uploads\/2023\/12\/xpeek147-black-1.5-kg-part_576x.webp\",\"datePublished\":\"2023-12-04T13:56:23+00:00\",\"dateModified\":\"2024-03-20T09:22:55+00:00\",\"breadcrumb\":{\"@id\":\"https:\/\/mexa3d.com\/en\/produkt\/xpeek147-black-resin-1-5kg-for-xip-and-xippro\/#breadcrumb\"},\"inLanguage\":\"en-US\",\"potentialAction\":[{\"@type\":\"ReadAction\",\"target\":[\"https:\/\/mexa3d.com\/en\/produkt\/xpeek147-black-resin-1-5kg-for-xip-and-xippro\/\"]}]},{\"@type\":\"ImageObject\",\"inLanguage\":\"en-US\",\"@id\":\"https:\/\/mexa3d.com\/en\/produkt\/xpeek147-black-resin-1-5kg-for-xip-and-xippro\/#primaryimage\",\"url\":\"https:\/\/mexa3d.com\/wp-content\/uploads\/2023\/12\/xpeek147-black-1.5-kg-part_576x.webp\",\"contentUrl\":\"https:\/\/mexa3d.com\/wp-content\/uploads\/2023\/12\/xpeek147-black-1.5-kg-part_576x.webp\",\"width\":576,\"height\":576},{\"@type\":\"BreadcrumbList\",\"@id\":\"https:\/\/mexa3d.com\/en\/produkt\/xpeek147-black-resin-1-5kg-for-xip-and-xippro\/#breadcrumb\",\"itemListElement\":[{\"@type\":\"ListItem\",\"position\":1,\"name\":\"Startseite\",\"item\":\"https:\/\/mexa3d.com\/en\/\"},{\"@type\":\"ListItem\",\"position\":2,\"name\":\"Store\",\"item\":\"https:\/\/mexa3d.com\/en\/store\/\"},{\"@type\":\"ListItem\",\"position\":3,\"name\":\"xPEEK147-Black Resin 1.5kg for XiP and XiPPro\"}]},{\"@type\":\"WebSite\",\"@id\":\"https:\/\/mexa3d.com\/#website\",\"url\":\"https:\/\/mexa3d.com\/\",\"name\":\"MEXA3D - Industrielle NEXA 3D-Drucker\",\"description\":\"Ultraschnelle, industrielle Harz 3D-Drucker f\u00fcr un\u00fcbertroffene Produktivit\u00e4tsraten\",\"publisher\":{\"@id\":\"https:\/\/mexa3d.com\/#organization\"},\"potentialAction\":[{\"@type\":\"SearchAction\",\"target\":{\"@type\":\"EntryPoint\",\"urlTemplate\":\"https:\/\/mexa3d.com\/?s={search_term_string}\"},\"query-input\":{\"@type\":\"PropertyValueSpecification\",\"valueRequired\":true,\"valueName\":\"search_term_string\"}}],\"inLanguage\":\"en-US\"},{\"@type\":\"Organization\",\"@id\":\"https:\/\/mexa3d.com\/#organization\",\"name\":\"MEXA3D - Industrielle NEXA 3D-Drucker\",\"url\":\"https:\/\/mexa3d.com\/\",\"logo\":{\"@type\":\"ImageObject\",\"inLanguage\":\"en-US\",\"@id\":\"https:\/\/mexa3d.com\/#\/schema\/logo\/image\/\",\"url\":\"https:\/\/mexa3d.com\/wp-content\/uploads\/2023\/10\/Mexa3D_Logo_2_b.png\",\"contentUrl\":\"https:\/\/mexa3d.com\/wp-content\/uploads\/2023\/10\/Mexa3D_Logo_2_b.png\",\"width\":527,\"height\":208,\"caption\":\"MEXA3D - Industrielle NEXA 3D-Drucker\"},\"image\":{\"@id\":\"https:\/\/mexa3d.com\/#\/schema\/logo\/image\/\"},\"sameAs\":[\"https:\/\/www.linkedin.com\/company\/99502753\/\",\"https:\/\/www.instagram.com\/mexa3dnexa\/\"]}]}<\/script>\n<!-- \/ Yoast SEO plugin. -->","yoast_head_json":{"title":"xPEEK147-Black Resin 1.5kg for XiP and XiPPro - MEXA3D - Industrielle NEXA 3D-Drucker","robots":{"index":"index","follow":"follow","max-snippet":"max-snippet:-1","max-image-preview":"max-image-preview:large","max-video-preview":"max-video-preview:-1"},"canonical":"https:\/\/mexa3d.com\/en\/produkt\/xpeek147-black-resin-1-5kg-for-xip-and-xippro\/","og_locale":"en_US","og_type":"article","og_title":"xPEEK147-Black Resin 1.5kg for XiP and XiPPro - MEXA3D - Industrielle NEXA 3D-Drucker","og_description":"Color: Black Size: 1,5kg xPEEK147 is a high temperature resistant resin with HDT 230\u00b0C for tooling and molding applications. The material is characterized by good dimensional stability, good surface quality and sufficient toughness to withstand mechanical stresses caused by shaping processes. The material is temperature-resistant and ideal for toolmaking. Properties High temperature resistance High strength [&hellip;]","og_url":"https:\/\/mexa3d.com\/en\/produkt\/xpeek147-black-resin-1-5kg-for-xip-and-xippro\/","og_site_name":"MEXA3D - Industrielle NEXA 3D-Drucker","article_modified_time":"2024-03-20T09:22:55+00:00","og_image":[{"width":576,"height":576,"url":"https:\/\/mexa3d.com\/wp-content\/uploads\/2023\/12\/xpeek147-black-1.5-kg-part_576x.webp","type":"image\/webp"}],"twitter_card":"summary_large_image","schema":{"@context":"https:\/\/schema.org","@graph":[{"@type":"WebPage","@id":"https:\/\/mexa3d.com\/en\/produkt\/xpeek147-black-resin-1-5kg-for-xip-and-xippro\/","url":"https:\/\/mexa3d.com\/en\/produkt\/xpeek147-black-resin-1-5kg-for-xip-and-xippro\/","name":"xPEEK147-Black Resin 1.5kg for XiP and XiPPro - MEXA3D - Industrielle NEXA 3D-Drucker","isPartOf":{"@id":"https:\/\/mexa3d.com\/#website"},"primaryImageOfPage":{"@id":"https:\/\/mexa3d.com\/en\/produkt\/xpeek147-black-resin-1-5kg-for-xip-and-xippro\/#primaryimage"},"image":{"@id":"https:\/\/mexa3d.com\/en\/produkt\/xpeek147-black-resin-1-5kg-for-xip-and-xippro\/#primaryimage"},"thumbnailUrl":"https:\/\/mexa3d.com\/wp-content\/uploads\/2023\/12\/xpeek147-black-1.5-kg-part_576x.webp","datePublished":"2023-12-04T13:56:23+00:00","dateModified":"2024-03-20T09:22:55+00:00","breadcrumb":{"@id":"https:\/\/mexa3d.com\/en\/produkt\/xpeek147-black-resin-1-5kg-for-xip-and-xippro\/#breadcrumb"},"inLanguage":"en-US","potentialAction":[{"@type":"ReadAction","target":["https:\/\/mexa3d.com\/en\/produkt\/xpeek147-black-resin-1-5kg-for-xip-and-xippro\/"]}]},{"@type":"ImageObject","inLanguage":"en-US","@id":"https:\/\/mexa3d.com\/en\/produkt\/xpeek147-black-resin-1-5kg-for-xip-and-xippro\/#primaryimage","url":"https:\/\/mexa3d.com\/wp-content\/uploads\/2023\/12\/xpeek147-black-1.5-kg-part_576x.webp","contentUrl":"https:\/\/mexa3d.com\/wp-content\/uploads\/2023\/12\/xpeek147-black-1.5-kg-part_576x.webp","width":576,"height":576},{"@type":"BreadcrumbList","@id":"https:\/\/mexa3d.com\/en\/produkt\/xpeek147-black-resin-1-5kg-for-xip-and-xippro\/#breadcrumb","itemListElement":[{"@type":"ListItem","position":1,"name":"Startseite","item":"https:\/\/mexa3d.com\/en\/"},{"@type":"ListItem","position":2,"name":"Store","item":"https:\/\/mexa3d.com\/en\/store\/"},{"@type":"ListItem","position":3,"name":"xPEEK147-Black Resin 1.5kg for XiP and XiPPro"}]},{"@type":"WebSite","@id":"https:\/\/mexa3d.com\/#website","url":"https:\/\/mexa3d.com\/","name":"MEXA3D - Industrielle NEXA 3D-Drucker","description":"Ultraschnelle, industrielle Harz 3D-Drucker f\u00fcr un\u00fcbertroffene Produktivit\u00e4tsraten","publisher":{"@id":"https:\/\/mexa3d.com\/#organization"},"potentialAction":[{"@type":"SearchAction","target":{"@type":"EntryPoint","urlTemplate":"https:\/\/mexa3d.com\/?s={search_term_string}"},"query-input":{"@type":"PropertyValueSpecification","valueRequired":true,"valueName":"search_term_string"}}],"inLanguage":"en-US"},{"@type":"Organization","@id":"https:\/\/mexa3d.com\/#organization","name":"MEXA3D - Industrielle NEXA 3D-Drucker","url":"https:\/\/mexa3d.com\/","logo":{"@type":"ImageObject","inLanguage":"en-US","@id":"https:\/\/mexa3d.com\/#\/schema\/logo\/image\/","url":"https:\/\/mexa3d.com\/wp-content\/uploads\/2023\/10\/Mexa3D_Logo_2_b.png","contentUrl":"https:\/\/mexa3d.com\/wp-content\/uploads\/2023\/10\/Mexa3D_Logo_2_b.png","width":527,"height":208,"caption":"MEXA3D - Industrielle NEXA 3D-Drucker"},"image":{"@id":"https:\/\/mexa3d.com\/#\/schema\/logo\/image\/"},"sameAs":["https:\/\/www.linkedin.com\/company\/99502753\/","https:\/\/www.instagram.com\/mexa3dnexa\/"]}]}},"jetpack_sharing_enabled":true,"_links":{"self":[{"href":"https:\/\/mexa3d.com\/en\/wp-json\/wp\/v2\/product\/5427","targetHints":{"allow":["GET"]}}],"collection":[{"href":"https:\/\/mexa3d.com\/en\/wp-json\/wp\/v2\/product"}],"about":[{"href":"https:\/\/mexa3d.com\/en\/wp-json\/wp\/v2\/types\/product"}],"replies":[{"embeddable":true,"href":"https:\/\/mexa3d.com\/en\/wp-json\/wp\/v2\/comments?post=5427"}],"wp:featuredmedia":[{"embeddable":true,"href":"https:\/\/mexa3d.com\/en\/wp-json\/wp\/v2\/media\/4043"}],"wp:attachment":[{"href":"https:\/\/mexa3d.com\/en\/wp-json\/wp\/v2\/media?parent=5427"}],"wp:term":[{"taxonomy":"product_brand","embeddable":true,"href":"https:\/\/mexa3d.com\/en\/wp-json\/wp\/v2\/product_brand?post=5427"},{"taxonomy":"product_cat","embeddable":true,"href":"https:\/\/mexa3d.com\/en\/wp-json\/wp\/v2\/product_cat?post=5427"},{"taxonomy":"product_tag","embeddable":true,"href":"https:\/\/mexa3d.com\/en\/wp-json\/wp\/v2\/product_tag?post=5427"}],"curies":[{"name":"wp","href":"https:\/\/api.w.org\/{rel}","templated":true}]}}