{"id":5429,"date":"2023-12-05T12:43:55","date_gmt":"2023-12-05T11:43:55","guid":{"rendered":"https:\/\/mexa3d.com\/produkt\/washcure\/"},"modified":"2024-03-20T10:04:06","modified_gmt":"2024-03-20T09:04:06","slug":"washcure","status":"publish","type":"product","link":"https:\/\/mexa3d.com\/en\/produkt\/washcure\/","title":{"rendered":"Wash+Cure"},"content":{"rendered":"<p>The Wash+Cure is designed for washing and post-curing parts printed with the XiP printer. It is an automated all-in-one post-processing system.<\/p>\n<p>Washing:<br \/>\nWith a washing bucket with sealed lid and a basket for holding the XiP building board or loose parts<br \/>\nMagnetic stirrers ensure even cleaning with xCLEAN or isopropanol<br \/>\nCapacity: 5.5 L<br \/>\nCuring:<\/p>\n<p>Powerful 405 nm LED tower with rotatable base<br \/>\nHood with internal reflectors for additional curing performance<br \/>\nValidated curing performance of material partners<br \/>\n[NOTE: The bucket included in the toolkit is the same as the Wash+Cure bucket. If you buy the Wash+Cure, you will then have two buckets to enable a two-stage wash].<\/p>\n","protected":false},"excerpt":{"rendered":"<p>The Wash+Cure is designed for washing and post-curing parts printed with the XiP printer. It is an automated all-in-one post-processing system. Washing: With a washing bucket with sealed lid and a basket for holding the XiP building board or loose parts Magnetic stirrers ensure even cleaning with xCLEAN or isopropanol Capacity: 5.5 L Curing: Powerful [&hellip;]<\/p>\n","protected":false},"featured_media":4277,"comment_status":"open","ping_status":"closed","template":"","meta":[],"product_brand":[],"product_cat":[97],"product_tag":[],"class_list":{"0":"post-5429","1":"product","2":"type-product","3":"status-publish","4":"has-post-thumbnail","6":"product_cat-parts-and-accessories","7":"product_shipping_class-insured-shipping","9":"first","10":"instock","11":"taxable","12":"shipping-taxable","13":"purchasable","14":"product-type-simple"},"yoast_head":"<!-- This site is optimized with the Yoast SEO plugin v24.5 - https:\/\/yoast.com\/wordpress\/plugins\/seo\/ -->\n<title>Wash+Cure - MEXA3D - Industrielle NEXA 3D-Drucker<\/title>\n<meta name=\"robots\" content=\"index, follow, max-snippet:-1, max-image-preview:large, max-video-preview:-1\" \/>\n<link rel=\"canonical\" href=\"https:\/\/mexa3d.com\/en\/produkt\/washcure\/\" \/>\n<meta property=\"og:locale\" content=\"en_US\" \/>\n<meta property=\"og:type\" content=\"article\" \/>\n<meta property=\"og:title\" content=\"Wash+Cure - MEXA3D - Industrielle NEXA 3D-Drucker\" \/>\n<meta property=\"og:description\" content=\"The Wash+Cure is designed for washing and post-curing parts printed with the XiP printer. It is an automated all-in-one post-processing system. Washing: With a washing bucket with sealed lid and a basket for holding the XiP building board or loose parts Magnetic stirrers ensure even cleaning with xCLEAN or isopropanol Capacity: 5.5 L Curing: Powerful [&hellip;]\" \/>\n<meta property=\"og:url\" content=\"https:\/\/mexa3d.com\/en\/produkt\/washcure\/\" \/>\n<meta property=\"og:site_name\" content=\"MEXA3D - Industrielle NEXA 3D-Drucker\" \/>\n<meta property=\"article:modified_time\" content=\"2024-03-20T09:04:06+00:00\" \/>\n<meta property=\"og:image\" content=\"https:\/\/mexa3d.com\/wp-content\/uploads\/2023\/12\/WashCure-e1701780899818.png\" \/>\n\t<meta property=\"og:image:width\" content=\"886\" \/>\n\t<meta property=\"og:image:height\" content=\"810\" \/>\n\t<meta property=\"og:image:type\" content=\"image\/png\" \/>\n<meta name=\"twitter:card\" content=\"summary_large_image\" \/>\n<meta name=\"twitter:label1\" content=\"Est. reading time\" \/>\n\t<meta name=\"twitter:data1\" content=\"1 minute\" \/>\n<script type=\"application\/ld+json\" class=\"yoast-schema-graph\">{\"@context\":\"https:\/\/schema.org\",\"@graph\":[{\"@type\":\"WebPage\",\"@id\":\"https:\/\/mexa3d.com\/en\/produkt\/washcure\/\",\"url\":\"https:\/\/mexa3d.com\/en\/produkt\/washcure\/\",\"name\":\"Wash+Cure - MEXA3D - Industrielle NEXA 3D-Drucker\",\"isPartOf\":{\"@id\":\"https:\/\/mexa3d.com\/#website\"},\"primaryImageOfPage\":{\"@id\":\"https:\/\/mexa3d.com\/en\/produkt\/washcure\/#primaryimage\"},\"image\":{\"@id\":\"https:\/\/mexa3d.com\/en\/produkt\/washcure\/#primaryimage\"},\"thumbnailUrl\":\"https:\/\/mexa3d.com\/wp-content\/uploads\/2023\/12\/WashCure-e1701780899818.png\",\"datePublished\":\"2023-12-05T11:43:55+00:00\",\"dateModified\":\"2024-03-20T09:04:06+00:00\",\"breadcrumb\":{\"@id\":\"https:\/\/mexa3d.com\/en\/produkt\/washcure\/#breadcrumb\"},\"inLanguage\":\"en-US\",\"potentialAction\":[{\"@type\":\"ReadAction\",\"target\":[\"https:\/\/mexa3d.com\/en\/produkt\/washcure\/\"]}]},{\"@type\":\"ImageObject\",\"inLanguage\":\"en-US\",\"@id\":\"https:\/\/mexa3d.com\/en\/produkt\/washcure\/#primaryimage\",\"url\":\"https:\/\/mexa3d.com\/wp-content\/uploads\/2023\/12\/WashCure-e1701780899818.png\",\"contentUrl\":\"https:\/\/mexa3d.com\/wp-content\/uploads\/2023\/12\/WashCure-e1701780899818.png\",\"width\":886,\"height\":810},{\"@type\":\"BreadcrumbList\",\"@id\":\"https:\/\/mexa3d.com\/en\/produkt\/washcure\/#breadcrumb\",\"itemListElement\":[{\"@type\":\"ListItem\",\"position\":1,\"name\":\"Startseite\",\"item\":\"https:\/\/mexa3d.com\/en\/\"},{\"@type\":\"ListItem\",\"position\":2,\"name\":\"Store\",\"item\":\"https:\/\/mexa3d.com\/en\/store\/\"},{\"@type\":\"ListItem\",\"position\":3,\"name\":\"Wash+Cure\"}]},{\"@type\":\"WebSite\",\"@id\":\"https:\/\/mexa3d.com\/#website\",\"url\":\"https:\/\/mexa3d.com\/\",\"name\":\"MEXA3D - Industrielle NEXA 3D-Drucker\",\"description\":\"Ultraschnelle, industrielle Harz 3D-Drucker f\u00fcr un\u00fcbertroffene Produktivit\u00e4tsraten\",\"publisher\":{\"@id\":\"https:\/\/mexa3d.com\/#organization\"},\"potentialAction\":[{\"@type\":\"SearchAction\",\"target\":{\"@type\":\"EntryPoint\",\"urlTemplate\":\"https:\/\/mexa3d.com\/?s={search_term_string}\"},\"query-input\":{\"@type\":\"PropertyValueSpecification\",\"valueRequired\":true,\"valueName\":\"search_term_string\"}}],\"inLanguage\":\"en-US\"},{\"@type\":\"Organization\",\"@id\":\"https:\/\/mexa3d.com\/#organization\",\"name\":\"MEXA3D - Industrielle NEXA 3D-Drucker\",\"url\":\"https:\/\/mexa3d.com\/\",\"logo\":{\"@type\":\"ImageObject\",\"inLanguage\":\"en-US\",\"@id\":\"https:\/\/mexa3d.com\/#\/schema\/logo\/image\/\",\"url\":\"https:\/\/mexa3d.com\/wp-content\/uploads\/2023\/10\/Mexa3D_Logo_2_b.png\",\"contentUrl\":\"https:\/\/mexa3d.com\/wp-content\/uploads\/2023\/10\/Mexa3D_Logo_2_b.png\",\"width\":527,\"height\":208,\"caption\":\"MEXA3D - Industrielle NEXA 3D-Drucker\"},\"image\":{\"@id\":\"https:\/\/mexa3d.com\/#\/schema\/logo\/image\/\"},\"sameAs\":[\"https:\/\/www.linkedin.com\/company\/99502753\/\",\"https:\/\/www.instagram.com\/mexa3dnexa\/\"]}]}<\/script>\n<!-- \/ Yoast SEO plugin. -->","yoast_head_json":{"title":"Wash+Cure - MEXA3D - Industrielle NEXA 3D-Drucker","robots":{"index":"index","follow":"follow","max-snippet":"max-snippet:-1","max-image-preview":"max-image-preview:large","max-video-preview":"max-video-preview:-1"},"canonical":"https:\/\/mexa3d.com\/en\/produkt\/washcure\/","og_locale":"en_US","og_type":"article","og_title":"Wash+Cure - MEXA3D - Industrielle NEXA 3D-Drucker","og_description":"The Wash+Cure is designed for washing and post-curing parts printed with the XiP printer. It is an automated all-in-one post-processing system. Washing: With a washing bucket with sealed lid and a basket for holding the XiP building board or loose parts Magnetic stirrers ensure even cleaning with xCLEAN or isopropanol Capacity: 5.5 L Curing: Powerful [&hellip;]","og_url":"https:\/\/mexa3d.com\/en\/produkt\/washcure\/","og_site_name":"MEXA3D - Industrielle NEXA 3D-Drucker","article_modified_time":"2024-03-20T09:04:06+00:00","og_image":[{"width":886,"height":810,"url":"https:\/\/mexa3d.com\/wp-content\/uploads\/2023\/12\/WashCure-e1701780899818.png","type":"image\/png"}],"twitter_card":"summary_large_image","twitter_misc":{"Est. reading time":"1 minute"},"schema":{"@context":"https:\/\/schema.org","@graph":[{"@type":"WebPage","@id":"https:\/\/mexa3d.com\/en\/produkt\/washcure\/","url":"https:\/\/mexa3d.com\/en\/produkt\/washcure\/","name":"Wash+Cure - MEXA3D - Industrielle NEXA 3D-Drucker","isPartOf":{"@id":"https:\/\/mexa3d.com\/#website"},"primaryImageOfPage":{"@id":"https:\/\/mexa3d.com\/en\/produkt\/washcure\/#primaryimage"},"image":{"@id":"https:\/\/mexa3d.com\/en\/produkt\/washcure\/#primaryimage"},"thumbnailUrl":"https:\/\/mexa3d.com\/wp-content\/uploads\/2023\/12\/WashCure-e1701780899818.png","datePublished":"2023-12-05T11:43:55+00:00","dateModified":"2024-03-20T09:04:06+00:00","breadcrumb":{"@id":"https:\/\/mexa3d.com\/en\/produkt\/washcure\/#breadcrumb"},"inLanguage":"en-US","potentialAction":[{"@type":"ReadAction","target":["https:\/\/mexa3d.com\/en\/produkt\/washcure\/"]}]},{"@type":"ImageObject","inLanguage":"en-US","@id":"https:\/\/mexa3d.com\/en\/produkt\/washcure\/#primaryimage","url":"https:\/\/mexa3d.com\/wp-content\/uploads\/2023\/12\/WashCure-e1701780899818.png","contentUrl":"https:\/\/mexa3d.com\/wp-content\/uploads\/2023\/12\/WashCure-e1701780899818.png","width":886,"height":810},{"@type":"BreadcrumbList","@id":"https:\/\/mexa3d.com\/en\/produkt\/washcure\/#breadcrumb","itemListElement":[{"@type":"ListItem","position":1,"name":"Startseite","item":"https:\/\/mexa3d.com\/en\/"},{"@type":"ListItem","position":2,"name":"Store","item":"https:\/\/mexa3d.com\/en\/store\/"},{"@type":"ListItem","position":3,"name":"Wash+Cure"}]},{"@type":"WebSite","@id":"https:\/\/mexa3d.com\/#website","url":"https:\/\/mexa3d.com\/","name":"MEXA3D - Industrielle NEXA 3D-Drucker","description":"Ultraschnelle, industrielle Harz 3D-Drucker f\u00fcr un\u00fcbertroffene Produktivit\u00e4tsraten","publisher":{"@id":"https:\/\/mexa3d.com\/#organization"},"potentialAction":[{"@type":"SearchAction","target":{"@type":"EntryPoint","urlTemplate":"https:\/\/mexa3d.com\/?s={search_term_string}"},"query-input":{"@type":"PropertyValueSpecification","valueRequired":true,"valueName":"search_term_string"}}],"inLanguage":"en-US"},{"@type":"Organization","@id":"https:\/\/mexa3d.com\/#organization","name":"MEXA3D - Industrielle NEXA 3D-Drucker","url":"https:\/\/mexa3d.com\/","logo":{"@type":"ImageObject","inLanguage":"en-US","@id":"https:\/\/mexa3d.com\/#\/schema\/logo\/image\/","url":"https:\/\/mexa3d.com\/wp-content\/uploads\/2023\/10\/Mexa3D_Logo_2_b.png","contentUrl":"https:\/\/mexa3d.com\/wp-content\/uploads\/2023\/10\/Mexa3D_Logo_2_b.png","width":527,"height":208,"caption":"MEXA3D - Industrielle NEXA 3D-Drucker"},"image":{"@id":"https:\/\/mexa3d.com\/#\/schema\/logo\/image\/"},"sameAs":["https:\/\/www.linkedin.com\/company\/99502753\/","https:\/\/www.instagram.com\/mexa3dnexa\/"]}]}},"jetpack_sharing_enabled":true,"_links":{"self":[{"href":"https:\/\/mexa3d.com\/en\/wp-json\/wp\/v2\/product\/5429","targetHints":{"allow":["GET"]}}],"collection":[{"href":"https:\/\/mexa3d.com\/en\/wp-json\/wp\/v2\/product"}],"about":[{"href":"https:\/\/mexa3d.com\/en\/wp-json\/wp\/v2\/types\/product"}],"replies":[{"embeddable":true,"href":"https:\/\/mexa3d.com\/en\/wp-json\/wp\/v2\/comments?post=5429"}],"wp:featuredmedia":[{"embeddable":true,"href":"https:\/\/mexa3d.com\/en\/wp-json\/wp\/v2\/media\/4277"}],"wp:attachment":[{"href":"https:\/\/mexa3d.com\/en\/wp-json\/wp\/v2\/media?parent=5429"}],"wp:term":[{"taxonomy":"product_brand","embeddable":true,"href":"https:\/\/mexa3d.com\/en\/wp-json\/wp\/v2\/product_brand?post=5429"},{"taxonomy":"product_cat","embeddable":true,"href":"https:\/\/mexa3d.com\/en\/wp-json\/wp\/v2\/product_cat?post=5429"},{"taxonomy":"product_tag","embeddable":true,"href":"https:\/\/mexa3d.com\/en\/wp-json\/wp\/v2\/product_tag?post=5429"}],"curies":[{"name":"wp","href":"https:\/\/api.w.org\/{rel}","templated":true}]}}