{"id":5430,"date":"2023-12-05T11:27:51","date_gmt":"2023-12-05T10:27:51","guid":{"rendered":"https:\/\/mexa3d.com\/produkt\/xip-desktop-resin-printer\/"},"modified":"2024-03-20T10:05:49","modified_gmt":"2024-03-20T09:05:49","slug":"xip-desktop-resin-printer","status":"publish","type":"product","link":"https:\/\/mexa3d.com\/en\/produkt\/xip-desktop-resin-printer\/","title":{"rendered":"XIP Desktop Resin Printer"},"content":{"rendered":"<p>The XiP, an ultra-fast desktop 3D printer for plastics, combines a small, compact footprint with a build volume of 4.8 liters. This enables users to create prototypes and production-ready components for engineering, dentistry, medicine, education and other industries. The XiP mSLA 3D printer has an open material platform that offers flexibility and easy material access. It is compatible with a range of general purpose and elastomeric materials as well as polypropylene-like and PEEK-like resins.<\/p>\n<p>&#8220;Thanks to XiP&#8217;s large build volume, fast print speed and easier post-processing, I can iterate faster and validate new designs in hours rather than days.&#8221;<\/p>\n<p>Paul Cilino, Mechanical Design Engineer and Owner of MotoCilino, LLC<\/p>\n<p>&nbsp;<\/p>\n<\/p>\n<div class=\"table-1\">\n<table width=\"100%\">\n<thead>\n<tr>\n<th align=\"left\">Large construction volume<\/th>\n<th align=\"left\">X: 195mm, Y: 115mm, Z: 210mm<\/p>\n<p>4.8 liter print volume<\/th>\n<\/tr>\n<\/thead>\n<tbody>\n<tr>\n<th align=\"left\">High resolution<\/th>\n<th align=\"left\">4K monochrome 9.3&#8243; LCD<\/th>\n<\/tr>\n<tr>\n<th align=\"left\">Pixel size<\/th>\n<th align=\"left\">52 \u00b5m<\/th>\n<\/tr>\n<tr>\n<th align=\"left\">Layer height<\/th>\n<th align=\"left\">50 \u00b5m \/ 100 \u00b5m \/ 200 \u00b5m<\/th>\n<\/tr>\n<tr>\n<th align=\"left\">Hardware<\/th>\n<th align=\"left\">Billet aluminum housing<br \/>\n420 mm (16.5&#8243;) W x 350 mm (14&#8243;) D x 530 mm (21&#8243;) H<br \/>\nRigid parallel linear rails, precision ball screw Z-axis<br \/>\nInput: 100-240Vac, 50\/60Hz<br \/>\nEthernet\/USB\/Wi-Fi connection options<br \/>\n5.5&#8243; color LCD touchscreen display<\/th>\n<\/tr>\n<tr>\n<th align=\"left\">Materials<\/th>\n<th align=\"left\">Our growing network of material suppliers, including Henkel, BASF and Keystone, combined with our own specialty resins, opens up great potential for a wide range of applications:<br \/>\nRapid prototyping: general applications, design<br \/>\nDentistry: model, surgical template, splint, tray<br \/>\nIndustrial: Various elastomers with high modulus, tough, durable, high HDT, elastomer<br \/>\nMedical: biocompatible, durable<\/th>\n<\/tr>\n<\/tbody>\n<\/table>\n<\/div>\n<p>\n","protected":false},"excerpt":{"rendered":"<p>The XiP, an ultra-fast desktop 3D printer for plastics, combines a small, compact footprint with a build volume of 4.8 liters. This enables users to create prototypes and production-ready components for engineering, dentistry, medicine, education and other industries. The XiP mSLA 3D printer has an open material platform that offers flexibility and easy material access. [&hellip;]<\/p>\n","protected":false},"featured_media":4208,"comment_status":"open","ping_status":"closed","template":"","meta":[],"product_brand":[],"product_cat":[98],"product_tag":[],"class_list":{"0":"post-5430","1":"product","2":"type-product","3":"status-publish","4":"has-post-thumbnail","6":"product_cat-nexa3d-xip-desktop-3d-printer","7":"product_shipping_class-insured-shipping","9":"first","10":"instock","11":"taxable","12":"shipping-taxable","13":"purchasable","14":"product-type-simple"},"yoast_head":"<!-- This site is optimized with the Yoast SEO plugin v24.5 - https:\/\/yoast.com\/wordpress\/plugins\/seo\/ -->\n<title>XIP Desktop Resin Printer - MEXA3D - Industrielle NEXA 3D-Drucker<\/title>\n<meta name=\"robots\" content=\"index, follow, max-snippet:-1, max-image-preview:large, max-video-preview:-1\" \/>\n<link rel=\"canonical\" href=\"https:\/\/mexa3d.com\/en\/produkt\/xip-desktop-resin-printer\/\" \/>\n<meta property=\"og:locale\" content=\"en_US\" \/>\n<meta property=\"og:type\" content=\"article\" \/>\n<meta property=\"og:title\" content=\"XIP Desktop Resin Printer - MEXA3D - Industrielle NEXA 3D-Drucker\" \/>\n<meta property=\"og:description\" content=\"The XiP, an ultra-fast desktop 3D printer for plastics, combines a small, compact footprint with a build volume of 4.8 liters. This enables users to create prototypes and production-ready components for engineering, dentistry, medicine, education and other industries. The XiP mSLA 3D printer has an open material platform that offers flexibility and easy material access. [&hellip;]\" \/>\n<meta property=\"og:url\" content=\"https:\/\/mexa3d.com\/en\/produkt\/xip-desktop-resin-printer\/\" \/>\n<meta property=\"og:site_name\" content=\"MEXA3D - Industrielle NEXA 3D-Drucker\" \/>\n<meta property=\"article:modified_time\" content=\"2024-03-20T09:05:49+00:00\" \/>\n<meta property=\"og:image\" content=\"https:\/\/mexa3d.com\/wp-content\/uploads\/2023\/12\/XiP-3d-printer-right-view_800x.webp\" \/>\n\t<meta property=\"og:image:width\" content=\"800\" \/>\n\t<meta property=\"og:image:height\" content=\"645\" \/>\n\t<meta property=\"og:image:type\" content=\"image\/webp\" \/>\n<meta name=\"twitter:card\" content=\"summary_large_image\" \/>\n<meta name=\"twitter:label1\" content=\"Est. reading time\" \/>\n\t<meta name=\"twitter:data1\" content=\"1 minute\" \/>\n<script type=\"application\/ld+json\" class=\"yoast-schema-graph\">{\"@context\":\"https:\/\/schema.org\",\"@graph\":[{\"@type\":\"WebPage\",\"@id\":\"https:\/\/mexa3d.com\/en\/produkt\/xip-desktop-resin-printer\/\",\"url\":\"https:\/\/mexa3d.com\/en\/produkt\/xip-desktop-resin-printer\/\",\"name\":\"XIP Desktop Resin Printer - MEXA3D - Industrielle NEXA 3D-Drucker\",\"isPartOf\":{\"@id\":\"https:\/\/mexa3d.com\/#website\"},\"primaryImageOfPage\":{\"@id\":\"https:\/\/mexa3d.com\/en\/produkt\/xip-desktop-resin-printer\/#primaryimage\"},\"image\":{\"@id\":\"https:\/\/mexa3d.com\/en\/produkt\/xip-desktop-resin-printer\/#primaryimage\"},\"thumbnailUrl\":\"https:\/\/mexa3d.com\/wp-content\/uploads\/2023\/12\/XiP-3d-printer-right-view_800x.webp\",\"datePublished\":\"2023-12-05T10:27:51+00:00\",\"dateModified\":\"2024-03-20T09:05:49+00:00\",\"breadcrumb\":{\"@id\":\"https:\/\/mexa3d.com\/en\/produkt\/xip-desktop-resin-printer\/#breadcrumb\"},\"inLanguage\":\"en-US\",\"potentialAction\":[{\"@type\":\"ReadAction\",\"target\":[\"https:\/\/mexa3d.com\/en\/produkt\/xip-desktop-resin-printer\/\"]}]},{\"@type\":\"ImageObject\",\"inLanguage\":\"en-US\",\"@id\":\"https:\/\/mexa3d.com\/en\/produkt\/xip-desktop-resin-printer\/#primaryimage\",\"url\":\"https:\/\/mexa3d.com\/wp-content\/uploads\/2023\/12\/XiP-3d-printer-right-view_800x.webp\",\"contentUrl\":\"https:\/\/mexa3d.com\/wp-content\/uploads\/2023\/12\/XiP-3d-printer-right-view_800x.webp\",\"width\":800,\"height\":645},{\"@type\":\"BreadcrumbList\",\"@id\":\"https:\/\/mexa3d.com\/en\/produkt\/xip-desktop-resin-printer\/#breadcrumb\",\"itemListElement\":[{\"@type\":\"ListItem\",\"position\":1,\"name\":\"Startseite\",\"item\":\"https:\/\/mexa3d.com\/en\/\"},{\"@type\":\"ListItem\",\"position\":2,\"name\":\"Store\",\"item\":\"https:\/\/mexa3d.com\/en\/store\/\"},{\"@type\":\"ListItem\",\"position\":3,\"name\":\"XIP Desktop Resin Printer\"}]},{\"@type\":\"WebSite\",\"@id\":\"https:\/\/mexa3d.com\/#website\",\"url\":\"https:\/\/mexa3d.com\/\",\"name\":\"MEXA3D - Industrielle NEXA 3D-Drucker\",\"description\":\"Ultraschnelle, industrielle Harz 3D-Drucker f\u00fcr un\u00fcbertroffene Produktivit\u00e4tsraten\",\"publisher\":{\"@id\":\"https:\/\/mexa3d.com\/#organization\"},\"potentialAction\":[{\"@type\":\"SearchAction\",\"target\":{\"@type\":\"EntryPoint\",\"urlTemplate\":\"https:\/\/mexa3d.com\/?s={search_term_string}\"},\"query-input\":{\"@type\":\"PropertyValueSpecification\",\"valueRequired\":true,\"valueName\":\"search_term_string\"}}],\"inLanguage\":\"en-US\"},{\"@type\":\"Organization\",\"@id\":\"https:\/\/mexa3d.com\/#organization\",\"name\":\"MEXA3D - Industrielle NEXA 3D-Drucker\",\"url\":\"https:\/\/mexa3d.com\/\",\"logo\":{\"@type\":\"ImageObject\",\"inLanguage\":\"en-US\",\"@id\":\"https:\/\/mexa3d.com\/#\/schema\/logo\/image\/\",\"url\":\"https:\/\/mexa3d.com\/wp-content\/uploads\/2023\/10\/Mexa3D_Logo_2_b.png\",\"contentUrl\":\"https:\/\/mexa3d.com\/wp-content\/uploads\/2023\/10\/Mexa3D_Logo_2_b.png\",\"width\":527,\"height\":208,\"caption\":\"MEXA3D - Industrielle NEXA 3D-Drucker\"},\"image\":{\"@id\":\"https:\/\/mexa3d.com\/#\/schema\/logo\/image\/\"},\"sameAs\":[\"https:\/\/www.linkedin.com\/company\/99502753\/\",\"https:\/\/www.instagram.com\/mexa3dnexa\/\"]}]}<\/script>\n<!-- \/ Yoast SEO plugin. -->","yoast_head_json":{"title":"XIP Desktop Resin Printer - MEXA3D - Industrielle NEXA 3D-Drucker","robots":{"index":"index","follow":"follow","max-snippet":"max-snippet:-1","max-image-preview":"max-image-preview:large","max-video-preview":"max-video-preview:-1"},"canonical":"https:\/\/mexa3d.com\/en\/produkt\/xip-desktop-resin-printer\/","og_locale":"en_US","og_type":"article","og_title":"XIP Desktop Resin Printer - MEXA3D - Industrielle NEXA 3D-Drucker","og_description":"The XiP, an ultra-fast desktop 3D printer for plastics, combines a small, compact footprint with a build volume of 4.8 liters. This enables users to create prototypes and production-ready components for engineering, dentistry, medicine, education and other industries. The XiP mSLA 3D printer has an open material platform that offers flexibility and easy material access. [&hellip;]","og_url":"https:\/\/mexa3d.com\/en\/produkt\/xip-desktop-resin-printer\/","og_site_name":"MEXA3D - Industrielle NEXA 3D-Drucker","article_modified_time":"2024-03-20T09:05:49+00:00","og_image":[{"width":800,"height":645,"url":"https:\/\/mexa3d.com\/wp-content\/uploads\/2023\/12\/XiP-3d-printer-right-view_800x.webp","type":"image\/webp"}],"twitter_card":"summary_large_image","twitter_misc":{"Est. reading time":"1 minute"},"schema":{"@context":"https:\/\/schema.org","@graph":[{"@type":"WebPage","@id":"https:\/\/mexa3d.com\/en\/produkt\/xip-desktop-resin-printer\/","url":"https:\/\/mexa3d.com\/en\/produkt\/xip-desktop-resin-printer\/","name":"XIP Desktop Resin Printer - MEXA3D - Industrielle NEXA 3D-Drucker","isPartOf":{"@id":"https:\/\/mexa3d.com\/#website"},"primaryImageOfPage":{"@id":"https:\/\/mexa3d.com\/en\/produkt\/xip-desktop-resin-printer\/#primaryimage"},"image":{"@id":"https:\/\/mexa3d.com\/en\/produkt\/xip-desktop-resin-printer\/#primaryimage"},"thumbnailUrl":"https:\/\/mexa3d.com\/wp-content\/uploads\/2023\/12\/XiP-3d-printer-right-view_800x.webp","datePublished":"2023-12-05T10:27:51+00:00","dateModified":"2024-03-20T09:05:49+00:00","breadcrumb":{"@id":"https:\/\/mexa3d.com\/en\/produkt\/xip-desktop-resin-printer\/#breadcrumb"},"inLanguage":"en-US","potentialAction":[{"@type":"ReadAction","target":["https:\/\/mexa3d.com\/en\/produkt\/xip-desktop-resin-printer\/"]}]},{"@type":"ImageObject","inLanguage":"en-US","@id":"https:\/\/mexa3d.com\/en\/produkt\/xip-desktop-resin-printer\/#primaryimage","url":"https:\/\/mexa3d.com\/wp-content\/uploads\/2023\/12\/XiP-3d-printer-right-view_800x.webp","contentUrl":"https:\/\/mexa3d.com\/wp-content\/uploads\/2023\/12\/XiP-3d-printer-right-view_800x.webp","width":800,"height":645},{"@type":"BreadcrumbList","@id":"https:\/\/mexa3d.com\/en\/produkt\/xip-desktop-resin-printer\/#breadcrumb","itemListElement":[{"@type":"ListItem","position":1,"name":"Startseite","item":"https:\/\/mexa3d.com\/en\/"},{"@type":"ListItem","position":2,"name":"Store","item":"https:\/\/mexa3d.com\/en\/store\/"},{"@type":"ListItem","position":3,"name":"XIP Desktop Resin Printer"}]},{"@type":"WebSite","@id":"https:\/\/mexa3d.com\/#website","url":"https:\/\/mexa3d.com\/","name":"MEXA3D - Industrielle NEXA 3D-Drucker","description":"Ultraschnelle, industrielle Harz 3D-Drucker f\u00fcr un\u00fcbertroffene Produktivit\u00e4tsraten","publisher":{"@id":"https:\/\/mexa3d.com\/#organization"},"potentialAction":[{"@type":"SearchAction","target":{"@type":"EntryPoint","urlTemplate":"https:\/\/mexa3d.com\/?s={search_term_string}"},"query-input":{"@type":"PropertyValueSpecification","valueRequired":true,"valueName":"search_term_string"}}],"inLanguage":"en-US"},{"@type":"Organization","@id":"https:\/\/mexa3d.com\/#organization","name":"MEXA3D - Industrielle NEXA 3D-Drucker","url":"https:\/\/mexa3d.com\/","logo":{"@type":"ImageObject","inLanguage":"en-US","@id":"https:\/\/mexa3d.com\/#\/schema\/logo\/image\/","url":"https:\/\/mexa3d.com\/wp-content\/uploads\/2023\/10\/Mexa3D_Logo_2_b.png","contentUrl":"https:\/\/mexa3d.com\/wp-content\/uploads\/2023\/10\/Mexa3D_Logo_2_b.png","width":527,"height":208,"caption":"MEXA3D - Industrielle NEXA 3D-Drucker"},"image":{"@id":"https:\/\/mexa3d.com\/#\/schema\/logo\/image\/"},"sameAs":["https:\/\/www.linkedin.com\/company\/99502753\/","https:\/\/www.instagram.com\/mexa3dnexa\/"]}]}},"jetpack_sharing_enabled":true,"_links":{"self":[{"href":"https:\/\/mexa3d.com\/en\/wp-json\/wp\/v2\/product\/5430","targetHints":{"allow":["GET"]}}],"collection":[{"href":"https:\/\/mexa3d.com\/en\/wp-json\/wp\/v2\/product"}],"about":[{"href":"https:\/\/mexa3d.com\/en\/wp-json\/wp\/v2\/types\/product"}],"replies":[{"embeddable":true,"href":"https:\/\/mexa3d.com\/en\/wp-json\/wp\/v2\/comments?post=5430"}],"wp:featuredmedia":[{"embeddable":true,"href":"https:\/\/mexa3d.com\/en\/wp-json\/wp\/v2\/media\/4208"}],"wp:attachment":[{"href":"https:\/\/mexa3d.com\/en\/wp-json\/wp\/v2\/media?parent=5430"}],"wp:term":[{"taxonomy":"product_brand","embeddable":true,"href":"https:\/\/mexa3d.com\/en\/wp-json\/wp\/v2\/product_brand?post=5430"},{"taxonomy":"product_cat","embeddable":true,"href":"https:\/\/mexa3d.com\/en\/wp-json\/wp\/v2\/product_cat?post=5430"},{"taxonomy":"product_tag","embeddable":true,"href":"https:\/\/mexa3d.com\/en\/wp-json\/wp\/v2\/product_tag?post=5430"}],"curies":[{"name":"wp","href":"https:\/\/api.w.org\/{rel}","templated":true}]}}