{"id":5440,"date":"2023-12-05T12:14:19","date_gmt":"2023-12-05T11:14:19","guid":{"rendered":"https:\/\/mexa3d.com\/produkt\/xip-pro\/"},"modified":"2024-03-20T10:05:17","modified_gmt":"2024-03-20T09:05:17","slug":"xip-pro","status":"publish","type":"product","link":"https:\/\/mexa3d.com\/en\/produkt\/xip-pro\/","title":{"rendered":"XIP Pro"},"content":{"rendered":"<p>Large construction volume<br \/>\nWith a build volume of 19.5 liters, the XiP Pro provides the daily throughput of more than 4 other resin-based industrial printers. This can dramatically change the economics of your 3D printing production while reducing your equipment investment. With its unique stacking capability, you can optimize any build process by simply stacking your smaller parts on top of each other to take full advantage of the XiP Pro&#8217;s total build volume. From particularly large parts to many small parts &#8211; the XiP Pro can do it all.<\/p>\n<p>Blazing fast print speed<br \/>\nCompromise has always been an important part of 3D printing &#8211; if you want speed, you have to compromise on quality. Not anymore. With an industry-leading print speed of up to 24 vertical centimeters per hour, the XiP Pro can produce its entire build volume in less than two hours. The patented LCD-based LSPc printing technology uses a self-lubricating membrane that enables lightning-fast print speed and unprecedented production value without compromising print quality or surface finish.<\/p>\n<p>&nbsp;<\/p>\n<\/p>\n<div class=\"table-1\">\n<table width=\"100%\">\n<thead>\n<tr>\n<th align=\"left\">Construction volume<\/th>\n<th align=\"left\">19.5 liters<\/th>\n<\/tr>\n<\/thead>\n<tbody>\n<tr>\n<th align=\"left\">Construction dimensions<\/th>\n<th align=\"left\">292mm x 163mm x 410mm<\/th>\n<\/tr>\n<tr>\n<th align=\"left\">Design<\/th>\n<th align=\"left\">Modular \/ Upgradeable<\/th>\n<\/tr>\n<tr>\n<th align=\"left\">Housing<\/th>\n<th align=\"left\">Billet aluminum<\/th>\n<\/tr>\n<tr>\n<th align=\"left\">Interface<\/th>\n<th align=\"left\">10\u2033 high-resolution LCD touchscreen<\/th>\n<\/tr>\n<tr>\n<th align=\"left\">LCD resolution<\/th>\n<th align=\"left\">7K (6480 x 3600)<\/th>\n<\/tr>\n<tr>\n<th align=\"left\">Open system<\/th>\n<th align=\"left\">Yes<\/th>\n<\/tr>\n<tr>\n<th align=\"left\">Pixel size<\/th>\n<th align=\"left\">46 \u00b5m<\/th>\n<\/tr>\n<tr>\n<th align=\"left\">Print resolution<\/th>\n<th align=\"left\">25 \u00b5m &#8211; 200 \u00b5m<\/th>\n<\/tr>\n<tr>\n<th align=\"left\">Product dimensions<\/th>\n<th align=\"left\">622 x 447 x 895 mm (24.5 x 17.6 x 35.25 in)<\/th>\n<\/tr>\n<tr>\n<th align=\"left\">Software<\/th>\n<th align=\"left\">NexaX Pro or NexaX Basic<\/th>\n<\/tr>\n<tr>\n<th align=\"left\">Materials<\/th>\n<th align=\"left\">19+ (updated monthly)<\/th>\n<\/tr>\n<\/tbody>\n<\/table>\n<\/div>\n<p>\n","protected":false},"excerpt":{"rendered":"<p>Large construction volume With a build volume of 19.5 liters, the XiP Pro provides the daily throughput of more than 4 other resin-based industrial printers. This can dramatically change the economics of your 3D printing production while reducing your equipment investment. With its unique stacking capability, you can optimize any build process by simply stacking [&hellip;]<\/p>\n","protected":false},"featured_media":2953,"comment_status":"open","ping_status":"closed","template":"","meta":[],"product_brand":[],"product_cat":[100],"product_tag":[],"class_list":{"0":"post-5440","1":"product","2":"type-product","3":"status-publish","4":"has-post-thumbnail","6":"product_cat-nexa3d-xip-pro-en","7":"product_shipping_class-insured-shipping","9":"first","10":"instock","11":"taxable","12":"shipping-taxable","13":"product-type-simple"},"yoast_head":"<!-- This site is optimized with the Yoast SEO plugin v24.5 - https:\/\/yoast.com\/wordpress\/plugins\/seo\/ -->\n<title>XIP Pro - MEXA3D - Industrielle NEXA 3D-Drucker<\/title>\n<meta name=\"robots\" content=\"index, follow, max-snippet:-1, max-image-preview:large, max-video-preview:-1\" \/>\n<link rel=\"canonical\" href=\"https:\/\/mexa3d.com\/en\/produkt\/xip-pro\/\" \/>\n<meta property=\"og:locale\" content=\"en_US\" \/>\n<meta property=\"og:type\" content=\"article\" \/>\n<meta property=\"og:title\" content=\"XIP Pro - MEXA3D - Industrielle NEXA 3D-Drucker\" \/>\n<meta property=\"og:description\" content=\"Large construction volume With a build volume of 19.5 liters, the XiP Pro provides the daily throughput of more than 4 other resin-based industrial printers. This can dramatically change the economics of your 3D printing production while reducing your equipment investment. With its unique stacking capability, you can optimize any build process by simply stacking [&hellip;]\" \/>\n<meta property=\"og:url\" content=\"https:\/\/mexa3d.com\/en\/produkt\/xip-pro\/\" \/>\n<meta property=\"og:site_name\" content=\"MEXA3D - Industrielle NEXA 3D-Drucker\" \/>\n<meta property=\"article:modified_time\" content=\"2024-03-20T09:05:17+00:00\" \/>\n<meta property=\"og:image\" content=\"https:\/\/mexa3d.com\/wp-content\/uploads\/2023\/10\/XiP-Pro-Industrial-3D-Printer-Dental-e1701075359914.png\" \/>\n\t<meta property=\"og:image:width\" content=\"800\" \/>\n\t<meta property=\"og:image:height\" content=\"800\" \/>\n\t<meta property=\"og:image:type\" content=\"image\/png\" \/>\n<meta name=\"twitter:card\" content=\"summary_large_image\" \/>\n<meta name=\"twitter:label1\" content=\"Est. reading time\" \/>\n\t<meta name=\"twitter:data1\" content=\"1 minute\" \/>\n<script type=\"application\/ld+json\" class=\"yoast-schema-graph\">{\"@context\":\"https:\/\/schema.org\",\"@graph\":[{\"@type\":\"WebPage\",\"@id\":\"https:\/\/mexa3d.com\/en\/produkt\/xip-pro\/\",\"url\":\"https:\/\/mexa3d.com\/en\/produkt\/xip-pro\/\",\"name\":\"XIP Pro - MEXA3D - Industrielle NEXA 3D-Drucker\",\"isPartOf\":{\"@id\":\"https:\/\/mexa3d.com\/#website\"},\"primaryImageOfPage\":{\"@id\":\"https:\/\/mexa3d.com\/en\/produkt\/xip-pro\/#primaryimage\"},\"image\":{\"@id\":\"https:\/\/mexa3d.com\/en\/produkt\/xip-pro\/#primaryimage\"},\"thumbnailUrl\":\"https:\/\/mexa3d.com\/wp-content\/uploads\/2023\/10\/XiP-Pro-Industrial-3D-Printer-Dental-e1701075359914.png\",\"datePublished\":\"2023-12-05T11:14:19+00:00\",\"dateModified\":\"2024-03-20T09:05:17+00:00\",\"breadcrumb\":{\"@id\":\"https:\/\/mexa3d.com\/en\/produkt\/xip-pro\/#breadcrumb\"},\"inLanguage\":\"en-US\",\"potentialAction\":[{\"@type\":\"ReadAction\",\"target\":[\"https:\/\/mexa3d.com\/en\/produkt\/xip-pro\/\"]}]},{\"@type\":\"ImageObject\",\"inLanguage\":\"en-US\",\"@id\":\"https:\/\/mexa3d.com\/en\/produkt\/xip-pro\/#primaryimage\",\"url\":\"https:\/\/mexa3d.com\/wp-content\/uploads\/2023\/10\/XiP-Pro-Industrial-3D-Printer-Dental-e1701075359914.png\",\"contentUrl\":\"https:\/\/mexa3d.com\/wp-content\/uploads\/2023\/10\/XiP-Pro-Industrial-3D-Printer-Dental-e1701075359914.png\",\"width\":800,\"height\":800},{\"@type\":\"BreadcrumbList\",\"@id\":\"https:\/\/mexa3d.com\/en\/produkt\/xip-pro\/#breadcrumb\",\"itemListElement\":[{\"@type\":\"ListItem\",\"position\":1,\"name\":\"Startseite\",\"item\":\"https:\/\/mexa3d.com\/en\/\"},{\"@type\":\"ListItem\",\"position\":2,\"name\":\"Store\",\"item\":\"https:\/\/mexa3d.com\/en\/store\/\"},{\"@type\":\"ListItem\",\"position\":3,\"name\":\"XIP Pro\"}]},{\"@type\":\"WebSite\",\"@id\":\"https:\/\/mexa3d.com\/#website\",\"url\":\"https:\/\/mexa3d.com\/\",\"name\":\"MEXA3D - Industrielle NEXA 3D-Drucker\",\"description\":\"Ultraschnelle, industrielle Harz 3D-Drucker f\u00fcr un\u00fcbertroffene Produktivit\u00e4tsraten\",\"publisher\":{\"@id\":\"https:\/\/mexa3d.com\/#organization\"},\"potentialAction\":[{\"@type\":\"SearchAction\",\"target\":{\"@type\":\"EntryPoint\",\"urlTemplate\":\"https:\/\/mexa3d.com\/?s={search_term_string}\"},\"query-input\":{\"@type\":\"PropertyValueSpecification\",\"valueRequired\":true,\"valueName\":\"search_term_string\"}}],\"inLanguage\":\"en-US\"},{\"@type\":\"Organization\",\"@id\":\"https:\/\/mexa3d.com\/#organization\",\"name\":\"MEXA3D - Industrielle NEXA 3D-Drucker\",\"url\":\"https:\/\/mexa3d.com\/\",\"logo\":{\"@type\":\"ImageObject\",\"inLanguage\":\"en-US\",\"@id\":\"https:\/\/mexa3d.com\/#\/schema\/logo\/image\/\",\"url\":\"https:\/\/mexa3d.com\/wp-content\/uploads\/2023\/10\/Mexa3D_Logo_2_b.png\",\"contentUrl\":\"https:\/\/mexa3d.com\/wp-content\/uploads\/2023\/10\/Mexa3D_Logo_2_b.png\",\"width\":527,\"height\":208,\"caption\":\"MEXA3D - Industrielle NEXA 3D-Drucker\"},\"image\":{\"@id\":\"https:\/\/mexa3d.com\/#\/schema\/logo\/image\/\"},\"sameAs\":[\"https:\/\/www.linkedin.com\/company\/99502753\/\",\"https:\/\/www.instagram.com\/mexa3dnexa\/\"]}]}<\/script>\n<!-- \/ Yoast SEO plugin. -->","yoast_head_json":{"title":"XIP Pro - MEXA3D - Industrielle NEXA 3D-Drucker","robots":{"index":"index","follow":"follow","max-snippet":"max-snippet:-1","max-image-preview":"max-image-preview:large","max-video-preview":"max-video-preview:-1"},"canonical":"https:\/\/mexa3d.com\/en\/produkt\/xip-pro\/","og_locale":"en_US","og_type":"article","og_title":"XIP Pro - MEXA3D - Industrielle NEXA 3D-Drucker","og_description":"Large construction volume With a build volume of 19.5 liters, the XiP Pro provides the daily throughput of more than 4 other resin-based industrial printers. This can dramatically change the economics of your 3D printing production while reducing your equipment investment. With its unique stacking capability, you can optimize any build process by simply stacking [&hellip;]","og_url":"https:\/\/mexa3d.com\/en\/produkt\/xip-pro\/","og_site_name":"MEXA3D - Industrielle NEXA 3D-Drucker","article_modified_time":"2024-03-20T09:05:17+00:00","og_image":[{"width":800,"height":800,"url":"https:\/\/mexa3d.com\/wp-content\/uploads\/2023\/10\/XiP-Pro-Industrial-3D-Printer-Dental-e1701075359914.png","type":"image\/png"}],"twitter_card":"summary_large_image","twitter_misc":{"Est. reading time":"1 minute"},"schema":{"@context":"https:\/\/schema.org","@graph":[{"@type":"WebPage","@id":"https:\/\/mexa3d.com\/en\/produkt\/xip-pro\/","url":"https:\/\/mexa3d.com\/en\/produkt\/xip-pro\/","name":"XIP Pro - MEXA3D - Industrielle NEXA 3D-Drucker","isPartOf":{"@id":"https:\/\/mexa3d.com\/#website"},"primaryImageOfPage":{"@id":"https:\/\/mexa3d.com\/en\/produkt\/xip-pro\/#primaryimage"},"image":{"@id":"https:\/\/mexa3d.com\/en\/produkt\/xip-pro\/#primaryimage"},"thumbnailUrl":"https:\/\/mexa3d.com\/wp-content\/uploads\/2023\/10\/XiP-Pro-Industrial-3D-Printer-Dental-e1701075359914.png","datePublished":"2023-12-05T11:14:19+00:00","dateModified":"2024-03-20T09:05:17+00:00","breadcrumb":{"@id":"https:\/\/mexa3d.com\/en\/produkt\/xip-pro\/#breadcrumb"},"inLanguage":"en-US","potentialAction":[{"@type":"ReadAction","target":["https:\/\/mexa3d.com\/en\/produkt\/xip-pro\/"]}]},{"@type":"ImageObject","inLanguage":"en-US","@id":"https:\/\/mexa3d.com\/en\/produkt\/xip-pro\/#primaryimage","url":"https:\/\/mexa3d.com\/wp-content\/uploads\/2023\/10\/XiP-Pro-Industrial-3D-Printer-Dental-e1701075359914.png","contentUrl":"https:\/\/mexa3d.com\/wp-content\/uploads\/2023\/10\/XiP-Pro-Industrial-3D-Printer-Dental-e1701075359914.png","width":800,"height":800},{"@type":"BreadcrumbList","@id":"https:\/\/mexa3d.com\/en\/produkt\/xip-pro\/#breadcrumb","itemListElement":[{"@type":"ListItem","position":1,"name":"Startseite","item":"https:\/\/mexa3d.com\/en\/"},{"@type":"ListItem","position":2,"name":"Store","item":"https:\/\/mexa3d.com\/en\/store\/"},{"@type":"ListItem","position":3,"name":"XIP Pro"}]},{"@type":"WebSite","@id":"https:\/\/mexa3d.com\/#website","url":"https:\/\/mexa3d.com\/","name":"MEXA3D - Industrielle NEXA 3D-Drucker","description":"Ultraschnelle, industrielle Harz 3D-Drucker f\u00fcr un\u00fcbertroffene Produktivit\u00e4tsraten","publisher":{"@id":"https:\/\/mexa3d.com\/#organization"},"potentialAction":[{"@type":"SearchAction","target":{"@type":"EntryPoint","urlTemplate":"https:\/\/mexa3d.com\/?s={search_term_string}"},"query-input":{"@type":"PropertyValueSpecification","valueRequired":true,"valueName":"search_term_string"}}],"inLanguage":"en-US"},{"@type":"Organization","@id":"https:\/\/mexa3d.com\/#organization","name":"MEXA3D - Industrielle NEXA 3D-Drucker","url":"https:\/\/mexa3d.com\/","logo":{"@type":"ImageObject","inLanguage":"en-US","@id":"https:\/\/mexa3d.com\/#\/schema\/logo\/image\/","url":"https:\/\/mexa3d.com\/wp-content\/uploads\/2023\/10\/Mexa3D_Logo_2_b.png","contentUrl":"https:\/\/mexa3d.com\/wp-content\/uploads\/2023\/10\/Mexa3D_Logo_2_b.png","width":527,"height":208,"caption":"MEXA3D - Industrielle NEXA 3D-Drucker"},"image":{"@id":"https:\/\/mexa3d.com\/#\/schema\/logo\/image\/"},"sameAs":["https:\/\/www.linkedin.com\/company\/99502753\/","https:\/\/www.instagram.com\/mexa3dnexa\/"]}]}},"jetpack_sharing_enabled":true,"_links":{"self":[{"href":"https:\/\/mexa3d.com\/en\/wp-json\/wp\/v2\/product\/5440","targetHints":{"allow":["GET"]}}],"collection":[{"href":"https:\/\/mexa3d.com\/en\/wp-json\/wp\/v2\/product"}],"about":[{"href":"https:\/\/mexa3d.com\/en\/wp-json\/wp\/v2\/types\/product"}],"replies":[{"embeddable":true,"href":"https:\/\/mexa3d.com\/en\/wp-json\/wp\/v2\/comments?post=5440"}],"wp:featuredmedia":[{"embeddable":true,"href":"https:\/\/mexa3d.com\/en\/wp-json\/wp\/v2\/media\/2953"}],"wp:attachment":[{"href":"https:\/\/mexa3d.com\/en\/wp-json\/wp\/v2\/media?parent=5440"}],"wp:term":[{"taxonomy":"product_brand","embeddable":true,"href":"https:\/\/mexa3d.com\/en\/wp-json\/wp\/v2\/product_brand?post=5440"},{"taxonomy":"product_cat","embeddable":true,"href":"https:\/\/mexa3d.com\/en\/wp-json\/wp\/v2\/product_cat?post=5440"},{"taxonomy":"product_tag","embeddable":true,"href":"https:\/\/mexa3d.com\/en\/wp-json\/wp\/v2\/product_tag?post=5440"}],"curies":[{"name":"wp","href":"https:\/\/api.w.org\/{rel}","templated":true}]}}