{"id":5475,"date":"2023-12-05T14:15:44","date_gmt":"2023-12-05T13:15:44","guid":{"rendered":"https:\/\/mexa3d.com\/produkt\/xip-toolkit\/"},"modified":"2024-04-15T13:31:27","modified_gmt":"2024-04-15T11:31:27","slug":"xip-toolkit","status":"publish","type":"product","link":"https:\/\/mexa3d.com\/en\/produkt\/xip-toolkit\/","title":{"rendered":"XiP Toolkit"},"content":{"rendered":"<p>Each XiP printer comes with a tool kit, but if you need an additional set of tools, the tool kit is also available separately.<\/p>\n<p>Washing bucket with basket &#8211; for manual washing of parts (compatible with the Wash+Cure as a two-stage process)<br \/>\nRolled-up mat &#8211; for creating a work surface anywhere<br \/>\nScissors &#8211; for removing supports<br \/>\nScraper &#8211; for cleaning the membrane<br \/>\nSpatula &#8211; for removing parts from the building board<br \/>\nMetal file, flat &#8211; for filing support knobs<br \/>\nMetal file, half-round &#8211; for filing support knobs<br \/>\nCleaning tool &#8211; for use during automatic cleaning of the membrane<br \/>\nFunnel &#8211; for filling the resin back into the cartridge<br \/>\nFilter &#8211; to remove partially cured resin from the tank<br \/>\nGloves &#8211; to stay safe and clean<br \/>\nTray &#8211; to secure your work while you move around the office<\/p>\n","protected":false},"excerpt":{"rendered":"<p>Each XiP printer comes with a tool kit, but if you need an additional set of tools, the tool kit is also available separately. Washing bucket with basket &#8211; for manual washing of parts (compatible with the Wash+Cure as a two-stage process) Rolled-up mat &#8211; for creating a work surface anywhere Scissors &#8211; for removing [&hellip;]<\/p>\n","protected":false},"featured_media":4312,"comment_status":"open","ping_status":"closed","template":"","meta":[],"product_brand":[],"product_cat":[97],"product_tag":[],"class_list":{"0":"post-5475","1":"product","2":"type-product","3":"status-publish","4":"has-post-thumbnail","6":"product_cat-parts-and-accessories","7":"product_shipping_class-insured-shipping","9":"first","10":"instock","11":"taxable","12":"shipping-taxable","13":"purchasable","14":"product-type-simple"},"yoast_head":"<!-- This site is optimized with the Yoast SEO plugin v24.5 - https:\/\/yoast.com\/wordpress\/plugins\/seo\/ -->\n<title>XiP Toolkit - MEXA3D - Industrielle NEXA 3D-Drucker<\/title>\n<meta name=\"robots\" content=\"index, follow, max-snippet:-1, max-image-preview:large, max-video-preview:-1\" \/>\n<link rel=\"canonical\" href=\"https:\/\/mexa3d.com\/en\/produkt\/xip-toolkit\/\" \/>\n<meta property=\"og:locale\" content=\"en_US\" \/>\n<meta property=\"og:type\" content=\"article\" \/>\n<meta property=\"og:title\" content=\"XiP Toolkit - MEXA3D - Industrielle NEXA 3D-Drucker\" \/>\n<meta property=\"og:description\" content=\"Each XiP printer comes with a tool kit, but if you need an additional set of tools, the tool kit is also available separately. Washing bucket with basket &#8211; for manual washing of parts (compatible with the Wash+Cure as a two-stage process) Rolled-up mat &#8211; for creating a work surface anywhere Scissors &#8211; for removing [&hellip;]\" \/>\n<meta property=\"og:url\" content=\"https:\/\/mexa3d.com\/en\/produkt\/xip-toolkit\/\" \/>\n<meta property=\"og:site_name\" content=\"MEXA3D - Industrielle NEXA 3D-Drucker\" \/>\n<meta property=\"article:modified_time\" content=\"2024-04-15T11:31:27+00:00\" \/>\n<meta property=\"og:image\" content=\"https:\/\/mexa3d.com\/wp-content\/uploads\/2023\/12\/xip_tollkit-e1701782347798.png\" \/>\n\t<meta property=\"og:image:width\" content=\"1022\" \/>\n\t<meta property=\"og:image:height\" content=\"888\" \/>\n\t<meta property=\"og:image:type\" content=\"image\/png\" \/>\n<meta name=\"twitter:card\" content=\"summary_large_image\" \/>\n<meta name=\"twitter:label1\" content=\"Est. reading time\" \/>\n\t<meta name=\"twitter:data1\" content=\"1 minute\" \/>\n<script type=\"application\/ld+json\" class=\"yoast-schema-graph\">{\"@context\":\"https:\/\/schema.org\",\"@graph\":[{\"@type\":\"WebPage\",\"@id\":\"https:\/\/mexa3d.com\/en\/produkt\/xip-toolkit\/\",\"url\":\"https:\/\/mexa3d.com\/en\/produkt\/xip-toolkit\/\",\"name\":\"XiP Toolkit - MEXA3D - Industrielle NEXA 3D-Drucker\",\"isPartOf\":{\"@id\":\"https:\/\/mexa3d.com\/#website\"},\"primaryImageOfPage\":{\"@id\":\"https:\/\/mexa3d.com\/en\/produkt\/xip-toolkit\/#primaryimage\"},\"image\":{\"@id\":\"https:\/\/mexa3d.com\/en\/produkt\/xip-toolkit\/#primaryimage\"},\"thumbnailUrl\":\"https:\/\/mexa3d.com\/wp-content\/uploads\/2023\/12\/xip_tollkit-e1701782347798.png\",\"datePublished\":\"2023-12-05T13:15:44+00:00\",\"dateModified\":\"2024-04-15T11:31:27+00:00\",\"breadcrumb\":{\"@id\":\"https:\/\/mexa3d.com\/en\/produkt\/xip-toolkit\/#breadcrumb\"},\"inLanguage\":\"en-US\",\"potentialAction\":[{\"@type\":\"ReadAction\",\"target\":[\"https:\/\/mexa3d.com\/en\/produkt\/xip-toolkit\/\"]}]},{\"@type\":\"ImageObject\",\"inLanguage\":\"en-US\",\"@id\":\"https:\/\/mexa3d.com\/en\/produkt\/xip-toolkit\/#primaryimage\",\"url\":\"https:\/\/mexa3d.com\/wp-content\/uploads\/2023\/12\/xip_tollkit-e1701782347798.png\",\"contentUrl\":\"https:\/\/mexa3d.com\/wp-content\/uploads\/2023\/12\/xip_tollkit-e1701782347798.png\",\"width\":1022,\"height\":888},{\"@type\":\"BreadcrumbList\",\"@id\":\"https:\/\/mexa3d.com\/en\/produkt\/xip-toolkit\/#breadcrumb\",\"itemListElement\":[{\"@type\":\"ListItem\",\"position\":1,\"name\":\"Startseite\",\"item\":\"https:\/\/mexa3d.com\/en\/\"},{\"@type\":\"ListItem\",\"position\":2,\"name\":\"Store\",\"item\":\"https:\/\/mexa3d.com\/en\/store\/\"},{\"@type\":\"ListItem\",\"position\":3,\"name\":\"XiP Toolkit\"}]},{\"@type\":\"WebSite\",\"@id\":\"https:\/\/mexa3d.com\/#website\",\"url\":\"https:\/\/mexa3d.com\/\",\"name\":\"MEXA3D - Industrielle NEXA 3D-Drucker\",\"description\":\"Ultraschnelle, industrielle Harz 3D-Drucker f\u00fcr un\u00fcbertroffene Produktivit\u00e4tsraten\",\"publisher\":{\"@id\":\"https:\/\/mexa3d.com\/#organization\"},\"potentialAction\":[{\"@type\":\"SearchAction\",\"target\":{\"@type\":\"EntryPoint\",\"urlTemplate\":\"https:\/\/mexa3d.com\/?s={search_term_string}\"},\"query-input\":{\"@type\":\"PropertyValueSpecification\",\"valueRequired\":true,\"valueName\":\"search_term_string\"}}],\"inLanguage\":\"en-US\"},{\"@type\":\"Organization\",\"@id\":\"https:\/\/mexa3d.com\/#organization\",\"name\":\"MEXA3D - Industrielle NEXA 3D-Drucker\",\"url\":\"https:\/\/mexa3d.com\/\",\"logo\":{\"@type\":\"ImageObject\",\"inLanguage\":\"en-US\",\"@id\":\"https:\/\/mexa3d.com\/#\/schema\/logo\/image\/\",\"url\":\"https:\/\/mexa3d.com\/wp-content\/uploads\/2023\/10\/Mexa3D_Logo_2_b.png\",\"contentUrl\":\"https:\/\/mexa3d.com\/wp-content\/uploads\/2023\/10\/Mexa3D_Logo_2_b.png\",\"width\":527,\"height\":208,\"caption\":\"MEXA3D - Industrielle NEXA 3D-Drucker\"},\"image\":{\"@id\":\"https:\/\/mexa3d.com\/#\/schema\/logo\/image\/\"},\"sameAs\":[\"https:\/\/www.linkedin.com\/company\/99502753\/\",\"https:\/\/www.instagram.com\/mexa3dnexa\/\"]}]}<\/script>\n<!-- \/ Yoast SEO plugin. -->","yoast_head_json":{"title":"XiP Toolkit - MEXA3D - Industrielle NEXA 3D-Drucker","robots":{"index":"index","follow":"follow","max-snippet":"max-snippet:-1","max-image-preview":"max-image-preview:large","max-video-preview":"max-video-preview:-1"},"canonical":"https:\/\/mexa3d.com\/en\/produkt\/xip-toolkit\/","og_locale":"en_US","og_type":"article","og_title":"XiP Toolkit - MEXA3D - Industrielle NEXA 3D-Drucker","og_description":"Each XiP printer comes with a tool kit, but if you need an additional set of tools, the tool kit is also available separately. Washing bucket with basket &#8211; for manual washing of parts (compatible with the Wash+Cure as a two-stage process) Rolled-up mat &#8211; for creating a work surface anywhere Scissors &#8211; for removing [&hellip;]","og_url":"https:\/\/mexa3d.com\/en\/produkt\/xip-toolkit\/","og_site_name":"MEXA3D - Industrielle NEXA 3D-Drucker","article_modified_time":"2024-04-15T11:31:27+00:00","og_image":[{"width":1022,"height":888,"url":"https:\/\/mexa3d.com\/wp-content\/uploads\/2023\/12\/xip_tollkit-e1701782347798.png","type":"image\/png"}],"twitter_card":"summary_large_image","twitter_misc":{"Est. reading time":"1 minute"},"schema":{"@context":"https:\/\/schema.org","@graph":[{"@type":"WebPage","@id":"https:\/\/mexa3d.com\/en\/produkt\/xip-toolkit\/","url":"https:\/\/mexa3d.com\/en\/produkt\/xip-toolkit\/","name":"XiP Toolkit - MEXA3D - Industrielle NEXA 3D-Drucker","isPartOf":{"@id":"https:\/\/mexa3d.com\/#website"},"primaryImageOfPage":{"@id":"https:\/\/mexa3d.com\/en\/produkt\/xip-toolkit\/#primaryimage"},"image":{"@id":"https:\/\/mexa3d.com\/en\/produkt\/xip-toolkit\/#primaryimage"},"thumbnailUrl":"https:\/\/mexa3d.com\/wp-content\/uploads\/2023\/12\/xip_tollkit-e1701782347798.png","datePublished":"2023-12-05T13:15:44+00:00","dateModified":"2024-04-15T11:31:27+00:00","breadcrumb":{"@id":"https:\/\/mexa3d.com\/en\/produkt\/xip-toolkit\/#breadcrumb"},"inLanguage":"en-US","potentialAction":[{"@type":"ReadAction","target":["https:\/\/mexa3d.com\/en\/produkt\/xip-toolkit\/"]}]},{"@type":"ImageObject","inLanguage":"en-US","@id":"https:\/\/mexa3d.com\/en\/produkt\/xip-toolkit\/#primaryimage","url":"https:\/\/mexa3d.com\/wp-content\/uploads\/2023\/12\/xip_tollkit-e1701782347798.png","contentUrl":"https:\/\/mexa3d.com\/wp-content\/uploads\/2023\/12\/xip_tollkit-e1701782347798.png","width":1022,"height":888},{"@type":"BreadcrumbList","@id":"https:\/\/mexa3d.com\/en\/produkt\/xip-toolkit\/#breadcrumb","itemListElement":[{"@type":"ListItem","position":1,"name":"Startseite","item":"https:\/\/mexa3d.com\/en\/"},{"@type":"ListItem","position":2,"name":"Store","item":"https:\/\/mexa3d.com\/en\/store\/"},{"@type":"ListItem","position":3,"name":"XiP Toolkit"}]},{"@type":"WebSite","@id":"https:\/\/mexa3d.com\/#website","url":"https:\/\/mexa3d.com\/","name":"MEXA3D - Industrielle NEXA 3D-Drucker","description":"Ultraschnelle, industrielle Harz 3D-Drucker f\u00fcr un\u00fcbertroffene Produktivit\u00e4tsraten","publisher":{"@id":"https:\/\/mexa3d.com\/#organization"},"potentialAction":[{"@type":"SearchAction","target":{"@type":"EntryPoint","urlTemplate":"https:\/\/mexa3d.com\/?s={search_term_string}"},"query-input":{"@type":"PropertyValueSpecification","valueRequired":true,"valueName":"search_term_string"}}],"inLanguage":"en-US"},{"@type":"Organization","@id":"https:\/\/mexa3d.com\/#organization","name":"MEXA3D - Industrielle NEXA 3D-Drucker","url":"https:\/\/mexa3d.com\/","logo":{"@type":"ImageObject","inLanguage":"en-US","@id":"https:\/\/mexa3d.com\/#\/schema\/logo\/image\/","url":"https:\/\/mexa3d.com\/wp-content\/uploads\/2023\/10\/Mexa3D_Logo_2_b.png","contentUrl":"https:\/\/mexa3d.com\/wp-content\/uploads\/2023\/10\/Mexa3D_Logo_2_b.png","width":527,"height":208,"caption":"MEXA3D - Industrielle NEXA 3D-Drucker"},"image":{"@id":"https:\/\/mexa3d.com\/#\/schema\/logo\/image\/"},"sameAs":["https:\/\/www.linkedin.com\/company\/99502753\/","https:\/\/www.instagram.com\/mexa3dnexa\/"]}]}},"jetpack_sharing_enabled":true,"_links":{"self":[{"href":"https:\/\/mexa3d.com\/en\/wp-json\/wp\/v2\/product\/5475","targetHints":{"allow":["GET"]}}],"collection":[{"href":"https:\/\/mexa3d.com\/en\/wp-json\/wp\/v2\/product"}],"about":[{"href":"https:\/\/mexa3d.com\/en\/wp-json\/wp\/v2\/types\/product"}],"replies":[{"embeddable":true,"href":"https:\/\/mexa3d.com\/en\/wp-json\/wp\/v2\/comments?post=5475"}],"wp:featuredmedia":[{"embeddable":true,"href":"https:\/\/mexa3d.com\/en\/wp-json\/wp\/v2\/media\/4312"}],"wp:attachment":[{"href":"https:\/\/mexa3d.com\/en\/wp-json\/wp\/v2\/media?parent=5475"}],"wp:term":[{"taxonomy":"product_brand","embeddable":true,"href":"https:\/\/mexa3d.com\/en\/wp-json\/wp\/v2\/product_brand?post=5475"},{"taxonomy":"product_cat","embeddable":true,"href":"https:\/\/mexa3d.com\/en\/wp-json\/wp\/v2\/product_cat?post=5475"},{"taxonomy":"product_tag","embeddable":true,"href":"https:\/\/mexa3d.com\/en\/wp-json\/wp\/v2\/product_tag?post=5475"}],"curies":[{"name":"wp","href":"https:\/\/api.w.org\/{rel}","templated":true}]}}