{"id":5481,"date":"2023-12-05T14:40:44","date_gmt":"2023-12-05T13:40:44","guid":{"rendered":"https:\/\/mexa3d.com\/produkt\/xip-lcd-protective-glass-kit\/"},"modified":"2024-04-15T13:23:38","modified_gmt":"2024-04-15T11:23:38","slug":"xip-lcd-protective-glass-kit","status":"publish","type":"product","link":"https:\/\/mexa3d.com\/en\/produkt\/xip-lcd-protective-glass-kit\/","title":{"rendered":"XiP LCD protective glass kit"},"content":{"rendered":"<p>One (1) replacement protective glass for the LCD screen of the XiP.<\/p>\n<p>Contains:<\/p>\n<p>Cover glass<br \/>\nNylon removal tool<br \/>\nAlcohol swab, microfiber cloth, alignment tape<\/p>\n","protected":false},"excerpt":{"rendered":"<p>One (1) replacement protective glass for the LCD screen of the XiP. Contains: Cover glass Nylon removal tool Alcohol swab, microfiber cloth, alignment tape<\/p>\n","protected":false},"featured_media":4332,"comment_status":"open","ping_status":"closed","template":"","meta":[],"product_brand":[],"product_cat":[97],"product_tag":[],"class_list":{"0":"post-5481","1":"product","2":"type-product","3":"status-publish","4":"has-post-thumbnail","6":"product_cat-parts-and-accessories","7":"product_shipping_class-insured-shipping","9":"first","10":"instock","11":"taxable","12":"shipping-taxable","13":"purchasable","14":"product-type-simple"},"yoast_head":"<!-- This site is optimized with the Yoast SEO plugin v24.5 - https:\/\/yoast.com\/wordpress\/plugins\/seo\/ -->\n<title>XiP LCD protective glass kit - MEXA3D - Industrielle NEXA 3D-Drucker<\/title>\n<meta name=\"robots\" content=\"index, follow, max-snippet:-1, max-image-preview:large, max-video-preview:-1\" \/>\n<link rel=\"canonical\" href=\"https:\/\/mexa3d.com\/en\/produkt\/xip-lcd-protective-glass-kit\/\" \/>\n<meta property=\"og:locale\" content=\"en_US\" \/>\n<meta property=\"og:type\" content=\"article\" \/>\n<meta property=\"og:title\" content=\"XiP LCD protective glass kit - MEXA3D - Industrielle NEXA 3D-Drucker\" \/>\n<meta property=\"og:description\" content=\"One (1) replacement protective glass for the LCD screen of the XiP. Contains: Cover glass Nylon removal tool Alcohol swab, microfiber cloth, alignment tape\" \/>\n<meta property=\"og:url\" content=\"https:\/\/mexa3d.com\/en\/produkt\/xip-lcd-protective-glass-kit\/\" \/>\n<meta property=\"og:site_name\" content=\"MEXA3D - Industrielle NEXA 3D-Drucker\" \/>\n<meta property=\"article:modified_time\" content=\"2024-04-15T11:23:38+00:00\" \/>\n<meta property=\"og:image\" content=\"https:\/\/mexa3d.com\/wp-content\/uploads\/2023\/12\/LCDCoverKitTransparent_288x.png\" \/>\n\t<meta property=\"og:image:width\" content=\"288\" \/>\n\t<meta property=\"og:image:height\" content=\"288\" \/>\n\t<meta property=\"og:image:type\" content=\"image\/png\" \/>\n<meta name=\"twitter:card\" content=\"summary_large_image\" \/>\n<script type=\"application\/ld+json\" class=\"yoast-schema-graph\">{\"@context\":\"https:\/\/schema.org\",\"@graph\":[{\"@type\":\"WebPage\",\"@id\":\"https:\/\/mexa3d.com\/en\/produkt\/xip-lcd-protective-glass-kit\/\",\"url\":\"https:\/\/mexa3d.com\/en\/produkt\/xip-lcd-protective-glass-kit\/\",\"name\":\"XiP LCD protective glass kit - MEXA3D - Industrielle NEXA 3D-Drucker\",\"isPartOf\":{\"@id\":\"https:\/\/mexa3d.com\/#website\"},\"primaryImageOfPage\":{\"@id\":\"https:\/\/mexa3d.com\/en\/produkt\/xip-lcd-protective-glass-kit\/#primaryimage\"},\"image\":{\"@id\":\"https:\/\/mexa3d.com\/en\/produkt\/xip-lcd-protective-glass-kit\/#primaryimage\"},\"thumbnailUrl\":\"https:\/\/mexa3d.com\/wp-content\/uploads\/2023\/12\/LCDCoverKitTransparent_288x.png\",\"datePublished\":\"2023-12-05T13:40:44+00:00\",\"dateModified\":\"2024-04-15T11:23:38+00:00\",\"breadcrumb\":{\"@id\":\"https:\/\/mexa3d.com\/en\/produkt\/xip-lcd-protective-glass-kit\/#breadcrumb\"},\"inLanguage\":\"en-US\",\"potentialAction\":[{\"@type\":\"ReadAction\",\"target\":[\"https:\/\/mexa3d.com\/en\/produkt\/xip-lcd-protective-glass-kit\/\"]}]},{\"@type\":\"ImageObject\",\"inLanguage\":\"en-US\",\"@id\":\"https:\/\/mexa3d.com\/en\/produkt\/xip-lcd-protective-glass-kit\/#primaryimage\",\"url\":\"https:\/\/mexa3d.com\/wp-content\/uploads\/2023\/12\/LCDCoverKitTransparent_288x.png\",\"contentUrl\":\"https:\/\/mexa3d.com\/wp-content\/uploads\/2023\/12\/LCDCoverKitTransparent_288x.png\",\"width\":288,\"height\":288},{\"@type\":\"BreadcrumbList\",\"@id\":\"https:\/\/mexa3d.com\/en\/produkt\/xip-lcd-protective-glass-kit\/#breadcrumb\",\"itemListElement\":[{\"@type\":\"ListItem\",\"position\":1,\"name\":\"Startseite\",\"item\":\"https:\/\/mexa3d.com\/en\/\"},{\"@type\":\"ListItem\",\"position\":2,\"name\":\"Store\",\"item\":\"https:\/\/mexa3d.com\/en\/store\/\"},{\"@type\":\"ListItem\",\"position\":3,\"name\":\"XiP LCD protective glass kit\"}]},{\"@type\":\"WebSite\",\"@id\":\"https:\/\/mexa3d.com\/#website\",\"url\":\"https:\/\/mexa3d.com\/\",\"name\":\"MEXA3D - Industrielle NEXA 3D-Drucker\",\"description\":\"Ultraschnelle, industrielle Harz 3D-Drucker f\u00fcr un\u00fcbertroffene Produktivit\u00e4tsraten\",\"publisher\":{\"@id\":\"https:\/\/mexa3d.com\/#organization\"},\"potentialAction\":[{\"@type\":\"SearchAction\",\"target\":{\"@type\":\"EntryPoint\",\"urlTemplate\":\"https:\/\/mexa3d.com\/?s={search_term_string}\"},\"query-input\":{\"@type\":\"PropertyValueSpecification\",\"valueRequired\":true,\"valueName\":\"search_term_string\"}}],\"inLanguage\":\"en-US\"},{\"@type\":\"Organization\",\"@id\":\"https:\/\/mexa3d.com\/#organization\",\"name\":\"MEXA3D - Industrielle NEXA 3D-Drucker\",\"url\":\"https:\/\/mexa3d.com\/\",\"logo\":{\"@type\":\"ImageObject\",\"inLanguage\":\"en-US\",\"@id\":\"https:\/\/mexa3d.com\/#\/schema\/logo\/image\/\",\"url\":\"https:\/\/mexa3d.com\/wp-content\/uploads\/2023\/10\/Mexa3D_Logo_2_b.png\",\"contentUrl\":\"https:\/\/mexa3d.com\/wp-content\/uploads\/2023\/10\/Mexa3D_Logo_2_b.png\",\"width\":527,\"height\":208,\"caption\":\"MEXA3D - Industrielle NEXA 3D-Drucker\"},\"image\":{\"@id\":\"https:\/\/mexa3d.com\/#\/schema\/logo\/image\/\"},\"sameAs\":[\"https:\/\/www.linkedin.com\/company\/99502753\/\",\"https:\/\/www.instagram.com\/mexa3dnexa\/\"]}]}<\/script>\n<!-- \/ Yoast SEO plugin. -->","yoast_head_json":{"title":"XiP LCD protective glass kit - MEXA3D - Industrielle NEXA 3D-Drucker","robots":{"index":"index","follow":"follow","max-snippet":"max-snippet:-1","max-image-preview":"max-image-preview:large","max-video-preview":"max-video-preview:-1"},"canonical":"https:\/\/mexa3d.com\/en\/produkt\/xip-lcd-protective-glass-kit\/","og_locale":"en_US","og_type":"article","og_title":"XiP LCD protective glass kit - MEXA3D - Industrielle NEXA 3D-Drucker","og_description":"One (1) replacement protective glass for the LCD screen of the XiP. Contains: Cover glass Nylon removal tool Alcohol swab, microfiber cloth, alignment tape","og_url":"https:\/\/mexa3d.com\/en\/produkt\/xip-lcd-protective-glass-kit\/","og_site_name":"MEXA3D - Industrielle NEXA 3D-Drucker","article_modified_time":"2024-04-15T11:23:38+00:00","og_image":[{"width":288,"height":288,"url":"https:\/\/mexa3d.com\/wp-content\/uploads\/2023\/12\/LCDCoverKitTransparent_288x.png","type":"image\/png"}],"twitter_card":"summary_large_image","schema":{"@context":"https:\/\/schema.org","@graph":[{"@type":"WebPage","@id":"https:\/\/mexa3d.com\/en\/produkt\/xip-lcd-protective-glass-kit\/","url":"https:\/\/mexa3d.com\/en\/produkt\/xip-lcd-protective-glass-kit\/","name":"XiP LCD protective glass kit - MEXA3D - Industrielle NEXA 3D-Drucker","isPartOf":{"@id":"https:\/\/mexa3d.com\/#website"},"primaryImageOfPage":{"@id":"https:\/\/mexa3d.com\/en\/produkt\/xip-lcd-protective-glass-kit\/#primaryimage"},"image":{"@id":"https:\/\/mexa3d.com\/en\/produkt\/xip-lcd-protective-glass-kit\/#primaryimage"},"thumbnailUrl":"https:\/\/mexa3d.com\/wp-content\/uploads\/2023\/12\/LCDCoverKitTransparent_288x.png","datePublished":"2023-12-05T13:40:44+00:00","dateModified":"2024-04-15T11:23:38+00:00","breadcrumb":{"@id":"https:\/\/mexa3d.com\/en\/produkt\/xip-lcd-protective-glass-kit\/#breadcrumb"},"inLanguage":"en-US","potentialAction":[{"@type":"ReadAction","target":["https:\/\/mexa3d.com\/en\/produkt\/xip-lcd-protective-glass-kit\/"]}]},{"@type":"ImageObject","inLanguage":"en-US","@id":"https:\/\/mexa3d.com\/en\/produkt\/xip-lcd-protective-glass-kit\/#primaryimage","url":"https:\/\/mexa3d.com\/wp-content\/uploads\/2023\/12\/LCDCoverKitTransparent_288x.png","contentUrl":"https:\/\/mexa3d.com\/wp-content\/uploads\/2023\/12\/LCDCoverKitTransparent_288x.png","width":288,"height":288},{"@type":"BreadcrumbList","@id":"https:\/\/mexa3d.com\/en\/produkt\/xip-lcd-protective-glass-kit\/#breadcrumb","itemListElement":[{"@type":"ListItem","position":1,"name":"Startseite","item":"https:\/\/mexa3d.com\/en\/"},{"@type":"ListItem","position":2,"name":"Store","item":"https:\/\/mexa3d.com\/en\/store\/"},{"@type":"ListItem","position":3,"name":"XiP LCD protective glass kit"}]},{"@type":"WebSite","@id":"https:\/\/mexa3d.com\/#website","url":"https:\/\/mexa3d.com\/","name":"MEXA3D - Industrielle NEXA 3D-Drucker","description":"Ultraschnelle, industrielle Harz 3D-Drucker f\u00fcr un\u00fcbertroffene Produktivit\u00e4tsraten","publisher":{"@id":"https:\/\/mexa3d.com\/#organization"},"potentialAction":[{"@type":"SearchAction","target":{"@type":"EntryPoint","urlTemplate":"https:\/\/mexa3d.com\/?s={search_term_string}"},"query-input":{"@type":"PropertyValueSpecification","valueRequired":true,"valueName":"search_term_string"}}],"inLanguage":"en-US"},{"@type":"Organization","@id":"https:\/\/mexa3d.com\/#organization","name":"MEXA3D - Industrielle NEXA 3D-Drucker","url":"https:\/\/mexa3d.com\/","logo":{"@type":"ImageObject","inLanguage":"en-US","@id":"https:\/\/mexa3d.com\/#\/schema\/logo\/image\/","url":"https:\/\/mexa3d.com\/wp-content\/uploads\/2023\/10\/Mexa3D_Logo_2_b.png","contentUrl":"https:\/\/mexa3d.com\/wp-content\/uploads\/2023\/10\/Mexa3D_Logo_2_b.png","width":527,"height":208,"caption":"MEXA3D - Industrielle NEXA 3D-Drucker"},"image":{"@id":"https:\/\/mexa3d.com\/#\/schema\/logo\/image\/"},"sameAs":["https:\/\/www.linkedin.com\/company\/99502753\/","https:\/\/www.instagram.com\/mexa3dnexa\/"]}]}},"jetpack_sharing_enabled":true,"_links":{"self":[{"href":"https:\/\/mexa3d.com\/en\/wp-json\/wp\/v2\/product\/5481","targetHints":{"allow":["GET"]}}],"collection":[{"href":"https:\/\/mexa3d.com\/en\/wp-json\/wp\/v2\/product"}],"about":[{"href":"https:\/\/mexa3d.com\/en\/wp-json\/wp\/v2\/types\/product"}],"replies":[{"embeddable":true,"href":"https:\/\/mexa3d.com\/en\/wp-json\/wp\/v2\/comments?post=5481"}],"wp:featuredmedia":[{"embeddable":true,"href":"https:\/\/mexa3d.com\/en\/wp-json\/wp\/v2\/media\/4332"}],"wp:attachment":[{"href":"https:\/\/mexa3d.com\/en\/wp-json\/wp\/v2\/media?parent=5481"}],"wp:term":[{"taxonomy":"product_brand","embeddable":true,"href":"https:\/\/mexa3d.com\/en\/wp-json\/wp\/v2\/product_brand?post=5481"},{"taxonomy":"product_cat","embeddable":true,"href":"https:\/\/mexa3d.com\/en\/wp-json\/wp\/v2\/product_cat?post=5481"},{"taxonomy":"product_tag","embeddable":true,"href":"https:\/\/mexa3d.com\/en\/wp-json\/wp\/v2\/product_tag?post=5481"}],"curies":[{"name":"wp","href":"https:\/\/api.w.org\/{rel}","templated":true}]}}