{"id":5113,"date":"2024-02-20T14:44:37","date_gmt":"2024-02-20T13:44:37","guid":{"rendered":"https:\/\/mexa3d.com\/serieproductie-met-3d-printen-bij-maxresolution3d\/"},"modified":"2024-02-26T12:33:10","modified_gmt":"2024-02-26T11:33:10","slug":"serieproductie-met-3d-printen-bij-maxresolution3d","status":"publish","type":"page","link":"https:\/\/mexa3d.com\/nl\/serieproductie-met-3d-printen-bij-maxresolution3d\/","title":{"rendered":"Serieproductie met 3D printen bij MaxResolution3D"},"content":{"rendered":"<p><div class=\"fusion-fullwidth fullwidth-box fusion-builder-row-1 fusion-flex-container has-pattern-background has-mask-background nonhundred-percent-fullwidth non-hundred-percent-height-scrolling\" style=\"--awb-border-radius-top-left:0px;--awb-border-radius-top-right:0px;--awb-border-radius-bottom-right:0px;--awb-border-radius-bottom-left:0px;--awb-flex-wrap:wrap;\" ><div class=\"fusion-builder-row fusion-row fusion-flex-align-items-flex-start fusion-flex-content-wrap\" style=\"max-width:1216.8px;margin-left: calc(-4% \/ 2 );margin-right: calc(-4% \/ 2 );\"><div class=\"fusion-layout-column fusion_builder_column fusion-builder-column-0 fusion_builder_column_1_1 1_1 fusion-flex-column\" style=\"--awb-padding-top:80px;--awb-padding-bottom:80px;--awb-bg-size:cover;--awb-width-large:100%;--awb-margin-top-large:0px;--awb-spacing-right-large:1.92%;--awb-margin-bottom-large:0px;--awb-spacing-left-large:1.92%;--awb-width-medium:100%;--awb-order-medium:0;--awb-spacing-right-medium:1.92%;--awb-spacing-left-medium:1.92%;--awb-width-small:100%;--awb-order-small:0;--awb-spacing-right-small:1.92%;--awb-spacing-left-small:1.92%;\" data-scroll-devices=\"small-visibility,medium-visibility,large-visibility\"><div class=\"fusion-column-wrapper fusion-column-has-shadow fusion-flex-justify-content-flex-start fusion-content-layout-column\"><div class=\"fusion-title title fusion-title-1 fusion-sep-none fusion-title-text fusion-title-size-one\" style=\"--awb-text-color:#000000;\"><h1 class=\"fusion-title-heading title-heading-left fusion-responsive-typography-calculated\" style=\"margin:0;--fontSize:69;line-height:var(--awb-typography1-line-height);\">Serieproductie<\/h1><\/div><div class=\"fusion-title title fusion-title-2 fusion-sep-none fusion-title-text fusion-title-size-two\" style=\"--awb-text-color:#000000;\"><h2 class=\"fusion-title-heading title-heading-left fusion-responsive-typography-calculated\" style=\"margin:0;--fontSize:40;line-height:1.3;\">met 3D printen bij MaxResolution3D<\/h2><\/div><\/div><\/div><\/div><\/div><div class=\"fusion-fullwidth fullwidth-box fusion-builder-row-2 fusion-flex-container has-pattern-background has-mask-background nonhundred-percent-fullwidth non-hundred-percent-height-scrolling\" style=\"--awb-border-radius-top-left:0px;--awb-border-radius-top-right:0px;--awb-border-radius-bottom-right:0px;--awb-border-radius-bottom-left:0px;--awb-padding-top:0px;--awb-padding-right:0px;--awb-padding-bottom:80px;--awb-padding-left:0px;--awb-flex-wrap:wrap;\" ><div class=\"fusion-builder-row fusion-row fusion-flex-align-items-stretch fusion-flex-content-wrap\" style=\"max-width:calc( 1170px + 0px );margin-left: calc(-0px \/ 2 );margin-right: calc(-0px \/ 2 );\"><div class=\"fusion-layout-column fusion_builder_column fusion-builder-column-1 fusion_builder_column_1_2 1_2 fusion-flex-column\" style=\"--awb-bg-size:cover;--awb-width-large:50%;--awb-margin-top-large:0px;--awb-spacing-right-large:20px;--awb-margin-bottom-large:0px;--awb-spacing-left-large:0px;--awb-width-medium:100%;--awb-order-medium:0;--awb-spacing-right-medium:0px;--awb-spacing-left-medium:0px;--awb-width-small:100%;--awb-order-small:0;--awb-spacing-right-small:0px;--awb-spacing-left-small:0px;\" data-scroll-devices=\"small-visibility,medium-visibility,large-visibility\"><div class=\"fusion-column-wrapper fusion-column-has-shadow fusion-flex-justify-content-flex-start fusion-content-layout-column\"><div class=\"fusion-text fusion-text-1\" style=\"--awb-content-alignment:left;\"><p>Opname<\/p>\n<\/div><div class=\"fusion-title title fusion-title-3 fusion-sep-none fusion-title-text fusion-title-size-two\" style=\"--awb-text-color:#000000;\"><h2 class=\"fusion-title-heading title-heading-left fusion-responsive-typography-calculated\" style=\"margin:0;--fontSize:40;line-height:1.3;\"><strong>Inhoud van de livestream<\/strong><\/h2><\/div><div class=\"fusion-text fusion-text-2\"><p>Is serieproductie met industrieel 3D printen vandaag al economisch haalbaar?  [Livestream]<\/p>\n<p>Additive manufacturing dringt steeds verder door tot de serie- en massaproductiemarkt. Maar hoeveel onderdelen kunnen echt economisch worden geproduceerd?<\/p>\n<p>&#8211; 6.000 onderdelen per dag?<br \/>\n&#8211; 60.000 &#8211; 100.000 onderdelen in serie?<br \/>\n&#8211; Welke rol speelt automatisering hierin?<\/p>\n<p>Samen met Dario Dill van MaxResolution3D presenteerden we aan de hand van praktijkvoorbeelden de mogelijkheden van serieproductie met industrieel 3D printen.<\/p>\n<p>Welkom in het heden, klaar voor de toekomst.<\/p>\n<\/div><\/div><\/div><div class=\"fusion-layout-column fusion_builder_column fusion-builder-column-2 fusion_builder_column_1_2 1_2 fusion-flex-column\" style=\"--awb-bg-size:cover;--awb-width-large:50%;--awb-margin-top-large:0px;--awb-spacing-right-large:0px;--awb-margin-bottom-large:0px;--awb-spacing-left-large:20px;--awb-width-medium:100%;--awb-order-medium:0;--awb-spacing-right-medium:0px;--awb-spacing-left-medium:0px;--awb-width-small:100%;--awb-order-small:0;--awb-spacing-right-small:0px;--awb-spacing-left-small:0px;\" data-scroll-devices=\"small-visibility,medium-visibility,large-visibility\"><div class=\"fusion-column-wrapper fusion-column-has-shadow fusion-flex-justify-content-flex-start fusion-content-layout-column\"><div class=\"fusion-video fusion-youtube\" style=\"--awb-max-width:600px;--awb-max-height:360px;\"><div class=\"video-shortcode\"><lite-youtube videoid=\"6uQWg7qSN0k\" class=\"landscape\" params=\"wmode=transparent&autoplay=1&amp;rel=0&enablejsapi=1\" title=\"YouTube video player 1\" width=\"600\" height=\"360\" data-thumbnail-size=\"auto\"><\/lite-youtube><\/div><\/div><div class=\"fusion-text fusion-text-3 fusion-text-no-margin\" style=\"--awb-margin-top:20px;--awb-margin-bottom:20px;\"><p>Als u nog vragen hebt over de productiecel bij <strong>MaxResolution3D,<\/strong>kunt u rechtstreeks contact opnemen met onze collega&#8217;s op <strong><br \/>\n.<\/strong><\/p>\n<\/div><div ><a class=\"fusion-button button-flat fusion-button-default-size button-default fusion-button-default button-1 fusion-button-default-span fusion-button-default-type\" style=\"--button_margin-top:40px;\" target=\"_blank\" rel=\"noopener noreferrer\" href=\"https:\/\/www.maxresolution3d.com\/\"><span class=\"fusion-button-text\">Contact MaxResolution3D<\/span><\/a><\/div><\/div><\/div><\/div><\/div><\/p>\n","protected":false},"excerpt":{"rendered":"","protected":false},"author":1,"featured_media":5220,"parent":0,"menu_order":0,"comment_status":"closed","ping_status":"open","template":"100-width.php","meta":{"footnotes":""},"class_list":["post-5113","page","type-page","status-publish","has-post-thumbnail","hentry"],"yoast_head":"<!-- This site is optimized with the Yoast SEO plugin v24.5 - https:\/\/yoast.com\/wordpress\/plugins\/seo\/ -->\n<title>Serieproductie met 3D printen bij MaxResolution3D - MEXA3D - Industrielle NEXA 3D-Drucker<\/title>\n<meta name=\"description\" content=\"Spuitgietmatrijzen produceren in uren in plaats van dagen of maanden. Ja, dat lees je goed - de droom komt uit! Voortaan kunnen spuitgietmatrijzen in uren worden geproduceerd en niet langer in dagen of maanden.\" \/>\n<meta name=\"robots\" content=\"index, follow, max-snippet:-1, max-image-preview:large, max-video-preview:-1\" \/>\n<link rel=\"canonical\" href=\"https:\/\/mexa3d.com\/nl\/serieproductie-met-3d-printen-bij-maxresolution3d\/\" \/>\n<meta property=\"og:locale\" content=\"nl_NL\" \/>\n<meta property=\"og:type\" content=\"article\" \/>\n<meta property=\"og:title\" content=\"Serieproductie met 3D printen bij MaxResolution3D - MEXA3D - Industrielle NEXA 3D-Drucker\" \/>\n<meta property=\"og:description\" content=\"Spuitgietmatrijzen produceren in uren in plaats van dagen of maanden. Ja, dat lees je goed - de droom komt uit! Voortaan kunnen spuitgietmatrijzen in uren worden geproduceerd en niet langer in dagen of maanden.\" \/>\n<meta property=\"og:url\" content=\"https:\/\/mexa3d.com\/nl\/serieproductie-met-3d-printen-bij-maxresolution3d\/\" \/>\n<meta property=\"og:site_name\" content=\"MEXA3D - Industrielle NEXA 3D-Drucker\" \/>\n<meta property=\"article:modified_time\" content=\"2024-02-26T11:33:10+00:00\" \/>\n<meta property=\"og:image\" content=\"https:\/\/mexa3d.com\/wp-content\/uploads\/2024\/02\/Thumbnail-3D-Druck-Serienfertigung.png\" \/>\n\t<meta property=\"og:image:width\" content=\"1919\" \/>\n\t<meta property=\"og:image:height\" content=\"1078\" \/>\n\t<meta property=\"og:image:type\" content=\"image\/png\" \/>\n<meta name=\"twitter:card\" content=\"summary_large_image\" \/>\n<meta name=\"twitter:label1\" content=\"Geschatte leestijd\" \/>\n\t<meta name=\"twitter:data1\" content=\"19 minuten\" \/>\n<script type=\"application\/ld+json\" class=\"yoast-schema-graph\">{\"@context\":\"https:\/\/schema.org\",\"@graph\":[{\"@type\":\"WebPage\",\"@id\":\"https:\/\/mexa3d.com\/nl\/serieproductie-met-3d-printen-bij-maxresolution3d\/\",\"url\":\"https:\/\/mexa3d.com\/nl\/serieproductie-met-3d-printen-bij-maxresolution3d\/\",\"name\":\"Serieproductie met 3D printen bij MaxResolution3D - MEXA3D - Industrielle NEXA 3D-Drucker\",\"isPartOf\":{\"@id\":\"https:\/\/mexa3d.com\/#website\"},\"primaryImageOfPage\":{\"@id\":\"https:\/\/mexa3d.com\/nl\/serieproductie-met-3d-printen-bij-maxresolution3d\/#primaryimage\"},\"image\":{\"@id\":\"https:\/\/mexa3d.com\/nl\/serieproductie-met-3d-printen-bij-maxresolution3d\/#primaryimage\"},\"thumbnailUrl\":\"https:\/\/mexa3d.com\/wp-content\/uploads\/2024\/02\/Thumbnail-3D-Druck-Serienfertigung.png\",\"datePublished\":\"2024-02-20T13:44:37+00:00\",\"dateModified\":\"2024-02-26T11:33:10+00:00\",\"description\":\"Spuitgietmatrijzen produceren in uren in plaats van dagen of maanden. Ja, dat lees je goed - de droom komt uit! Voortaan kunnen spuitgietmatrijzen in uren worden geproduceerd en niet langer in dagen of maanden.\",\"breadcrumb\":{\"@id\":\"https:\/\/mexa3d.com\/nl\/serieproductie-met-3d-printen-bij-maxresolution3d\/#breadcrumb\"},\"inLanguage\":\"nl-NL\",\"potentialAction\":[{\"@type\":\"ReadAction\",\"target\":[\"https:\/\/mexa3d.com\/nl\/serieproductie-met-3d-printen-bij-maxresolution3d\/\"]}]},{\"@type\":\"ImageObject\",\"inLanguage\":\"nl-NL\",\"@id\":\"https:\/\/mexa3d.com\/nl\/serieproductie-met-3d-printen-bij-maxresolution3d\/#primaryimage\",\"url\":\"https:\/\/mexa3d.com\/wp-content\/uploads\/2024\/02\/Thumbnail-3D-Druck-Serienfertigung.png\",\"contentUrl\":\"https:\/\/mexa3d.com\/wp-content\/uploads\/2024\/02\/Thumbnail-3D-Druck-Serienfertigung.png\",\"width\":1919,\"height\":1078},{\"@type\":\"BreadcrumbList\",\"@id\":\"https:\/\/mexa3d.com\/nl\/serieproductie-met-3d-printen-bij-maxresolution3d\/#breadcrumb\",\"itemListElement\":[{\"@type\":\"ListItem\",\"position\":1,\"name\":\"Startseite\",\"item\":\"https:\/\/mexa3d.com\/nl\/mexa3d-industriele-resin-3d-printers-voor-de-hoogste-productiviteit\/\"},{\"@type\":\"ListItem\",\"position\":2,\"name\":\"Serieproductie met 3D printen bij MaxResolution3D\"}]},{\"@type\":\"WebSite\",\"@id\":\"https:\/\/mexa3d.com\/#website\",\"url\":\"https:\/\/mexa3d.com\/\",\"name\":\"MEXA3D - Industrielle NEXA 3D-Drucker\",\"description\":\"Ultraschnelle, industrielle Harz 3D-Drucker f\u00fcr un\u00fcbertroffene Produktivit\u00e4tsraten\",\"publisher\":{\"@id\":\"https:\/\/mexa3d.com\/#organization\"},\"potentialAction\":[{\"@type\":\"SearchAction\",\"target\":{\"@type\":\"EntryPoint\",\"urlTemplate\":\"https:\/\/mexa3d.com\/?s={search_term_string}\"},\"query-input\":{\"@type\":\"PropertyValueSpecification\",\"valueRequired\":true,\"valueName\":\"search_term_string\"}}],\"inLanguage\":\"nl-NL\"},{\"@type\":\"Organization\",\"@id\":\"https:\/\/mexa3d.com\/#organization\",\"name\":\"MEXA3D - Industrielle NEXA 3D-Drucker\",\"url\":\"https:\/\/mexa3d.com\/\",\"logo\":{\"@type\":\"ImageObject\",\"inLanguage\":\"nl-NL\",\"@id\":\"https:\/\/mexa3d.com\/#\/schema\/logo\/image\/\",\"url\":\"https:\/\/mexa3d.com\/wp-content\/uploads\/2023\/10\/Mexa3D_Logo_2_b.png\",\"contentUrl\":\"https:\/\/mexa3d.com\/wp-content\/uploads\/2023\/10\/Mexa3D_Logo_2_b.png\",\"width\":527,\"height\":208,\"caption\":\"MEXA3D - Industrielle NEXA 3D-Drucker\"},\"image\":{\"@id\":\"https:\/\/mexa3d.com\/#\/schema\/logo\/image\/\"},\"sameAs\":[\"https:\/\/www.linkedin.com\/company\/99502753\/\",\"https:\/\/www.instagram.com\/mexa3dnexa\/\"]}]}<\/script>\n<!-- \/ Yoast SEO plugin. -->","yoast_head_json":{"title":"Serieproductie met 3D printen bij MaxResolution3D - MEXA3D - Industrielle NEXA 3D-Drucker","description":"Spuitgietmatrijzen produceren in uren in plaats van dagen of maanden. Ja, dat lees je goed - de droom komt uit! Voortaan kunnen spuitgietmatrijzen in uren worden geproduceerd en niet langer in dagen of maanden.","robots":{"index":"index","follow":"follow","max-snippet":"max-snippet:-1","max-image-preview":"max-image-preview:large","max-video-preview":"max-video-preview:-1"},"canonical":"https:\/\/mexa3d.com\/nl\/serieproductie-met-3d-printen-bij-maxresolution3d\/","og_locale":"nl_NL","og_type":"article","og_title":"Serieproductie met 3D printen bij MaxResolution3D - MEXA3D - Industrielle NEXA 3D-Drucker","og_description":"Spuitgietmatrijzen produceren in uren in plaats van dagen of maanden. Ja, dat lees je goed - de droom komt uit! Voortaan kunnen spuitgietmatrijzen in uren worden geproduceerd en niet langer in dagen of maanden.","og_url":"https:\/\/mexa3d.com\/nl\/serieproductie-met-3d-printen-bij-maxresolution3d\/","og_site_name":"MEXA3D - Industrielle NEXA 3D-Drucker","article_modified_time":"2024-02-26T11:33:10+00:00","og_image":[{"width":1919,"height":1078,"url":"https:\/\/mexa3d.com\/wp-content\/uploads\/2024\/02\/Thumbnail-3D-Druck-Serienfertigung.png","type":"image\/png"}],"twitter_card":"summary_large_image","twitter_misc":{"Geschatte leestijd":"19 minuten"},"schema":{"@context":"https:\/\/schema.org","@graph":[{"@type":"WebPage","@id":"https:\/\/mexa3d.com\/nl\/serieproductie-met-3d-printen-bij-maxresolution3d\/","url":"https:\/\/mexa3d.com\/nl\/serieproductie-met-3d-printen-bij-maxresolution3d\/","name":"Serieproductie met 3D printen bij MaxResolution3D - MEXA3D - Industrielle NEXA 3D-Drucker","isPartOf":{"@id":"https:\/\/mexa3d.com\/#website"},"primaryImageOfPage":{"@id":"https:\/\/mexa3d.com\/nl\/serieproductie-met-3d-printen-bij-maxresolution3d\/#primaryimage"},"image":{"@id":"https:\/\/mexa3d.com\/nl\/serieproductie-met-3d-printen-bij-maxresolution3d\/#primaryimage"},"thumbnailUrl":"https:\/\/mexa3d.com\/wp-content\/uploads\/2024\/02\/Thumbnail-3D-Druck-Serienfertigung.png","datePublished":"2024-02-20T13:44:37+00:00","dateModified":"2024-02-26T11:33:10+00:00","description":"Spuitgietmatrijzen produceren in uren in plaats van dagen of maanden. Ja, dat lees je goed - de droom komt uit! Voortaan kunnen spuitgietmatrijzen in uren worden geproduceerd en niet langer in dagen of maanden.","breadcrumb":{"@id":"https:\/\/mexa3d.com\/nl\/serieproductie-met-3d-printen-bij-maxresolution3d\/#breadcrumb"},"inLanguage":"nl-NL","potentialAction":[{"@type":"ReadAction","target":["https:\/\/mexa3d.com\/nl\/serieproductie-met-3d-printen-bij-maxresolution3d\/"]}]},{"@type":"ImageObject","inLanguage":"nl-NL","@id":"https:\/\/mexa3d.com\/nl\/serieproductie-met-3d-printen-bij-maxresolution3d\/#primaryimage","url":"https:\/\/mexa3d.com\/wp-content\/uploads\/2024\/02\/Thumbnail-3D-Druck-Serienfertigung.png","contentUrl":"https:\/\/mexa3d.com\/wp-content\/uploads\/2024\/02\/Thumbnail-3D-Druck-Serienfertigung.png","width":1919,"height":1078},{"@type":"BreadcrumbList","@id":"https:\/\/mexa3d.com\/nl\/serieproductie-met-3d-printen-bij-maxresolution3d\/#breadcrumb","itemListElement":[{"@type":"ListItem","position":1,"name":"Startseite","item":"https:\/\/mexa3d.com\/nl\/mexa3d-industriele-resin-3d-printers-voor-de-hoogste-productiviteit\/"},{"@type":"ListItem","position":2,"name":"Serieproductie met 3D printen bij MaxResolution3D"}]},{"@type":"WebSite","@id":"https:\/\/mexa3d.com\/#website","url":"https:\/\/mexa3d.com\/","name":"MEXA3D - Industrielle NEXA 3D-Drucker","description":"Ultraschnelle, industrielle Harz 3D-Drucker f\u00fcr un\u00fcbertroffene Produktivit\u00e4tsraten","publisher":{"@id":"https:\/\/mexa3d.com\/#organization"},"potentialAction":[{"@type":"SearchAction","target":{"@type":"EntryPoint","urlTemplate":"https:\/\/mexa3d.com\/?s={search_term_string}"},"query-input":{"@type":"PropertyValueSpecification","valueRequired":true,"valueName":"search_term_string"}}],"inLanguage":"nl-NL"},{"@type":"Organization","@id":"https:\/\/mexa3d.com\/#organization","name":"MEXA3D - Industrielle NEXA 3D-Drucker","url":"https:\/\/mexa3d.com\/","logo":{"@type":"ImageObject","inLanguage":"nl-NL","@id":"https:\/\/mexa3d.com\/#\/schema\/logo\/image\/","url":"https:\/\/mexa3d.com\/wp-content\/uploads\/2023\/10\/Mexa3D_Logo_2_b.png","contentUrl":"https:\/\/mexa3d.com\/wp-content\/uploads\/2023\/10\/Mexa3D_Logo_2_b.png","width":527,"height":208,"caption":"MEXA3D - Industrielle NEXA 3D-Drucker"},"image":{"@id":"https:\/\/mexa3d.com\/#\/schema\/logo\/image\/"},"sameAs":["https:\/\/www.linkedin.com\/company\/99502753\/","https:\/\/www.instagram.com\/mexa3dnexa\/"]}]}},"jetpack_sharing_enabled":true,"_links":{"self":[{"href":"https:\/\/mexa3d.com\/nl\/wp-json\/wp\/v2\/pages\/5113","targetHints":{"allow":["GET"]}}],"collection":[{"href":"https:\/\/mexa3d.com\/nl\/wp-json\/wp\/v2\/pages"}],"about":[{"href":"https:\/\/mexa3d.com\/nl\/wp-json\/wp\/v2\/types\/page"}],"author":[{"embeddable":true,"href":"https:\/\/mexa3d.com\/nl\/wp-json\/wp\/v2\/users\/1"}],"replies":[{"embeddable":true,"href":"https:\/\/mexa3d.com\/nl\/wp-json\/wp\/v2\/comments?post=5113"}],"version-history":[{"count":10,"href":"https:\/\/mexa3d.com\/nl\/wp-json\/wp\/v2\/pages\/5113\/revisions"}],"predecessor-version":[{"id":5225,"href":"https:\/\/mexa3d.com\/nl\/wp-json\/wp\/v2\/pages\/5113\/revisions\/5225"}],"wp:featuredmedia":[{"embeddable":true,"href":"https:\/\/mexa3d.com\/nl\/wp-json\/wp\/v2\/media\/5220"}],"wp:attachment":[{"href":"https:\/\/mexa3d.com\/nl\/wp-json\/wp\/v2\/media?parent=5113"}],"curies":[{"name":"wp","href":"https:\/\/api.w.org\/{rel}","templated":true}]}}