{"id":5413,"date":"2023-12-04T14:56:23","date_gmt":"2023-12-04T13:56:23","guid":{"rendered":"https:\/\/mexa3d.com\/produkt\/xpeek147-zwarte-hars-1-5kg-voor-xip-en-xippro\/"},"modified":"2024-03-20T10:22:55","modified_gmt":"2024-03-20T09:22:55","slug":"xpeek147-zwarte-hars-1-5kg-voor-xip-en-xippro","status":"publish","type":"product","link":"https:\/\/mexa3d.com\/nl\/produkt\/xpeek147-zwarte-hars-1-5kg-voor-xip-en-xippro\/","title":{"rendered":"xPEEK147-Zwarte Hars 1.5kg voor XiP en XiPPro"},"content":{"rendered":"<p>Kleur: Zwart<\/p>\n<p>Afmeting: 1,5kg<\/p>\n<p>xPEEK147 is een hars bestand tegen hoge temperaturen met HDT 230\u00b0C voor tooling en giettoepassingen. Het materiaal wordt gekenmerkt door een goede maatvastheid, een goede oppervlaktekwaliteit en voldoende taaiheid om mechanische spanningen te weerstaan die worden veroorzaakt door vormgevingsprocessen. Het materiaal is temperatuurbestendig en ideaal voor het maken van gereedschap.<\/p>\n<p>Eigenschappen<\/p>\n<ul>\n<li>Bestand tegen hoge temperaturen<\/li>\n<li>Hoge sterkte<\/li>\n<li>Bestand tegen chemische en corrosieve omgevingen<\/li>\n<li>Lage waterabsorptie<\/li>\n<\/ul>\n<p>Gebruikt<\/p>\n<p>3D-geprint gereedschap<br \/>\nPrototypes voor hoge temperaturen<br \/>\nMaskers voor galvaniseren<\/p>\n<p><a href=\"https:\/\/mexa3d.com\/wp-content\/uploads\/2023\/12\/IND147-HDT230-High-Heat-Black-v3.5-R4.pdf\">Technische gegevens<\/a><\/p>\n<p><a href=\"https:\/\/mexa3d.com\/wp-content\/uploads\/2023\/12\/SDS-Loctite-3D-IND147-HDT230-Tough-Black-5kg-R3.pdf\">Veiligheidsinformatieblad<\/a><\/p>\n","protected":false},"excerpt":{"rendered":"<p>Kleur: Zwart Afmeting: 1,5kg xPEEK147 is een hars bestand tegen hoge temperaturen met HDT 230\u00b0C voor tooling en giettoepassingen. Het materiaal wordt gekenmerkt door een goede maatvastheid, een goede oppervlaktekwaliteit en voldoende taaiheid om mechanische spanningen te weerstaan die worden veroorzaakt door vormgevingsprocessen. Het materiaal is temperatuurbestendig en ideaal voor het maken van gereedschap. Eigenschappen [&hellip;]<\/p>\n","protected":false},"featured_media":4042,"comment_status":"open","ping_status":"closed","template":"","meta":[],"product_brand":[],"product_cat":[95],"product_tag":[],"class_list":{"0":"post-5413","1":"product","2":"type-product","3":"status-publish","4":"has-post-thumbnail","6":"product_cat-materialen","7":"product_shipping_class-verzekerde-verzending","9":"first","10":"instock","11":"taxable","12":"shipping-taxable","13":"purchasable","14":"product-type-simple"},"yoast_head":"<!-- This site is optimized with the Yoast SEO plugin v24.5 - https:\/\/yoast.com\/wordpress\/plugins\/seo\/ -->\n<title>xPEEK147-Zwarte Hars 1.5kg voor XiP en XiPPro - MEXA3D - Industrielle NEXA 3D-Drucker<\/title>\n<meta name=\"robots\" content=\"index, follow, max-snippet:-1, max-image-preview:large, max-video-preview:-1\" \/>\n<link rel=\"canonical\" href=\"https:\/\/mexa3d.com\/nl\/produkt\/xpeek147-zwarte-hars-1-5kg-voor-xip-en-xippro\/\" \/>\n<meta property=\"og:locale\" content=\"nl_NL\" \/>\n<meta property=\"og:type\" content=\"article\" \/>\n<meta property=\"og:title\" content=\"xPEEK147-Zwarte Hars 1.5kg voor XiP en XiPPro - MEXA3D - Industrielle NEXA 3D-Drucker\" \/>\n<meta property=\"og:description\" content=\"Kleur: Zwart Afmeting: 1,5kg xPEEK147 is een hars bestand tegen hoge temperaturen met HDT 230\u00b0C voor tooling en giettoepassingen. Het materiaal wordt gekenmerkt door een goede maatvastheid, een goede oppervlaktekwaliteit en voldoende taaiheid om mechanische spanningen te weerstaan die worden veroorzaakt door vormgevingsprocessen. Het materiaal is temperatuurbestendig en ideaal voor het maken van gereedschap. Eigenschappen [&hellip;]\" \/>\n<meta property=\"og:url\" content=\"https:\/\/mexa3d.com\/nl\/produkt\/xpeek147-zwarte-hars-1-5kg-voor-xip-en-xippro\/\" \/>\n<meta property=\"og:site_name\" content=\"MEXA3D - Industrielle NEXA 3D-Drucker\" \/>\n<meta property=\"article:modified_time\" content=\"2024-03-20T09:22:55+00:00\" \/>\n<meta property=\"og:image\" content=\"https:\/\/mexa3d.com\/wp-content\/uploads\/2023\/12\/xpeek147-black-1.5-kg-part_576x.webp\" \/>\n\t<meta property=\"og:image:width\" content=\"576\" \/>\n\t<meta property=\"og:image:height\" content=\"576\" \/>\n\t<meta property=\"og:image:type\" content=\"image\/webp\" \/>\n<meta name=\"twitter:card\" content=\"summary_large_image\" \/>\n<script type=\"application\/ld+json\" class=\"yoast-schema-graph\">{\"@context\":\"https:\/\/schema.org\",\"@graph\":[{\"@type\":\"WebPage\",\"@id\":\"https:\/\/mexa3d.com\/nl\/produkt\/xpeek147-zwarte-hars-1-5kg-voor-xip-en-xippro\/\",\"url\":\"https:\/\/mexa3d.com\/nl\/produkt\/xpeek147-zwarte-hars-1-5kg-voor-xip-en-xippro\/\",\"name\":\"xPEEK147-Zwarte Hars 1.5kg voor XiP en XiPPro - MEXA3D - Industrielle NEXA 3D-Drucker\",\"isPartOf\":{\"@id\":\"https:\/\/mexa3d.com\/#website\"},\"primaryImageOfPage\":{\"@id\":\"https:\/\/mexa3d.com\/nl\/produkt\/xpeek147-zwarte-hars-1-5kg-voor-xip-en-xippro\/#primaryimage\"},\"image\":{\"@id\":\"https:\/\/mexa3d.com\/nl\/produkt\/xpeek147-zwarte-hars-1-5kg-voor-xip-en-xippro\/#primaryimage\"},\"thumbnailUrl\":\"https:\/\/mexa3d.com\/wp-content\/uploads\/2023\/12\/xpeek147-black-1.5-kg-part_576x.webp\",\"datePublished\":\"2023-12-04T13:56:23+00:00\",\"dateModified\":\"2024-03-20T09:22:55+00:00\",\"breadcrumb\":{\"@id\":\"https:\/\/mexa3d.com\/nl\/produkt\/xpeek147-zwarte-hars-1-5kg-voor-xip-en-xippro\/#breadcrumb\"},\"inLanguage\":\"nl-NL\",\"potentialAction\":[{\"@type\":\"ReadAction\",\"target\":[\"https:\/\/mexa3d.com\/nl\/produkt\/xpeek147-zwarte-hars-1-5kg-voor-xip-en-xippro\/\"]}]},{\"@type\":\"ImageObject\",\"inLanguage\":\"nl-NL\",\"@id\":\"https:\/\/mexa3d.com\/nl\/produkt\/xpeek147-zwarte-hars-1-5kg-voor-xip-en-xippro\/#primaryimage\",\"url\":\"https:\/\/mexa3d.com\/wp-content\/uploads\/2023\/12\/xpeek147-black-1.5-kg-part_576x.webp\",\"contentUrl\":\"https:\/\/mexa3d.com\/wp-content\/uploads\/2023\/12\/xpeek147-black-1.5-kg-part_576x.webp\",\"width\":576,\"height\":576},{\"@type\":\"BreadcrumbList\",\"@id\":\"https:\/\/mexa3d.com\/nl\/produkt\/xpeek147-zwarte-hars-1-5kg-voor-xip-en-xippro\/#breadcrumb\",\"itemListElement\":[{\"@type\":\"ListItem\",\"position\":1,\"name\":\"Startseite\",\"item\":\"https:\/\/mexa3d.com\/nl\/mexa3d-industriele-resin-3d-printers-voor-de-hoogste-productiviteit\/\"},{\"@type\":\"ListItem\",\"position\":2,\"name\":\"Winkel op\",\"item\":\"https:\/\/mexa3d.com\/nl\/winkel-op\/\"},{\"@type\":\"ListItem\",\"position\":3,\"name\":\"xPEEK147-Zwarte Hars 1.5kg voor XiP en XiPPro\"}]},{\"@type\":\"WebSite\",\"@id\":\"https:\/\/mexa3d.com\/#website\",\"url\":\"https:\/\/mexa3d.com\/\",\"name\":\"MEXA3D - Industrielle NEXA 3D-Drucker\",\"description\":\"Ultraschnelle, industrielle Harz 3D-Drucker f\u00fcr un\u00fcbertroffene Produktivit\u00e4tsraten\",\"publisher\":{\"@id\":\"https:\/\/mexa3d.com\/#organization\"},\"potentialAction\":[{\"@type\":\"SearchAction\",\"target\":{\"@type\":\"EntryPoint\",\"urlTemplate\":\"https:\/\/mexa3d.com\/?s={search_term_string}\"},\"query-input\":{\"@type\":\"PropertyValueSpecification\",\"valueRequired\":true,\"valueName\":\"search_term_string\"}}],\"inLanguage\":\"nl-NL\"},{\"@type\":\"Organization\",\"@id\":\"https:\/\/mexa3d.com\/#organization\",\"name\":\"MEXA3D - Industrielle NEXA 3D-Drucker\",\"url\":\"https:\/\/mexa3d.com\/\",\"logo\":{\"@type\":\"ImageObject\",\"inLanguage\":\"nl-NL\",\"@id\":\"https:\/\/mexa3d.com\/#\/schema\/logo\/image\/\",\"url\":\"https:\/\/mexa3d.com\/wp-content\/uploads\/2023\/10\/Mexa3D_Logo_2_b.png\",\"contentUrl\":\"https:\/\/mexa3d.com\/wp-content\/uploads\/2023\/10\/Mexa3D_Logo_2_b.png\",\"width\":527,\"height\":208,\"caption\":\"MEXA3D - Industrielle NEXA 3D-Drucker\"},\"image\":{\"@id\":\"https:\/\/mexa3d.com\/#\/schema\/logo\/image\/\"},\"sameAs\":[\"https:\/\/www.linkedin.com\/company\/99502753\/\",\"https:\/\/www.instagram.com\/mexa3dnexa\/\"]}]}<\/script>\n<!-- \/ Yoast SEO plugin. -->","yoast_head_json":{"title":"xPEEK147-Zwarte Hars 1.5kg voor XiP en XiPPro - MEXA3D - Industrielle NEXA 3D-Drucker","robots":{"index":"index","follow":"follow","max-snippet":"max-snippet:-1","max-image-preview":"max-image-preview:large","max-video-preview":"max-video-preview:-1"},"canonical":"https:\/\/mexa3d.com\/nl\/produkt\/xpeek147-zwarte-hars-1-5kg-voor-xip-en-xippro\/","og_locale":"nl_NL","og_type":"article","og_title":"xPEEK147-Zwarte Hars 1.5kg voor XiP en XiPPro - MEXA3D - Industrielle NEXA 3D-Drucker","og_description":"Kleur: Zwart Afmeting: 1,5kg xPEEK147 is een hars bestand tegen hoge temperaturen met HDT 230\u00b0C voor tooling en giettoepassingen. Het materiaal wordt gekenmerkt door een goede maatvastheid, een goede oppervlaktekwaliteit en voldoende taaiheid om mechanische spanningen te weerstaan die worden veroorzaakt door vormgevingsprocessen. Het materiaal is temperatuurbestendig en ideaal voor het maken van gereedschap. Eigenschappen [&hellip;]","og_url":"https:\/\/mexa3d.com\/nl\/produkt\/xpeek147-zwarte-hars-1-5kg-voor-xip-en-xippro\/","og_site_name":"MEXA3D - Industrielle NEXA 3D-Drucker","article_modified_time":"2024-03-20T09:22:55+00:00","og_image":[{"width":576,"height":576,"url":"https:\/\/mexa3d.com\/wp-content\/uploads\/2023\/12\/xpeek147-black-1.5-kg-part_576x.webp","type":"image\/webp"}],"twitter_card":"summary_large_image","schema":{"@context":"https:\/\/schema.org","@graph":[{"@type":"WebPage","@id":"https:\/\/mexa3d.com\/nl\/produkt\/xpeek147-zwarte-hars-1-5kg-voor-xip-en-xippro\/","url":"https:\/\/mexa3d.com\/nl\/produkt\/xpeek147-zwarte-hars-1-5kg-voor-xip-en-xippro\/","name":"xPEEK147-Zwarte Hars 1.5kg voor XiP en XiPPro - MEXA3D - Industrielle NEXA 3D-Drucker","isPartOf":{"@id":"https:\/\/mexa3d.com\/#website"},"primaryImageOfPage":{"@id":"https:\/\/mexa3d.com\/nl\/produkt\/xpeek147-zwarte-hars-1-5kg-voor-xip-en-xippro\/#primaryimage"},"image":{"@id":"https:\/\/mexa3d.com\/nl\/produkt\/xpeek147-zwarte-hars-1-5kg-voor-xip-en-xippro\/#primaryimage"},"thumbnailUrl":"https:\/\/mexa3d.com\/wp-content\/uploads\/2023\/12\/xpeek147-black-1.5-kg-part_576x.webp","datePublished":"2023-12-04T13:56:23+00:00","dateModified":"2024-03-20T09:22:55+00:00","breadcrumb":{"@id":"https:\/\/mexa3d.com\/nl\/produkt\/xpeek147-zwarte-hars-1-5kg-voor-xip-en-xippro\/#breadcrumb"},"inLanguage":"nl-NL","potentialAction":[{"@type":"ReadAction","target":["https:\/\/mexa3d.com\/nl\/produkt\/xpeek147-zwarte-hars-1-5kg-voor-xip-en-xippro\/"]}]},{"@type":"ImageObject","inLanguage":"nl-NL","@id":"https:\/\/mexa3d.com\/nl\/produkt\/xpeek147-zwarte-hars-1-5kg-voor-xip-en-xippro\/#primaryimage","url":"https:\/\/mexa3d.com\/wp-content\/uploads\/2023\/12\/xpeek147-black-1.5-kg-part_576x.webp","contentUrl":"https:\/\/mexa3d.com\/wp-content\/uploads\/2023\/12\/xpeek147-black-1.5-kg-part_576x.webp","width":576,"height":576},{"@type":"BreadcrumbList","@id":"https:\/\/mexa3d.com\/nl\/produkt\/xpeek147-zwarte-hars-1-5kg-voor-xip-en-xippro\/#breadcrumb","itemListElement":[{"@type":"ListItem","position":1,"name":"Startseite","item":"https:\/\/mexa3d.com\/nl\/mexa3d-industriele-resin-3d-printers-voor-de-hoogste-productiviteit\/"},{"@type":"ListItem","position":2,"name":"Winkel op","item":"https:\/\/mexa3d.com\/nl\/winkel-op\/"},{"@type":"ListItem","position":3,"name":"xPEEK147-Zwarte Hars 1.5kg voor XiP en XiPPro"}]},{"@type":"WebSite","@id":"https:\/\/mexa3d.com\/#website","url":"https:\/\/mexa3d.com\/","name":"MEXA3D - Industrielle NEXA 3D-Drucker","description":"Ultraschnelle, industrielle Harz 3D-Drucker f\u00fcr un\u00fcbertroffene Produktivit\u00e4tsraten","publisher":{"@id":"https:\/\/mexa3d.com\/#organization"},"potentialAction":[{"@type":"SearchAction","target":{"@type":"EntryPoint","urlTemplate":"https:\/\/mexa3d.com\/?s={search_term_string}"},"query-input":{"@type":"PropertyValueSpecification","valueRequired":true,"valueName":"search_term_string"}}],"inLanguage":"nl-NL"},{"@type":"Organization","@id":"https:\/\/mexa3d.com\/#organization","name":"MEXA3D - Industrielle NEXA 3D-Drucker","url":"https:\/\/mexa3d.com\/","logo":{"@type":"ImageObject","inLanguage":"nl-NL","@id":"https:\/\/mexa3d.com\/#\/schema\/logo\/image\/","url":"https:\/\/mexa3d.com\/wp-content\/uploads\/2023\/10\/Mexa3D_Logo_2_b.png","contentUrl":"https:\/\/mexa3d.com\/wp-content\/uploads\/2023\/10\/Mexa3D_Logo_2_b.png","width":527,"height":208,"caption":"MEXA3D - Industrielle NEXA 3D-Drucker"},"image":{"@id":"https:\/\/mexa3d.com\/#\/schema\/logo\/image\/"},"sameAs":["https:\/\/www.linkedin.com\/company\/99502753\/","https:\/\/www.instagram.com\/mexa3dnexa\/"]}]}},"jetpack_sharing_enabled":true,"_links":{"self":[{"href":"https:\/\/mexa3d.com\/nl\/wp-json\/wp\/v2\/product\/5413","targetHints":{"allow":["GET"]}}],"collection":[{"href":"https:\/\/mexa3d.com\/nl\/wp-json\/wp\/v2\/product"}],"about":[{"href":"https:\/\/mexa3d.com\/nl\/wp-json\/wp\/v2\/types\/product"}],"replies":[{"embeddable":true,"href":"https:\/\/mexa3d.com\/nl\/wp-json\/wp\/v2\/comments?post=5413"}],"wp:featuredmedia":[{"embeddable":true,"href":"https:\/\/mexa3d.com\/nl\/wp-json\/wp\/v2\/media\/4042"}],"wp:attachment":[{"href":"https:\/\/mexa3d.com\/nl\/wp-json\/wp\/v2\/media?parent=5413"}],"wp:term":[{"taxonomy":"product_brand","embeddable":true,"href":"https:\/\/mexa3d.com\/nl\/wp-json\/wp\/v2\/product_brand?post=5413"},{"taxonomy":"product_cat","embeddable":true,"href":"https:\/\/mexa3d.com\/nl\/wp-json\/wp\/v2\/product_cat?post=5413"},{"taxonomy":"product_tag","embeddable":true,"href":"https:\/\/mexa3d.com\/nl\/wp-json\/wp\/v2\/product_tag?post=5413"}],"curies":[{"name":"wp","href":"https:\/\/api.w.org\/{rel}","templated":true}]}}