{"id":5414,"date":"2023-12-04T14:25:23","date_gmt":"2023-12-04T13:25:23","guid":{"rendered":"https:\/\/mexa3d.com\/produkt\/xflex402-zwarte-hars-1kg\/"},"modified":"2024-04-15T13:47:32","modified_gmt":"2024-04-15T11:47:32","slug":"xflex402-zwarte-hars-1kg","status":"publish","type":"product","link":"https:\/\/mexa3d.com\/nl\/produkt\/xflex402-zwarte-hars-1kg\/","title":{"rendered":"xFLEX402-Zwarte Hars 1kg"},"content":{"rendered":"<p>Kleur: Zwart<\/p>\n<p>Afmeting: 1kg<\/p>\n<p>OPMERKING: Koop in plaats daarvan &#8220;xFLEX402-Black 1kg Resin for XiP&#8221; voor het gebruik van XIP.<\/p>\n<p>xFLEX402-Black is een halfvast, rubberachtig elastomeer dat prototypes en productieonderdelen elasticiteit, hoge veerkracht, goede rek en duurzaamheid geeft.<\/p>\n","protected":false},"excerpt":{"rendered":"<p>Kleur: Zwart Afmeting: 1kg OPMERKING: Koop in plaats daarvan &#8220;xFLEX402-Black 1kg Resin for XiP&#8221; voor het gebruik van XIP. xFLEX402-Black is een halfvast, rubberachtig elastomeer dat prototypes en productieonderdelen elasticiteit, hoge veerkracht, goede rek en duurzaamheid geeft.<\/p>\n","protected":false},"featured_media":3995,"comment_status":"open","ping_status":"closed","template":"","meta":[],"product_brand":[],"product_cat":[95],"product_tag":[],"class_list":{"0":"post-5414","1":"product","2":"type-product","3":"status-publish","4":"has-post-thumbnail","6":"product_cat-materialen","7":"product_shipping_class-verzekerde-verzending","9":"first","10":"instock","11":"taxable","12":"shipping-taxable","13":"purchasable","14":"product-type-simple"},"yoast_head":"<!-- This site is optimized with the Yoast SEO plugin v24.5 - https:\/\/yoast.com\/wordpress\/plugins\/seo\/ -->\n<title>xFLEX402-Zwarte Hars 1kg - MEXA3D - Industrielle NEXA 3D-Drucker<\/title>\n<meta name=\"robots\" content=\"index, follow, max-snippet:-1, max-image-preview:large, max-video-preview:-1\" \/>\n<link rel=\"canonical\" href=\"https:\/\/mexa3d.com\/nl\/produkt\/xflex402-zwarte-hars-1kg\/\" \/>\n<meta property=\"og:locale\" content=\"nl_NL\" \/>\n<meta property=\"og:type\" content=\"article\" \/>\n<meta property=\"og:title\" content=\"xFLEX402-Zwarte Hars 1kg - MEXA3D - Industrielle NEXA 3D-Drucker\" \/>\n<meta property=\"og:description\" content=\"Kleur: Zwart Afmeting: 1kg OPMERKING: Koop in plaats daarvan &#8220;xFLEX402-Black 1kg Resin for XiP&#8221; voor het gebruik van XIP. xFLEX402-Black is een halfvast, rubberachtig elastomeer dat prototypes en productieonderdelen elasticiteit, hoge veerkracht, goede rek en duurzaamheid geeft.\" \/>\n<meta property=\"og:url\" content=\"https:\/\/mexa3d.com\/nl\/produkt\/xflex402-zwarte-hars-1kg\/\" \/>\n<meta property=\"og:site_name\" content=\"MEXA3D - Industrielle NEXA 3D-Drucker\" \/>\n<meta property=\"article:modified_time\" content=\"2024-04-15T11:47:32+00:00\" \/>\n<meta property=\"og:image\" content=\"https:\/\/mexa3d.com\/wp-content\/uploads\/2023\/12\/xflex402-black-resin-1kg_576x.webp\" \/>\n\t<meta property=\"og:image:width\" content=\"576\" \/>\n\t<meta property=\"og:image:height\" content=\"576\" \/>\n\t<meta property=\"og:image:type\" content=\"image\/webp\" \/>\n<meta name=\"twitter:card\" content=\"summary_large_image\" \/>\n<script type=\"application\/ld+json\" class=\"yoast-schema-graph\">{\"@context\":\"https:\/\/schema.org\",\"@graph\":[{\"@type\":\"WebPage\",\"@id\":\"https:\/\/mexa3d.com\/nl\/produkt\/xflex402-zwarte-hars-1kg\/\",\"url\":\"https:\/\/mexa3d.com\/nl\/produkt\/xflex402-zwarte-hars-1kg\/\",\"name\":\"xFLEX402-Zwarte Hars 1kg - MEXA3D - Industrielle NEXA 3D-Drucker\",\"isPartOf\":{\"@id\":\"https:\/\/mexa3d.com\/#website\"},\"primaryImageOfPage\":{\"@id\":\"https:\/\/mexa3d.com\/nl\/produkt\/xflex402-zwarte-hars-1kg\/#primaryimage\"},\"image\":{\"@id\":\"https:\/\/mexa3d.com\/nl\/produkt\/xflex402-zwarte-hars-1kg\/#primaryimage\"},\"thumbnailUrl\":\"https:\/\/mexa3d.com\/wp-content\/uploads\/2023\/12\/xflex402-black-resin-1kg_576x.webp\",\"datePublished\":\"2023-12-04T13:25:23+00:00\",\"dateModified\":\"2024-04-15T11:47:32+00:00\",\"breadcrumb\":{\"@id\":\"https:\/\/mexa3d.com\/nl\/produkt\/xflex402-zwarte-hars-1kg\/#breadcrumb\"},\"inLanguage\":\"nl-NL\",\"potentialAction\":[{\"@type\":\"ReadAction\",\"target\":[\"https:\/\/mexa3d.com\/nl\/produkt\/xflex402-zwarte-hars-1kg\/\"]}]},{\"@type\":\"ImageObject\",\"inLanguage\":\"nl-NL\",\"@id\":\"https:\/\/mexa3d.com\/nl\/produkt\/xflex402-zwarte-hars-1kg\/#primaryimage\",\"url\":\"https:\/\/mexa3d.com\/wp-content\/uploads\/2023\/12\/xflex402-black-resin-1kg_576x.webp\",\"contentUrl\":\"https:\/\/mexa3d.com\/wp-content\/uploads\/2023\/12\/xflex402-black-resin-1kg_576x.webp\",\"width\":576,\"height\":576},{\"@type\":\"BreadcrumbList\",\"@id\":\"https:\/\/mexa3d.com\/nl\/produkt\/xflex402-zwarte-hars-1kg\/#breadcrumb\",\"itemListElement\":[{\"@type\":\"ListItem\",\"position\":1,\"name\":\"Startseite\",\"item\":\"https:\/\/mexa3d.com\/nl\/mexa3d-industriele-resin-3d-printers-voor-de-hoogste-productiviteit\/\"},{\"@type\":\"ListItem\",\"position\":2,\"name\":\"Winkel op\",\"item\":\"https:\/\/mexa3d.com\/nl\/winkel-op\/\"},{\"@type\":\"ListItem\",\"position\":3,\"name\":\"xFLEX402-Zwarte Hars 1kg\"}]},{\"@type\":\"WebSite\",\"@id\":\"https:\/\/mexa3d.com\/#website\",\"url\":\"https:\/\/mexa3d.com\/\",\"name\":\"MEXA3D - Industrielle NEXA 3D-Drucker\",\"description\":\"Ultraschnelle, industrielle Harz 3D-Drucker f\u00fcr un\u00fcbertroffene Produktivit\u00e4tsraten\",\"publisher\":{\"@id\":\"https:\/\/mexa3d.com\/#organization\"},\"potentialAction\":[{\"@type\":\"SearchAction\",\"target\":{\"@type\":\"EntryPoint\",\"urlTemplate\":\"https:\/\/mexa3d.com\/?s={search_term_string}\"},\"query-input\":{\"@type\":\"PropertyValueSpecification\",\"valueRequired\":true,\"valueName\":\"search_term_string\"}}],\"inLanguage\":\"nl-NL\"},{\"@type\":\"Organization\",\"@id\":\"https:\/\/mexa3d.com\/#organization\",\"name\":\"MEXA3D - Industrielle NEXA 3D-Drucker\",\"url\":\"https:\/\/mexa3d.com\/\",\"logo\":{\"@type\":\"ImageObject\",\"inLanguage\":\"nl-NL\",\"@id\":\"https:\/\/mexa3d.com\/#\/schema\/logo\/image\/\",\"url\":\"https:\/\/mexa3d.com\/wp-content\/uploads\/2023\/10\/Mexa3D_Logo_2_b.png\",\"contentUrl\":\"https:\/\/mexa3d.com\/wp-content\/uploads\/2023\/10\/Mexa3D_Logo_2_b.png\",\"width\":527,\"height\":208,\"caption\":\"MEXA3D - Industrielle NEXA 3D-Drucker\"},\"image\":{\"@id\":\"https:\/\/mexa3d.com\/#\/schema\/logo\/image\/\"},\"sameAs\":[\"https:\/\/www.linkedin.com\/company\/99502753\/\",\"https:\/\/www.instagram.com\/mexa3dnexa\/\"]}]}<\/script>\n<!-- \/ Yoast SEO plugin. -->","yoast_head_json":{"title":"xFLEX402-Zwarte Hars 1kg - MEXA3D - Industrielle NEXA 3D-Drucker","robots":{"index":"index","follow":"follow","max-snippet":"max-snippet:-1","max-image-preview":"max-image-preview:large","max-video-preview":"max-video-preview:-1"},"canonical":"https:\/\/mexa3d.com\/nl\/produkt\/xflex402-zwarte-hars-1kg\/","og_locale":"nl_NL","og_type":"article","og_title":"xFLEX402-Zwarte Hars 1kg - MEXA3D - Industrielle NEXA 3D-Drucker","og_description":"Kleur: Zwart Afmeting: 1kg OPMERKING: Koop in plaats daarvan &#8220;xFLEX402-Black 1kg Resin for XiP&#8221; voor het gebruik van XIP. xFLEX402-Black is een halfvast, rubberachtig elastomeer dat prototypes en productieonderdelen elasticiteit, hoge veerkracht, goede rek en duurzaamheid geeft.","og_url":"https:\/\/mexa3d.com\/nl\/produkt\/xflex402-zwarte-hars-1kg\/","og_site_name":"MEXA3D - Industrielle NEXA 3D-Drucker","article_modified_time":"2024-04-15T11:47:32+00:00","og_image":[{"width":576,"height":576,"url":"https:\/\/mexa3d.com\/wp-content\/uploads\/2023\/12\/xflex402-black-resin-1kg_576x.webp","type":"image\/webp"}],"twitter_card":"summary_large_image","schema":{"@context":"https:\/\/schema.org","@graph":[{"@type":"WebPage","@id":"https:\/\/mexa3d.com\/nl\/produkt\/xflex402-zwarte-hars-1kg\/","url":"https:\/\/mexa3d.com\/nl\/produkt\/xflex402-zwarte-hars-1kg\/","name":"xFLEX402-Zwarte Hars 1kg - MEXA3D - Industrielle NEXA 3D-Drucker","isPartOf":{"@id":"https:\/\/mexa3d.com\/#website"},"primaryImageOfPage":{"@id":"https:\/\/mexa3d.com\/nl\/produkt\/xflex402-zwarte-hars-1kg\/#primaryimage"},"image":{"@id":"https:\/\/mexa3d.com\/nl\/produkt\/xflex402-zwarte-hars-1kg\/#primaryimage"},"thumbnailUrl":"https:\/\/mexa3d.com\/wp-content\/uploads\/2023\/12\/xflex402-black-resin-1kg_576x.webp","datePublished":"2023-12-04T13:25:23+00:00","dateModified":"2024-04-15T11:47:32+00:00","breadcrumb":{"@id":"https:\/\/mexa3d.com\/nl\/produkt\/xflex402-zwarte-hars-1kg\/#breadcrumb"},"inLanguage":"nl-NL","potentialAction":[{"@type":"ReadAction","target":["https:\/\/mexa3d.com\/nl\/produkt\/xflex402-zwarte-hars-1kg\/"]}]},{"@type":"ImageObject","inLanguage":"nl-NL","@id":"https:\/\/mexa3d.com\/nl\/produkt\/xflex402-zwarte-hars-1kg\/#primaryimage","url":"https:\/\/mexa3d.com\/wp-content\/uploads\/2023\/12\/xflex402-black-resin-1kg_576x.webp","contentUrl":"https:\/\/mexa3d.com\/wp-content\/uploads\/2023\/12\/xflex402-black-resin-1kg_576x.webp","width":576,"height":576},{"@type":"BreadcrumbList","@id":"https:\/\/mexa3d.com\/nl\/produkt\/xflex402-zwarte-hars-1kg\/#breadcrumb","itemListElement":[{"@type":"ListItem","position":1,"name":"Startseite","item":"https:\/\/mexa3d.com\/nl\/mexa3d-industriele-resin-3d-printers-voor-de-hoogste-productiviteit\/"},{"@type":"ListItem","position":2,"name":"Winkel op","item":"https:\/\/mexa3d.com\/nl\/winkel-op\/"},{"@type":"ListItem","position":3,"name":"xFLEX402-Zwarte Hars 1kg"}]},{"@type":"WebSite","@id":"https:\/\/mexa3d.com\/#website","url":"https:\/\/mexa3d.com\/","name":"MEXA3D - Industrielle NEXA 3D-Drucker","description":"Ultraschnelle, industrielle Harz 3D-Drucker f\u00fcr un\u00fcbertroffene Produktivit\u00e4tsraten","publisher":{"@id":"https:\/\/mexa3d.com\/#organization"},"potentialAction":[{"@type":"SearchAction","target":{"@type":"EntryPoint","urlTemplate":"https:\/\/mexa3d.com\/?s={search_term_string}"},"query-input":{"@type":"PropertyValueSpecification","valueRequired":true,"valueName":"search_term_string"}}],"inLanguage":"nl-NL"},{"@type":"Organization","@id":"https:\/\/mexa3d.com\/#organization","name":"MEXA3D - Industrielle NEXA 3D-Drucker","url":"https:\/\/mexa3d.com\/","logo":{"@type":"ImageObject","inLanguage":"nl-NL","@id":"https:\/\/mexa3d.com\/#\/schema\/logo\/image\/","url":"https:\/\/mexa3d.com\/wp-content\/uploads\/2023\/10\/Mexa3D_Logo_2_b.png","contentUrl":"https:\/\/mexa3d.com\/wp-content\/uploads\/2023\/10\/Mexa3D_Logo_2_b.png","width":527,"height":208,"caption":"MEXA3D - Industrielle NEXA 3D-Drucker"},"image":{"@id":"https:\/\/mexa3d.com\/#\/schema\/logo\/image\/"},"sameAs":["https:\/\/www.linkedin.com\/company\/99502753\/","https:\/\/www.instagram.com\/mexa3dnexa\/"]}]}},"jetpack_sharing_enabled":true,"_links":{"self":[{"href":"https:\/\/mexa3d.com\/nl\/wp-json\/wp\/v2\/product\/5414","targetHints":{"allow":["GET"]}}],"collection":[{"href":"https:\/\/mexa3d.com\/nl\/wp-json\/wp\/v2\/product"}],"about":[{"href":"https:\/\/mexa3d.com\/nl\/wp-json\/wp\/v2\/types\/product"}],"replies":[{"embeddable":true,"href":"https:\/\/mexa3d.com\/nl\/wp-json\/wp\/v2\/comments?post=5414"}],"wp:featuredmedia":[{"embeddable":true,"href":"https:\/\/mexa3d.com\/nl\/wp-json\/wp\/v2\/media\/3995"}],"wp:attachment":[{"href":"https:\/\/mexa3d.com\/nl\/wp-json\/wp\/v2\/media?parent=5414"}],"wp:term":[{"taxonomy":"product_brand","embeddable":true,"href":"https:\/\/mexa3d.com\/nl\/wp-json\/wp\/v2\/product_brand?post=5414"},{"taxonomy":"product_cat","embeddable":true,"href":"https:\/\/mexa3d.com\/nl\/wp-json\/wp\/v2\/product_cat?post=5414"},{"taxonomy":"product_tag","embeddable":true,"href":"https:\/\/mexa3d.com\/nl\/wp-json\/wp\/v2\/product_tag?post=5414"}],"curies":[{"name":"wp","href":"https:\/\/api.w.org\/{rel}","templated":true}]}}