{"id":5420,"date":"2023-12-04T15:19:38","date_gmt":"2023-12-04T14:19:38","guid":{"rendered":"https:\/\/mexa3d.com\/produkt\/xabs3843-zwarte-hars-15kg-voor-xip-en-xippro\/"},"modified":"2024-03-20T10:21:44","modified_gmt":"2024-03-20T09:21:44","slug":"xabs3843-zwarte-hars-15kg-voor-xip-en-xippro","status":"publish","type":"product","link":"https:\/\/mexa3d.com\/nl\/produkt\/xabs3843-zwarte-hars-15kg-voor-xip-en-xippro\/","title":{"rendered":"xABS3843-Zwarte hars 1,5kg voor XiP en XiPPro"},"content":{"rendered":"<p>Kleur: Zwart<\/p>\n<p>Afmetingen: 1,5 kg<\/p>\n<p>Robuust en duurzaam materiaal met de esthetiek van spuitgegoten zwart ABS. Hoogwaardig materiaal met een hoge modulus, gekenmerkt door uitstekende fysische eigenschappen op het gebied van buigen en trekken en een relatief hoge rek. Het heeft een hoge groene sterkte en een goede hittebestendigheid, wat betekent dat het nauwkeurig kan worden geprint en in een breed scala aan toepassingen kan worden gebruikt. Het werd getest onder QUV-buitenverouderingsomstandigheden (ASTM G-154) gedurende 800 uur met minder dan 15% verandering in trek- en IZOD-impacteigenschappen.<\/p>\n<p>Eigenschappen<\/p>\n<ul>\n<li>ABS-achtige stijfheid<\/li>\n<li>Sterk en duurzaam<\/li>\n<li>Veel aandacht voor detail<\/li>\n<\/ul>\n<p>Gebruikt<\/p>\n<ul>\n<li>Modellen voor ontwerpverificatie &#8211; Functionele prototypes<\/li>\n<li>Snapverbindingen<\/li>\n<li>Sjablonen en apparaten<\/li>\n<li>Voorbeeld<\/li>\n<li>Onderdelen voor eindgebruik<\/li>\n<li>Goede verweringseigenschappen<\/li>\n<\/ul>\n<p>&nbsp;<\/p>\n<p><a href=\"https:\/\/mexa3d.com\/wp-content\/uploads\/2023\/12\/Nexa3D-3843-xABS-TDS-Drafts-R8.pdf\">Technische gegevens<\/a><\/p>\n<p>&nbsp;<\/p>\n","protected":false},"excerpt":{"rendered":"<p>Kleur: Zwart Afmetingen: 1,5 kg Robuust en duurzaam materiaal met de esthetiek van spuitgegoten zwart ABS. Hoogwaardig materiaal met een hoge modulus, gekenmerkt door uitstekende fysische eigenschappen op het gebied van buigen en trekken en een relatief hoge rek. Het heeft een hoge groene sterkte en een goede hittebestendigheid, wat betekent dat het nauwkeurig kan [&hellip;]<\/p>\n","protected":false},"featured_media":4068,"comment_status":"open","ping_status":"closed","template":"","meta":[],"product_brand":[],"product_cat":[95],"product_tag":[],"class_list":{"0":"post-5420","1":"product","2":"type-product","3":"status-publish","4":"has-post-thumbnail","6":"product_cat-materialen","7":"product_shipping_class-verzekerde-verzending","9":"first","10":"instock","11":"taxable","12":"shipping-taxable","13":"purchasable","14":"product-type-simple"},"yoast_head":"<!-- This site is optimized with the Yoast SEO plugin v24.5 - https:\/\/yoast.com\/wordpress\/plugins\/seo\/ -->\n<title>xABS3843-Zwarte hars 1,5kg voor XiP en XiPPro - MEXA3D - Industrielle NEXA 3D-Drucker<\/title>\n<meta name=\"robots\" content=\"index, follow, max-snippet:-1, max-image-preview:large, max-video-preview:-1\" \/>\n<link rel=\"canonical\" href=\"https:\/\/mexa3d.com\/nl\/produkt\/xabs3843-zwarte-hars-15kg-voor-xip-en-xippro\/\" \/>\n<meta property=\"og:locale\" content=\"nl_NL\" \/>\n<meta property=\"og:type\" content=\"article\" \/>\n<meta property=\"og:title\" content=\"xABS3843-Zwarte hars 1,5kg voor XiP en XiPPro - MEXA3D - Industrielle NEXA 3D-Drucker\" \/>\n<meta property=\"og:description\" content=\"Kleur: Zwart Afmetingen: 1,5 kg Robuust en duurzaam materiaal met de esthetiek van spuitgegoten zwart ABS. Hoogwaardig materiaal met een hoge modulus, gekenmerkt door uitstekende fysische eigenschappen op het gebied van buigen en trekken en een relatief hoge rek. Het heeft een hoge groene sterkte en een goede hittebestendigheid, wat betekent dat het nauwkeurig kan [&hellip;]\" \/>\n<meta property=\"og:url\" content=\"https:\/\/mexa3d.com\/nl\/produkt\/xabs3843-zwarte-hars-15kg-voor-xip-en-xippro\/\" \/>\n<meta property=\"og:site_name\" content=\"MEXA3D - Industrielle NEXA 3D-Drucker\" \/>\n<meta property=\"article:modified_time\" content=\"2024-03-20T09:21:44+00:00\" \/>\n<meta property=\"og:image\" content=\"https:\/\/mexa3d.com\/wp-content\/uploads\/2023\/12\/3743-abs-black-1.5-kg-part_288x.png\" \/>\n\t<meta property=\"og:image:width\" content=\"288\" \/>\n\t<meta property=\"og:image:height\" content=\"288\" \/>\n\t<meta property=\"og:image:type\" content=\"image\/png\" \/>\n<meta name=\"twitter:card\" content=\"summary_large_image\" \/>\n<meta name=\"twitter:label1\" content=\"Geschatte leestijd\" \/>\n\t<meta name=\"twitter:data1\" content=\"1 minuut\" \/>\n<script type=\"application\/ld+json\" class=\"yoast-schema-graph\">{\"@context\":\"https:\/\/schema.org\",\"@graph\":[{\"@type\":\"WebPage\",\"@id\":\"https:\/\/mexa3d.com\/nl\/produkt\/xabs3843-zwarte-hars-15kg-voor-xip-en-xippro\/\",\"url\":\"https:\/\/mexa3d.com\/nl\/produkt\/xabs3843-zwarte-hars-15kg-voor-xip-en-xippro\/\",\"name\":\"xABS3843-Zwarte hars 1,5kg voor XiP en XiPPro - MEXA3D - Industrielle NEXA 3D-Drucker\",\"isPartOf\":{\"@id\":\"https:\/\/mexa3d.com\/#website\"},\"primaryImageOfPage\":{\"@id\":\"https:\/\/mexa3d.com\/nl\/produkt\/xabs3843-zwarte-hars-15kg-voor-xip-en-xippro\/#primaryimage\"},\"image\":{\"@id\":\"https:\/\/mexa3d.com\/nl\/produkt\/xabs3843-zwarte-hars-15kg-voor-xip-en-xippro\/#primaryimage\"},\"thumbnailUrl\":\"https:\/\/mexa3d.com\/wp-content\/uploads\/2023\/12\/3743-abs-black-1.5-kg-part_288x.png\",\"datePublished\":\"2023-12-04T14:19:38+00:00\",\"dateModified\":\"2024-03-20T09:21:44+00:00\",\"breadcrumb\":{\"@id\":\"https:\/\/mexa3d.com\/nl\/produkt\/xabs3843-zwarte-hars-15kg-voor-xip-en-xippro\/#breadcrumb\"},\"inLanguage\":\"nl-NL\",\"potentialAction\":[{\"@type\":\"ReadAction\",\"target\":[\"https:\/\/mexa3d.com\/nl\/produkt\/xabs3843-zwarte-hars-15kg-voor-xip-en-xippro\/\"]}]},{\"@type\":\"ImageObject\",\"inLanguage\":\"nl-NL\",\"@id\":\"https:\/\/mexa3d.com\/nl\/produkt\/xabs3843-zwarte-hars-15kg-voor-xip-en-xippro\/#primaryimage\",\"url\":\"https:\/\/mexa3d.com\/wp-content\/uploads\/2023\/12\/3743-abs-black-1.5-kg-part_288x.png\",\"contentUrl\":\"https:\/\/mexa3d.com\/wp-content\/uploads\/2023\/12\/3743-abs-black-1.5-kg-part_288x.png\",\"width\":288,\"height\":288},{\"@type\":\"BreadcrumbList\",\"@id\":\"https:\/\/mexa3d.com\/nl\/produkt\/xabs3843-zwarte-hars-15kg-voor-xip-en-xippro\/#breadcrumb\",\"itemListElement\":[{\"@type\":\"ListItem\",\"position\":1,\"name\":\"Startseite\",\"item\":\"https:\/\/mexa3d.com\/nl\/mexa3d-industriele-resin-3d-printers-voor-de-hoogste-productiviteit\/\"},{\"@type\":\"ListItem\",\"position\":2,\"name\":\"Winkel op\",\"item\":\"https:\/\/mexa3d.com\/nl\/winkel-op\/\"},{\"@type\":\"ListItem\",\"position\":3,\"name\":\"xABS3843-Zwarte hars 1,5kg voor XiP en XiPPro\"}]},{\"@type\":\"WebSite\",\"@id\":\"https:\/\/mexa3d.com\/#website\",\"url\":\"https:\/\/mexa3d.com\/\",\"name\":\"MEXA3D - Industrielle NEXA 3D-Drucker\",\"description\":\"Ultraschnelle, industrielle Harz 3D-Drucker f\u00fcr un\u00fcbertroffene Produktivit\u00e4tsraten\",\"publisher\":{\"@id\":\"https:\/\/mexa3d.com\/#organization\"},\"potentialAction\":[{\"@type\":\"SearchAction\",\"target\":{\"@type\":\"EntryPoint\",\"urlTemplate\":\"https:\/\/mexa3d.com\/?s={search_term_string}\"},\"query-input\":{\"@type\":\"PropertyValueSpecification\",\"valueRequired\":true,\"valueName\":\"search_term_string\"}}],\"inLanguage\":\"nl-NL\"},{\"@type\":\"Organization\",\"@id\":\"https:\/\/mexa3d.com\/#organization\",\"name\":\"MEXA3D - Industrielle NEXA 3D-Drucker\",\"url\":\"https:\/\/mexa3d.com\/\",\"logo\":{\"@type\":\"ImageObject\",\"inLanguage\":\"nl-NL\",\"@id\":\"https:\/\/mexa3d.com\/#\/schema\/logo\/image\/\",\"url\":\"https:\/\/mexa3d.com\/wp-content\/uploads\/2023\/10\/Mexa3D_Logo_2_b.png\",\"contentUrl\":\"https:\/\/mexa3d.com\/wp-content\/uploads\/2023\/10\/Mexa3D_Logo_2_b.png\",\"width\":527,\"height\":208,\"caption\":\"MEXA3D - Industrielle NEXA 3D-Drucker\"},\"image\":{\"@id\":\"https:\/\/mexa3d.com\/#\/schema\/logo\/image\/\"},\"sameAs\":[\"https:\/\/www.linkedin.com\/company\/99502753\/\",\"https:\/\/www.instagram.com\/mexa3dnexa\/\"]}]}<\/script>\n<!-- \/ Yoast SEO plugin. -->","yoast_head_json":{"title":"xABS3843-Zwarte hars 1,5kg voor XiP en XiPPro - MEXA3D - Industrielle NEXA 3D-Drucker","robots":{"index":"index","follow":"follow","max-snippet":"max-snippet:-1","max-image-preview":"max-image-preview:large","max-video-preview":"max-video-preview:-1"},"canonical":"https:\/\/mexa3d.com\/nl\/produkt\/xabs3843-zwarte-hars-15kg-voor-xip-en-xippro\/","og_locale":"nl_NL","og_type":"article","og_title":"xABS3843-Zwarte hars 1,5kg voor XiP en XiPPro - MEXA3D - Industrielle NEXA 3D-Drucker","og_description":"Kleur: Zwart Afmetingen: 1,5 kg Robuust en duurzaam materiaal met de esthetiek van spuitgegoten zwart ABS. Hoogwaardig materiaal met een hoge modulus, gekenmerkt door uitstekende fysische eigenschappen op het gebied van buigen en trekken en een relatief hoge rek. Het heeft een hoge groene sterkte en een goede hittebestendigheid, wat betekent dat het nauwkeurig kan [&hellip;]","og_url":"https:\/\/mexa3d.com\/nl\/produkt\/xabs3843-zwarte-hars-15kg-voor-xip-en-xippro\/","og_site_name":"MEXA3D - Industrielle NEXA 3D-Drucker","article_modified_time":"2024-03-20T09:21:44+00:00","og_image":[{"width":288,"height":288,"url":"https:\/\/mexa3d.com\/wp-content\/uploads\/2023\/12\/3743-abs-black-1.5-kg-part_288x.png","type":"image\/png"}],"twitter_card":"summary_large_image","twitter_misc":{"Geschatte leestijd":"1 minuut"},"schema":{"@context":"https:\/\/schema.org","@graph":[{"@type":"WebPage","@id":"https:\/\/mexa3d.com\/nl\/produkt\/xabs3843-zwarte-hars-15kg-voor-xip-en-xippro\/","url":"https:\/\/mexa3d.com\/nl\/produkt\/xabs3843-zwarte-hars-15kg-voor-xip-en-xippro\/","name":"xABS3843-Zwarte hars 1,5kg voor XiP en XiPPro - MEXA3D - Industrielle NEXA 3D-Drucker","isPartOf":{"@id":"https:\/\/mexa3d.com\/#website"},"primaryImageOfPage":{"@id":"https:\/\/mexa3d.com\/nl\/produkt\/xabs3843-zwarte-hars-15kg-voor-xip-en-xippro\/#primaryimage"},"image":{"@id":"https:\/\/mexa3d.com\/nl\/produkt\/xabs3843-zwarte-hars-15kg-voor-xip-en-xippro\/#primaryimage"},"thumbnailUrl":"https:\/\/mexa3d.com\/wp-content\/uploads\/2023\/12\/3743-abs-black-1.5-kg-part_288x.png","datePublished":"2023-12-04T14:19:38+00:00","dateModified":"2024-03-20T09:21:44+00:00","breadcrumb":{"@id":"https:\/\/mexa3d.com\/nl\/produkt\/xabs3843-zwarte-hars-15kg-voor-xip-en-xippro\/#breadcrumb"},"inLanguage":"nl-NL","potentialAction":[{"@type":"ReadAction","target":["https:\/\/mexa3d.com\/nl\/produkt\/xabs3843-zwarte-hars-15kg-voor-xip-en-xippro\/"]}]},{"@type":"ImageObject","inLanguage":"nl-NL","@id":"https:\/\/mexa3d.com\/nl\/produkt\/xabs3843-zwarte-hars-15kg-voor-xip-en-xippro\/#primaryimage","url":"https:\/\/mexa3d.com\/wp-content\/uploads\/2023\/12\/3743-abs-black-1.5-kg-part_288x.png","contentUrl":"https:\/\/mexa3d.com\/wp-content\/uploads\/2023\/12\/3743-abs-black-1.5-kg-part_288x.png","width":288,"height":288},{"@type":"BreadcrumbList","@id":"https:\/\/mexa3d.com\/nl\/produkt\/xabs3843-zwarte-hars-15kg-voor-xip-en-xippro\/#breadcrumb","itemListElement":[{"@type":"ListItem","position":1,"name":"Startseite","item":"https:\/\/mexa3d.com\/nl\/mexa3d-industriele-resin-3d-printers-voor-de-hoogste-productiviteit\/"},{"@type":"ListItem","position":2,"name":"Winkel op","item":"https:\/\/mexa3d.com\/nl\/winkel-op\/"},{"@type":"ListItem","position":3,"name":"xABS3843-Zwarte hars 1,5kg voor XiP en XiPPro"}]},{"@type":"WebSite","@id":"https:\/\/mexa3d.com\/#website","url":"https:\/\/mexa3d.com\/","name":"MEXA3D - Industrielle NEXA 3D-Drucker","description":"Ultraschnelle, industrielle Harz 3D-Drucker f\u00fcr un\u00fcbertroffene Produktivit\u00e4tsraten","publisher":{"@id":"https:\/\/mexa3d.com\/#organization"},"potentialAction":[{"@type":"SearchAction","target":{"@type":"EntryPoint","urlTemplate":"https:\/\/mexa3d.com\/?s={search_term_string}"},"query-input":{"@type":"PropertyValueSpecification","valueRequired":true,"valueName":"search_term_string"}}],"inLanguage":"nl-NL"},{"@type":"Organization","@id":"https:\/\/mexa3d.com\/#organization","name":"MEXA3D - Industrielle NEXA 3D-Drucker","url":"https:\/\/mexa3d.com\/","logo":{"@type":"ImageObject","inLanguage":"nl-NL","@id":"https:\/\/mexa3d.com\/#\/schema\/logo\/image\/","url":"https:\/\/mexa3d.com\/wp-content\/uploads\/2023\/10\/Mexa3D_Logo_2_b.png","contentUrl":"https:\/\/mexa3d.com\/wp-content\/uploads\/2023\/10\/Mexa3D_Logo_2_b.png","width":527,"height":208,"caption":"MEXA3D - Industrielle NEXA 3D-Drucker"},"image":{"@id":"https:\/\/mexa3d.com\/#\/schema\/logo\/image\/"},"sameAs":["https:\/\/www.linkedin.com\/company\/99502753\/","https:\/\/www.instagram.com\/mexa3dnexa\/"]}]}},"jetpack_sharing_enabled":true,"_links":{"self":[{"href":"https:\/\/mexa3d.com\/nl\/wp-json\/wp\/v2\/product\/5420","targetHints":{"allow":["GET"]}}],"collection":[{"href":"https:\/\/mexa3d.com\/nl\/wp-json\/wp\/v2\/product"}],"about":[{"href":"https:\/\/mexa3d.com\/nl\/wp-json\/wp\/v2\/types\/product"}],"replies":[{"embeddable":true,"href":"https:\/\/mexa3d.com\/nl\/wp-json\/wp\/v2\/comments?post=5420"}],"wp:featuredmedia":[{"embeddable":true,"href":"https:\/\/mexa3d.com\/nl\/wp-json\/wp\/v2\/media\/4068"}],"wp:attachment":[{"href":"https:\/\/mexa3d.com\/nl\/wp-json\/wp\/v2\/media?parent=5420"}],"wp:term":[{"taxonomy":"product_brand","embeddable":true,"href":"https:\/\/mexa3d.com\/nl\/wp-json\/wp\/v2\/product_brand?post=5420"},{"taxonomy":"product_cat","embeddable":true,"href":"https:\/\/mexa3d.com\/nl\/wp-json\/wp\/v2\/product_cat?post=5420"},{"taxonomy":"product_tag","embeddable":true,"href":"https:\/\/mexa3d.com\/nl\/wp-json\/wp\/v2\/product_tag?post=5420"}],"curies":[{"name":"wp","href":"https:\/\/api.w.org\/{rel}","templated":true}]}}