{"id":5421,"date":"2023-12-04T15:48:09","date_gmt":"2023-12-04T14:48:09","guid":{"rendered":"https:\/\/mexa3d.com\/produkt\/xmodel15-zwarte-hars-15kg-voor-xip-en-xippro\/"},"modified":"2024-04-15T13:41:06","modified_gmt":"2024-04-15T11:41:06","slug":"xmodel15-zwarte-hars-15kg-voor-xip-en-xippro","status":"publish","type":"product","link":"https:\/\/mexa3d.com\/nl\/produkt\/xmodel15-zwarte-hars-15kg-voor-xip-en-xippro\/","title":{"rendered":"xMODEL15-Zwarte hars 1,5kg voor XiP en XiPPro"},"content":{"rendered":"<p>Kleur: Zwart<\/p>\n<p>Afmeting: 1,5kg<\/p>\n<p><strong>xMODEL15-Zwarte Hars:<\/strong> Dit is een voordelig modelleermateriaal dat een uitstekende resolutie en nauwkeurigheid biedt voor een breed scala aan modelleertoepassingen. xMODEL15 is geformuleerd om uitzonderlijk succes bij de eerste afdruk te leveren met uitstekende details en een hoogwaardige oppervlakteafwerking.<\/p>\n<p><a href=\"https:\/\/mexa3d.com\/wp-content\/uploads\/2023\/12\/Nexa3D_xMODEL15_TechDataSheet.pdf\">Technische gegevens<\/a><\/p>\n<p><a href=\"https:\/\/mexa3d.com\/wp-content\/uploads\/2023\/12\/xMODEL15-Resin-Safety-Data-Sheet.pdf\">Veiligheidsinformatieblad<\/a><\/p>\n","protected":false},"excerpt":{"rendered":"<p>Kleur: Zwart Afmeting: 1,5kg xMODEL15-Zwarte Hars: Dit is een voordelig modelleermateriaal dat een uitstekende resolutie en nauwkeurigheid biedt voor een breed scala aan modelleertoepassingen. xMODEL15 is geformuleerd om uitzonderlijk succes bij de eerste afdruk te leveren met uitstekende details en een hoogwaardige oppervlakteafwerking. Technische gegevens Veiligheidsinformatieblad<\/p>\n","protected":false},"featured_media":4096,"comment_status":"open","ping_status":"closed","template":"","meta":[],"product_brand":[],"product_cat":[95],"product_tag":[],"class_list":{"0":"post-5421","1":"product","2":"type-product","3":"status-publish","4":"has-post-thumbnail","6":"product_cat-materialen","7":"product_shipping_class-verzekerde-verzending","9":"first","10":"instock","11":"taxable","12":"shipping-taxable","13":"purchasable","14":"product-type-simple"},"yoast_head":"<!-- This site is optimized with the Yoast SEO plugin v24.5 - https:\/\/yoast.com\/wordpress\/plugins\/seo\/ -->\n<title>xMODEL15-Zwarte hars 1,5kg voor XiP en XiPPro - MEXA3D - Industrielle NEXA 3D-Drucker<\/title>\n<meta name=\"robots\" content=\"index, follow, max-snippet:-1, max-image-preview:large, max-video-preview:-1\" \/>\n<link rel=\"canonical\" href=\"https:\/\/mexa3d.com\/nl\/produkt\/xmodel15-zwarte-hars-15kg-voor-xip-en-xippro\/\" \/>\n<meta property=\"og:locale\" content=\"nl_NL\" \/>\n<meta property=\"og:type\" content=\"article\" \/>\n<meta property=\"og:title\" content=\"xMODEL15-Zwarte hars 1,5kg voor XiP en XiPPro - MEXA3D - Industrielle NEXA 3D-Drucker\" \/>\n<meta property=\"og:description\" content=\"Kleur: Zwart Afmeting: 1,5kg xMODEL15-Zwarte Hars: Dit is een voordelig modelleermateriaal dat een uitstekende resolutie en nauwkeurigheid biedt voor een breed scala aan modelleertoepassingen. xMODEL15 is geformuleerd om uitzonderlijk succes bij de eerste afdruk te leveren met uitstekende details en een hoogwaardige oppervlakteafwerking. Technische gegevens Veiligheidsinformatieblad\" \/>\n<meta property=\"og:url\" content=\"https:\/\/mexa3d.com\/nl\/produkt\/xmodel15-zwarte-hars-15kg-voor-xip-en-xippro\/\" \/>\n<meta property=\"og:site_name\" content=\"MEXA3D - Industrielle NEXA 3D-Drucker\" \/>\n<meta property=\"article:modified_time\" content=\"2024-04-15T11:41:06+00:00\" \/>\n<meta property=\"og:image\" content=\"https:\/\/mexa3d.com\/wp-content\/uploads\/2023\/12\/xmodel15-black-1.5-kg-part_576x.webp\" \/>\n\t<meta property=\"og:image:width\" content=\"576\" \/>\n\t<meta property=\"og:image:height\" content=\"576\" \/>\n\t<meta property=\"og:image:type\" content=\"image\/webp\" \/>\n<meta name=\"twitter:card\" content=\"summary_large_image\" \/>\n<script type=\"application\/ld+json\" class=\"yoast-schema-graph\">{\"@context\":\"https:\/\/schema.org\",\"@graph\":[{\"@type\":\"WebPage\",\"@id\":\"https:\/\/mexa3d.com\/nl\/produkt\/xmodel15-zwarte-hars-15kg-voor-xip-en-xippro\/\",\"url\":\"https:\/\/mexa3d.com\/nl\/produkt\/xmodel15-zwarte-hars-15kg-voor-xip-en-xippro\/\",\"name\":\"xMODEL15-Zwarte hars 1,5kg voor XiP en XiPPro - MEXA3D - Industrielle NEXA 3D-Drucker\",\"isPartOf\":{\"@id\":\"https:\/\/mexa3d.com\/#website\"},\"primaryImageOfPage\":{\"@id\":\"https:\/\/mexa3d.com\/nl\/produkt\/xmodel15-zwarte-hars-15kg-voor-xip-en-xippro\/#primaryimage\"},\"image\":{\"@id\":\"https:\/\/mexa3d.com\/nl\/produkt\/xmodel15-zwarte-hars-15kg-voor-xip-en-xippro\/#primaryimage\"},\"thumbnailUrl\":\"https:\/\/mexa3d.com\/wp-content\/uploads\/2023\/12\/xmodel15-black-1.5-kg-part_576x.webp\",\"datePublished\":\"2023-12-04T14:48:09+00:00\",\"dateModified\":\"2024-04-15T11:41:06+00:00\",\"breadcrumb\":{\"@id\":\"https:\/\/mexa3d.com\/nl\/produkt\/xmodel15-zwarte-hars-15kg-voor-xip-en-xippro\/#breadcrumb\"},\"inLanguage\":\"nl-NL\",\"potentialAction\":[{\"@type\":\"ReadAction\",\"target\":[\"https:\/\/mexa3d.com\/nl\/produkt\/xmodel15-zwarte-hars-15kg-voor-xip-en-xippro\/\"]}]},{\"@type\":\"ImageObject\",\"inLanguage\":\"nl-NL\",\"@id\":\"https:\/\/mexa3d.com\/nl\/produkt\/xmodel15-zwarte-hars-15kg-voor-xip-en-xippro\/#primaryimage\",\"url\":\"https:\/\/mexa3d.com\/wp-content\/uploads\/2023\/12\/xmodel15-black-1.5-kg-part_576x.webp\",\"contentUrl\":\"https:\/\/mexa3d.com\/wp-content\/uploads\/2023\/12\/xmodel15-black-1.5-kg-part_576x.webp\",\"width\":576,\"height\":576},{\"@type\":\"BreadcrumbList\",\"@id\":\"https:\/\/mexa3d.com\/nl\/produkt\/xmodel15-zwarte-hars-15kg-voor-xip-en-xippro\/#breadcrumb\",\"itemListElement\":[{\"@type\":\"ListItem\",\"position\":1,\"name\":\"Startseite\",\"item\":\"https:\/\/mexa3d.com\/nl\/mexa3d-industriele-resin-3d-printers-voor-de-hoogste-productiviteit\/\"},{\"@type\":\"ListItem\",\"position\":2,\"name\":\"Winkel op\",\"item\":\"https:\/\/mexa3d.com\/nl\/winkel-op\/\"},{\"@type\":\"ListItem\",\"position\":3,\"name\":\"xMODEL15-Zwarte hars 1,5kg voor XiP en XiPPro\"}]},{\"@type\":\"WebSite\",\"@id\":\"https:\/\/mexa3d.com\/#website\",\"url\":\"https:\/\/mexa3d.com\/\",\"name\":\"MEXA3D - Industrielle NEXA 3D-Drucker\",\"description\":\"Ultraschnelle, industrielle Harz 3D-Drucker f\u00fcr un\u00fcbertroffene Produktivit\u00e4tsraten\",\"publisher\":{\"@id\":\"https:\/\/mexa3d.com\/#organization\"},\"potentialAction\":[{\"@type\":\"SearchAction\",\"target\":{\"@type\":\"EntryPoint\",\"urlTemplate\":\"https:\/\/mexa3d.com\/?s={search_term_string}\"},\"query-input\":{\"@type\":\"PropertyValueSpecification\",\"valueRequired\":true,\"valueName\":\"search_term_string\"}}],\"inLanguage\":\"nl-NL\"},{\"@type\":\"Organization\",\"@id\":\"https:\/\/mexa3d.com\/#organization\",\"name\":\"MEXA3D - Industrielle NEXA 3D-Drucker\",\"url\":\"https:\/\/mexa3d.com\/\",\"logo\":{\"@type\":\"ImageObject\",\"inLanguage\":\"nl-NL\",\"@id\":\"https:\/\/mexa3d.com\/#\/schema\/logo\/image\/\",\"url\":\"https:\/\/mexa3d.com\/wp-content\/uploads\/2023\/10\/Mexa3D_Logo_2_b.png\",\"contentUrl\":\"https:\/\/mexa3d.com\/wp-content\/uploads\/2023\/10\/Mexa3D_Logo_2_b.png\",\"width\":527,\"height\":208,\"caption\":\"MEXA3D - Industrielle NEXA 3D-Drucker\"},\"image\":{\"@id\":\"https:\/\/mexa3d.com\/#\/schema\/logo\/image\/\"},\"sameAs\":[\"https:\/\/www.linkedin.com\/company\/99502753\/\",\"https:\/\/www.instagram.com\/mexa3dnexa\/\"]}]}<\/script>\n<!-- \/ Yoast SEO plugin. -->","yoast_head_json":{"title":"xMODEL15-Zwarte hars 1,5kg voor XiP en XiPPro - MEXA3D - Industrielle NEXA 3D-Drucker","robots":{"index":"index","follow":"follow","max-snippet":"max-snippet:-1","max-image-preview":"max-image-preview:large","max-video-preview":"max-video-preview:-1"},"canonical":"https:\/\/mexa3d.com\/nl\/produkt\/xmodel15-zwarte-hars-15kg-voor-xip-en-xippro\/","og_locale":"nl_NL","og_type":"article","og_title":"xMODEL15-Zwarte hars 1,5kg voor XiP en XiPPro - MEXA3D - Industrielle NEXA 3D-Drucker","og_description":"Kleur: Zwart Afmeting: 1,5kg xMODEL15-Zwarte Hars: Dit is een voordelig modelleermateriaal dat een uitstekende resolutie en nauwkeurigheid biedt voor een breed scala aan modelleertoepassingen. xMODEL15 is geformuleerd om uitzonderlijk succes bij de eerste afdruk te leveren met uitstekende details en een hoogwaardige oppervlakteafwerking. Technische gegevens Veiligheidsinformatieblad","og_url":"https:\/\/mexa3d.com\/nl\/produkt\/xmodel15-zwarte-hars-15kg-voor-xip-en-xippro\/","og_site_name":"MEXA3D - Industrielle NEXA 3D-Drucker","article_modified_time":"2024-04-15T11:41:06+00:00","og_image":[{"width":576,"height":576,"url":"https:\/\/mexa3d.com\/wp-content\/uploads\/2023\/12\/xmodel15-black-1.5-kg-part_576x.webp","type":"image\/webp"}],"twitter_card":"summary_large_image","schema":{"@context":"https:\/\/schema.org","@graph":[{"@type":"WebPage","@id":"https:\/\/mexa3d.com\/nl\/produkt\/xmodel15-zwarte-hars-15kg-voor-xip-en-xippro\/","url":"https:\/\/mexa3d.com\/nl\/produkt\/xmodel15-zwarte-hars-15kg-voor-xip-en-xippro\/","name":"xMODEL15-Zwarte hars 1,5kg voor XiP en XiPPro - MEXA3D - Industrielle NEXA 3D-Drucker","isPartOf":{"@id":"https:\/\/mexa3d.com\/#website"},"primaryImageOfPage":{"@id":"https:\/\/mexa3d.com\/nl\/produkt\/xmodel15-zwarte-hars-15kg-voor-xip-en-xippro\/#primaryimage"},"image":{"@id":"https:\/\/mexa3d.com\/nl\/produkt\/xmodel15-zwarte-hars-15kg-voor-xip-en-xippro\/#primaryimage"},"thumbnailUrl":"https:\/\/mexa3d.com\/wp-content\/uploads\/2023\/12\/xmodel15-black-1.5-kg-part_576x.webp","datePublished":"2023-12-04T14:48:09+00:00","dateModified":"2024-04-15T11:41:06+00:00","breadcrumb":{"@id":"https:\/\/mexa3d.com\/nl\/produkt\/xmodel15-zwarte-hars-15kg-voor-xip-en-xippro\/#breadcrumb"},"inLanguage":"nl-NL","potentialAction":[{"@type":"ReadAction","target":["https:\/\/mexa3d.com\/nl\/produkt\/xmodel15-zwarte-hars-15kg-voor-xip-en-xippro\/"]}]},{"@type":"ImageObject","inLanguage":"nl-NL","@id":"https:\/\/mexa3d.com\/nl\/produkt\/xmodel15-zwarte-hars-15kg-voor-xip-en-xippro\/#primaryimage","url":"https:\/\/mexa3d.com\/wp-content\/uploads\/2023\/12\/xmodel15-black-1.5-kg-part_576x.webp","contentUrl":"https:\/\/mexa3d.com\/wp-content\/uploads\/2023\/12\/xmodel15-black-1.5-kg-part_576x.webp","width":576,"height":576},{"@type":"BreadcrumbList","@id":"https:\/\/mexa3d.com\/nl\/produkt\/xmodel15-zwarte-hars-15kg-voor-xip-en-xippro\/#breadcrumb","itemListElement":[{"@type":"ListItem","position":1,"name":"Startseite","item":"https:\/\/mexa3d.com\/nl\/mexa3d-industriele-resin-3d-printers-voor-de-hoogste-productiviteit\/"},{"@type":"ListItem","position":2,"name":"Winkel op","item":"https:\/\/mexa3d.com\/nl\/winkel-op\/"},{"@type":"ListItem","position":3,"name":"xMODEL15-Zwarte hars 1,5kg voor XiP en XiPPro"}]},{"@type":"WebSite","@id":"https:\/\/mexa3d.com\/#website","url":"https:\/\/mexa3d.com\/","name":"MEXA3D - Industrielle NEXA 3D-Drucker","description":"Ultraschnelle, industrielle Harz 3D-Drucker f\u00fcr un\u00fcbertroffene Produktivit\u00e4tsraten","publisher":{"@id":"https:\/\/mexa3d.com\/#organization"},"potentialAction":[{"@type":"SearchAction","target":{"@type":"EntryPoint","urlTemplate":"https:\/\/mexa3d.com\/?s={search_term_string}"},"query-input":{"@type":"PropertyValueSpecification","valueRequired":true,"valueName":"search_term_string"}}],"inLanguage":"nl-NL"},{"@type":"Organization","@id":"https:\/\/mexa3d.com\/#organization","name":"MEXA3D - Industrielle NEXA 3D-Drucker","url":"https:\/\/mexa3d.com\/","logo":{"@type":"ImageObject","inLanguage":"nl-NL","@id":"https:\/\/mexa3d.com\/#\/schema\/logo\/image\/","url":"https:\/\/mexa3d.com\/wp-content\/uploads\/2023\/10\/Mexa3D_Logo_2_b.png","contentUrl":"https:\/\/mexa3d.com\/wp-content\/uploads\/2023\/10\/Mexa3D_Logo_2_b.png","width":527,"height":208,"caption":"MEXA3D - Industrielle NEXA 3D-Drucker"},"image":{"@id":"https:\/\/mexa3d.com\/#\/schema\/logo\/image\/"},"sameAs":["https:\/\/www.linkedin.com\/company\/99502753\/","https:\/\/www.instagram.com\/mexa3dnexa\/"]}]}},"jetpack_sharing_enabled":true,"_links":{"self":[{"href":"https:\/\/mexa3d.com\/nl\/wp-json\/wp\/v2\/product\/5421","targetHints":{"allow":["GET"]}}],"collection":[{"href":"https:\/\/mexa3d.com\/nl\/wp-json\/wp\/v2\/product"}],"about":[{"href":"https:\/\/mexa3d.com\/nl\/wp-json\/wp\/v2\/types\/product"}],"replies":[{"embeddable":true,"href":"https:\/\/mexa3d.com\/nl\/wp-json\/wp\/v2\/comments?post=5421"}],"wp:featuredmedia":[{"embeddable":true,"href":"https:\/\/mexa3d.com\/nl\/wp-json\/wp\/v2\/media\/4096"}],"wp:attachment":[{"href":"https:\/\/mexa3d.com\/nl\/wp-json\/wp\/v2\/media?parent=5421"}],"wp:term":[{"taxonomy":"product_brand","embeddable":true,"href":"https:\/\/mexa3d.com\/nl\/wp-json\/wp\/v2\/product_brand?post=5421"},{"taxonomy":"product_cat","embeddable":true,"href":"https:\/\/mexa3d.com\/nl\/wp-json\/wp\/v2\/product_cat?post=5421"},{"taxonomy":"product_tag","embeddable":true,"href":"https:\/\/mexa3d.com\/nl\/wp-json\/wp\/v2\/product_tag?post=5421"}],"curies":[{"name":"wp","href":"https:\/\/api.w.org\/{rel}","templated":true}]}}