{"id":5441,"date":"2023-12-05T11:27:51","date_gmt":"2023-12-05T10:27:51","guid":{"rendered":"https:\/\/mexa3d.com\/produkt\/xip-desktop-hars-printer\/"},"modified":"2024-03-20T10:05:48","modified_gmt":"2024-03-20T09:05:48","slug":"xip-desktop-hars-printer","status":"publish","type":"product","link":"https:\/\/mexa3d.com\/nl\/produkt\/xip-desktop-hars-printer\/","title":{"rendered":"XIP Desktop Hars Printer"},"content":{"rendered":"<p>De XiP, een ultrasnelle desktop 3D printer voor kunststoffen, combineert een kleine, compacte footprint met een bouwvolume van 4,8 liter. Hiermee kunnen gebruikers prototypes en productieklare onderdelen maken voor techniek, tandheelkunde, geneeskunde, onderwijs en andere industrie\u00ebn. De XiP mSLA 3D printer heeft een open materiaalplatform dat flexibiliteit en gemakkelijke materiaaltoegang biedt. Het is compatibel met een reeks elastomere materialen voor algemeen gebruik en met polypropyleenachtige en PEEK-achtige harsen.<\/p>\n<p>&#8220;Dankzij XiP&#8217;s grote bouwvolume, hoge printsnelheid en eenvoudigere nabewerking kan ik sneller itereren en nieuwe ontwerpen valideren in uren in plaats van dagen.&#8221;<\/p>\n<p>Paul Cilino, werktuigbouwkundig ontwerper en eigenaar van MotoCilino, LLC<\/p>\n<p>&nbsp;<\/p>\n<\/p>\n<div class=\"table-1\">\n<table width=\"100%\">\n<thead>\n<tr>\n<th align=\"left\">Groot bouwvolume<\/th>\n<th align=\"left\">X: 195mm, Y: 115mm, Z: 210mm<\/p>\n<p>4,8 liter printvolume<\/th>\n<\/tr>\n<\/thead>\n<tbody>\n<tr>\n<th align=\"left\">Hoge resolutie<\/th>\n<th align=\"left\">4K monochroom 9,3&#8243; LCD-scherm<\/th>\n<\/tr>\n<tr>\n<th align=\"left\">Pixelgrootte<\/th>\n<th align=\"left\">52 \u00b5m<\/th>\n<\/tr>\n<tr>\n<th align=\"left\">Laaghoogte<\/th>\n<th align=\"left\">50 \u00b5m \/ 100 \u00b5m \/ 200 \u00b5m<\/th>\n<\/tr>\n<tr>\n<th align=\"left\">Hardware<\/th>\n<th align=\"left\">Billet aluminium behuizing<br \/>\n420 mm (16,5&#8243;) B x 350 mm (14&#8243;) D x 530 mm (21&#8243;) H<br \/>\nStijve parallelle lineaire rails, precisiekogelomloopspil Z-as<br \/>\nIngang: 100-240Vac, 50\/60Hz<br \/>\nEthernet\/USB\/Wi-Fi-aansluitopties<br \/>\n5,5&#8243; LCD-kleurentouchscreen<\/th>\n<\/tr>\n<tr>\n<th align=\"left\">Materialen<\/th>\n<th align=\"left\">Ons groeiende netwerk van materiaalleveranciers, waaronder Henkel, BASF en Keystone, in combinatie met onze eigen speciale harsen, biedt geweldige mogelijkheden voor een breed scala aan toepassingen:<br \/>\nRapid prototyping: algemene toepassingen, ontwerp<br \/>\nTandheelkunde: model, chirurgisch sjabloon, spalk, tray<br \/>\nIndustrieel: Diverse elastomeren met hoge modulus, taai, duurzaam, hoge HDT, elastomeer<br \/>\nMedisch: biocompatibel, duurzaam<\/th>\n<\/tr>\n<\/tbody>\n<\/table>\n<\/div>\n<p>\n","protected":false},"excerpt":{"rendered":"<p>De XiP, een ultrasnelle desktop 3D printer voor kunststoffen, combineert een kleine, compacte footprint met een bouwvolume van 4,8 liter. Hiermee kunnen gebruikers prototypes en productieklare onderdelen maken voor techniek, tandheelkunde, geneeskunde, onderwijs en andere industrie\u00ebn. De XiP mSLA 3D printer heeft een open materiaalplatform dat flexibiliteit en gemakkelijke materiaaltoegang biedt. Het is compatibel met [&hellip;]<\/p>\n","protected":false},"featured_media":4207,"comment_status":"open","ping_status":"closed","template":"","meta":[],"product_brand":[],"product_cat":[101],"product_tag":[],"class_list":{"0":"post-5441","1":"product","2":"type-product","3":"status-publish","4":"has-post-thumbnail","6":"product_cat-nexa3d-xip-desktop-3d-printer-nl","7":"product_shipping_class-verzekerde-verzending","9":"first","10":"instock","11":"taxable","12":"shipping-taxable","13":"purchasable","14":"product-type-simple"},"yoast_head":"<!-- This site is optimized with the Yoast SEO plugin v24.5 - https:\/\/yoast.com\/wordpress\/plugins\/seo\/ -->\n<title>XIP Desktop Hars Printer - MEXA3D - Industrielle NEXA 3D-Drucker<\/title>\n<meta name=\"robots\" content=\"index, follow, max-snippet:-1, max-image-preview:large, max-video-preview:-1\" \/>\n<link rel=\"canonical\" href=\"https:\/\/mexa3d.com\/nl\/produkt\/xip-desktop-hars-printer\/\" \/>\n<meta property=\"og:locale\" content=\"nl_NL\" \/>\n<meta property=\"og:type\" content=\"article\" \/>\n<meta property=\"og:title\" content=\"XIP Desktop Hars Printer - MEXA3D - Industrielle NEXA 3D-Drucker\" \/>\n<meta property=\"og:description\" content=\"De XiP, een ultrasnelle desktop 3D printer voor kunststoffen, combineert een kleine, compacte footprint met een bouwvolume van 4,8 liter. Hiermee kunnen gebruikers prototypes en productieklare onderdelen maken voor techniek, tandheelkunde, geneeskunde, onderwijs en andere industrie\u00ebn. De XiP mSLA 3D printer heeft een open materiaalplatform dat flexibiliteit en gemakkelijke materiaaltoegang biedt. Het is compatibel met [&hellip;]\" \/>\n<meta property=\"og:url\" content=\"https:\/\/mexa3d.com\/nl\/produkt\/xip-desktop-hars-printer\/\" \/>\n<meta property=\"og:site_name\" content=\"MEXA3D - Industrielle NEXA 3D-Drucker\" \/>\n<meta property=\"article:modified_time\" content=\"2024-03-20T09:05:48+00:00\" \/>\n<meta property=\"og:image\" content=\"https:\/\/mexa3d.com\/wp-content\/uploads\/2023\/12\/XiP-3d-printer-right-view_800x.webp\" \/>\n\t<meta property=\"og:image:width\" content=\"800\" \/>\n\t<meta property=\"og:image:height\" content=\"645\" \/>\n\t<meta property=\"og:image:type\" content=\"image\/webp\" \/>\n<meta name=\"twitter:card\" content=\"summary_large_image\" \/>\n<meta name=\"twitter:label1\" content=\"Geschatte leestijd\" \/>\n\t<meta name=\"twitter:data1\" content=\"1 minuut\" \/>\n<script type=\"application\/ld+json\" class=\"yoast-schema-graph\">{\"@context\":\"https:\/\/schema.org\",\"@graph\":[{\"@type\":\"WebPage\",\"@id\":\"https:\/\/mexa3d.com\/nl\/produkt\/xip-desktop-hars-printer\/\",\"url\":\"https:\/\/mexa3d.com\/nl\/produkt\/xip-desktop-hars-printer\/\",\"name\":\"XIP Desktop Hars Printer - MEXA3D - Industrielle NEXA 3D-Drucker\",\"isPartOf\":{\"@id\":\"https:\/\/mexa3d.com\/#website\"},\"primaryImageOfPage\":{\"@id\":\"https:\/\/mexa3d.com\/nl\/produkt\/xip-desktop-hars-printer\/#primaryimage\"},\"image\":{\"@id\":\"https:\/\/mexa3d.com\/nl\/produkt\/xip-desktop-hars-printer\/#primaryimage\"},\"thumbnailUrl\":\"https:\/\/mexa3d.com\/wp-content\/uploads\/2023\/12\/XiP-3d-printer-right-view_800x.webp\",\"datePublished\":\"2023-12-05T10:27:51+00:00\",\"dateModified\":\"2024-03-20T09:05:48+00:00\",\"breadcrumb\":{\"@id\":\"https:\/\/mexa3d.com\/nl\/produkt\/xip-desktop-hars-printer\/#breadcrumb\"},\"inLanguage\":\"nl-NL\",\"potentialAction\":[{\"@type\":\"ReadAction\",\"target\":[\"https:\/\/mexa3d.com\/nl\/produkt\/xip-desktop-hars-printer\/\"]}]},{\"@type\":\"ImageObject\",\"inLanguage\":\"nl-NL\",\"@id\":\"https:\/\/mexa3d.com\/nl\/produkt\/xip-desktop-hars-printer\/#primaryimage\",\"url\":\"https:\/\/mexa3d.com\/wp-content\/uploads\/2023\/12\/XiP-3d-printer-right-view_800x.webp\",\"contentUrl\":\"https:\/\/mexa3d.com\/wp-content\/uploads\/2023\/12\/XiP-3d-printer-right-view_800x.webp\",\"width\":800,\"height\":645},{\"@type\":\"BreadcrumbList\",\"@id\":\"https:\/\/mexa3d.com\/nl\/produkt\/xip-desktop-hars-printer\/#breadcrumb\",\"itemListElement\":[{\"@type\":\"ListItem\",\"position\":1,\"name\":\"Startseite\",\"item\":\"https:\/\/mexa3d.com\/nl\/mexa3d-industriele-resin-3d-printers-voor-de-hoogste-productiviteit\/\"},{\"@type\":\"ListItem\",\"position\":2,\"name\":\"Winkel op\",\"item\":\"https:\/\/mexa3d.com\/nl\/winkel-op\/\"},{\"@type\":\"ListItem\",\"position\":3,\"name\":\"XIP Desktop Hars Printer\"}]},{\"@type\":\"WebSite\",\"@id\":\"https:\/\/mexa3d.com\/#website\",\"url\":\"https:\/\/mexa3d.com\/\",\"name\":\"MEXA3D - Industrielle NEXA 3D-Drucker\",\"description\":\"Ultraschnelle, industrielle Harz 3D-Drucker f\u00fcr un\u00fcbertroffene Produktivit\u00e4tsraten\",\"publisher\":{\"@id\":\"https:\/\/mexa3d.com\/#organization\"},\"potentialAction\":[{\"@type\":\"SearchAction\",\"target\":{\"@type\":\"EntryPoint\",\"urlTemplate\":\"https:\/\/mexa3d.com\/?s={search_term_string}\"},\"query-input\":{\"@type\":\"PropertyValueSpecification\",\"valueRequired\":true,\"valueName\":\"search_term_string\"}}],\"inLanguage\":\"nl-NL\"},{\"@type\":\"Organization\",\"@id\":\"https:\/\/mexa3d.com\/#organization\",\"name\":\"MEXA3D - Industrielle NEXA 3D-Drucker\",\"url\":\"https:\/\/mexa3d.com\/\",\"logo\":{\"@type\":\"ImageObject\",\"inLanguage\":\"nl-NL\",\"@id\":\"https:\/\/mexa3d.com\/#\/schema\/logo\/image\/\",\"url\":\"https:\/\/mexa3d.com\/wp-content\/uploads\/2023\/10\/Mexa3D_Logo_2_b.png\",\"contentUrl\":\"https:\/\/mexa3d.com\/wp-content\/uploads\/2023\/10\/Mexa3D_Logo_2_b.png\",\"width\":527,\"height\":208,\"caption\":\"MEXA3D - Industrielle NEXA 3D-Drucker\"},\"image\":{\"@id\":\"https:\/\/mexa3d.com\/#\/schema\/logo\/image\/\"},\"sameAs\":[\"https:\/\/www.linkedin.com\/company\/99502753\/\",\"https:\/\/www.instagram.com\/mexa3dnexa\/\"]}]}<\/script>\n<!-- \/ Yoast SEO plugin. -->","yoast_head_json":{"title":"XIP Desktop Hars Printer - MEXA3D - Industrielle NEXA 3D-Drucker","robots":{"index":"index","follow":"follow","max-snippet":"max-snippet:-1","max-image-preview":"max-image-preview:large","max-video-preview":"max-video-preview:-1"},"canonical":"https:\/\/mexa3d.com\/nl\/produkt\/xip-desktop-hars-printer\/","og_locale":"nl_NL","og_type":"article","og_title":"XIP Desktop Hars Printer - MEXA3D - Industrielle NEXA 3D-Drucker","og_description":"De XiP, een ultrasnelle desktop 3D printer voor kunststoffen, combineert een kleine, compacte footprint met een bouwvolume van 4,8 liter. Hiermee kunnen gebruikers prototypes en productieklare onderdelen maken voor techniek, tandheelkunde, geneeskunde, onderwijs en andere industrie\u00ebn. De XiP mSLA 3D printer heeft een open materiaalplatform dat flexibiliteit en gemakkelijke materiaaltoegang biedt. Het is compatibel met [&hellip;]","og_url":"https:\/\/mexa3d.com\/nl\/produkt\/xip-desktop-hars-printer\/","og_site_name":"MEXA3D - Industrielle NEXA 3D-Drucker","article_modified_time":"2024-03-20T09:05:48+00:00","og_image":[{"width":800,"height":645,"url":"https:\/\/mexa3d.com\/wp-content\/uploads\/2023\/12\/XiP-3d-printer-right-view_800x.webp","type":"image\/webp"}],"twitter_card":"summary_large_image","twitter_misc":{"Geschatte leestijd":"1 minuut"},"schema":{"@context":"https:\/\/schema.org","@graph":[{"@type":"WebPage","@id":"https:\/\/mexa3d.com\/nl\/produkt\/xip-desktop-hars-printer\/","url":"https:\/\/mexa3d.com\/nl\/produkt\/xip-desktop-hars-printer\/","name":"XIP Desktop Hars Printer - MEXA3D - Industrielle NEXA 3D-Drucker","isPartOf":{"@id":"https:\/\/mexa3d.com\/#website"},"primaryImageOfPage":{"@id":"https:\/\/mexa3d.com\/nl\/produkt\/xip-desktop-hars-printer\/#primaryimage"},"image":{"@id":"https:\/\/mexa3d.com\/nl\/produkt\/xip-desktop-hars-printer\/#primaryimage"},"thumbnailUrl":"https:\/\/mexa3d.com\/wp-content\/uploads\/2023\/12\/XiP-3d-printer-right-view_800x.webp","datePublished":"2023-12-05T10:27:51+00:00","dateModified":"2024-03-20T09:05:48+00:00","breadcrumb":{"@id":"https:\/\/mexa3d.com\/nl\/produkt\/xip-desktop-hars-printer\/#breadcrumb"},"inLanguage":"nl-NL","potentialAction":[{"@type":"ReadAction","target":["https:\/\/mexa3d.com\/nl\/produkt\/xip-desktop-hars-printer\/"]}]},{"@type":"ImageObject","inLanguage":"nl-NL","@id":"https:\/\/mexa3d.com\/nl\/produkt\/xip-desktop-hars-printer\/#primaryimage","url":"https:\/\/mexa3d.com\/wp-content\/uploads\/2023\/12\/XiP-3d-printer-right-view_800x.webp","contentUrl":"https:\/\/mexa3d.com\/wp-content\/uploads\/2023\/12\/XiP-3d-printer-right-view_800x.webp","width":800,"height":645},{"@type":"BreadcrumbList","@id":"https:\/\/mexa3d.com\/nl\/produkt\/xip-desktop-hars-printer\/#breadcrumb","itemListElement":[{"@type":"ListItem","position":1,"name":"Startseite","item":"https:\/\/mexa3d.com\/nl\/mexa3d-industriele-resin-3d-printers-voor-de-hoogste-productiviteit\/"},{"@type":"ListItem","position":2,"name":"Winkel op","item":"https:\/\/mexa3d.com\/nl\/winkel-op\/"},{"@type":"ListItem","position":3,"name":"XIP Desktop Hars Printer"}]},{"@type":"WebSite","@id":"https:\/\/mexa3d.com\/#website","url":"https:\/\/mexa3d.com\/","name":"MEXA3D - Industrielle NEXA 3D-Drucker","description":"Ultraschnelle, industrielle Harz 3D-Drucker f\u00fcr un\u00fcbertroffene Produktivit\u00e4tsraten","publisher":{"@id":"https:\/\/mexa3d.com\/#organization"},"potentialAction":[{"@type":"SearchAction","target":{"@type":"EntryPoint","urlTemplate":"https:\/\/mexa3d.com\/?s={search_term_string}"},"query-input":{"@type":"PropertyValueSpecification","valueRequired":true,"valueName":"search_term_string"}}],"inLanguage":"nl-NL"},{"@type":"Organization","@id":"https:\/\/mexa3d.com\/#organization","name":"MEXA3D - Industrielle NEXA 3D-Drucker","url":"https:\/\/mexa3d.com\/","logo":{"@type":"ImageObject","inLanguage":"nl-NL","@id":"https:\/\/mexa3d.com\/#\/schema\/logo\/image\/","url":"https:\/\/mexa3d.com\/wp-content\/uploads\/2023\/10\/Mexa3D_Logo_2_b.png","contentUrl":"https:\/\/mexa3d.com\/wp-content\/uploads\/2023\/10\/Mexa3D_Logo_2_b.png","width":527,"height":208,"caption":"MEXA3D - Industrielle NEXA 3D-Drucker"},"image":{"@id":"https:\/\/mexa3d.com\/#\/schema\/logo\/image\/"},"sameAs":["https:\/\/www.linkedin.com\/company\/99502753\/","https:\/\/www.instagram.com\/mexa3dnexa\/"]}]}},"jetpack_sharing_enabled":true,"_links":{"self":[{"href":"https:\/\/mexa3d.com\/nl\/wp-json\/wp\/v2\/product\/5441","targetHints":{"allow":["GET"]}}],"collection":[{"href":"https:\/\/mexa3d.com\/nl\/wp-json\/wp\/v2\/product"}],"about":[{"href":"https:\/\/mexa3d.com\/nl\/wp-json\/wp\/v2\/types\/product"}],"replies":[{"embeddable":true,"href":"https:\/\/mexa3d.com\/nl\/wp-json\/wp\/v2\/comments?post=5441"}],"wp:featuredmedia":[{"embeddable":true,"href":"https:\/\/mexa3d.com\/nl\/wp-json\/wp\/v2\/media\/4207"}],"wp:attachment":[{"href":"https:\/\/mexa3d.com\/nl\/wp-json\/wp\/v2\/media?parent=5441"}],"wp:term":[{"taxonomy":"product_brand","embeddable":true,"href":"https:\/\/mexa3d.com\/nl\/wp-json\/wp\/v2\/product_brand?post=5441"},{"taxonomy":"product_cat","embeddable":true,"href":"https:\/\/mexa3d.com\/nl\/wp-json\/wp\/v2\/product_cat?post=5441"},{"taxonomy":"product_tag","embeddable":true,"href":"https:\/\/mexa3d.com\/nl\/wp-json\/wp\/v2\/product_tag?post=5441"}],"curies":[{"name":"wp","href":"https:\/\/api.w.org\/{rel}","templated":true}]}}