{"id":5442,"date":"2023-12-05T12:14:19","date_gmt":"2023-12-05T11:14:19","guid":{"rendered":"https:\/\/mexa3d.com\/produkt\/xip-pro\/"},"modified":"2024-03-20T10:05:17","modified_gmt":"2024-03-20T09:05:17","slug":"xip-pro","status":"publish","type":"product","link":"https:\/\/mexa3d.com\/nl\/produkt\/xip-pro\/","title":{"rendered":"XIP Pro"},"content":{"rendered":"<p>Groot bouwvolume<br \/>\nMet een bouwvolume van 19,5 liter biedt de XiP Pro de dagelijkse verwerkingscapaciteit van meer dan 4 andere industri\u00eble op hars gebaseerde printers. Dit kan de rendabiliteit van uw 3D-printproductie drastisch veranderen en tegelijkertijd uw investering in apparatuur verlagen. Dankzij de unieke stapelmogelijkheid kunt u elk bouwproces optimaliseren door simpelweg uw kleinere onderdelen op elkaar te stapelen, zodat u het volledige bouwvolume van de XiP Pro ten volle kunt benutten. Van bijzonder grote onderdelen tot vele kleine onderdelen &#8211; de XiP Pro kan het allemaal.<\/p>\n<p>Razendsnel afdrukken<br \/>\nCompromissen zijn altijd een belangrijk onderdeel geweest van 3D printen &#8211; als je snelheid wilt, moet je inleveren op kwaliteit. Nu niet meer. Met een toonaangevende printsnelheid tot 24 verticale centimeter per uur kan de XiP Pro zijn volledige bouwvolume in minder dan twee uur produceren. De gepatenteerde LCD-gebaseerde LSPc printtechnologie maakt gebruik van een zelfsmerend membraan dat een bliksemsnelle printsnelheid en ongekende productiewaarde mogelijk maakt zonder afbreuk te doen aan de printkwaliteit of afwerking van het oppervlak.<\/p>\n<p>&nbsp;<\/p>\n<\/p>\n<div class=\"table-1\">\n<table width=\"100%\">\n<thead>\n<tr>\n<th align=\"left\">Bouwvolume<\/th>\n<th align=\"left\">19,5 liter<\/th>\n<\/tr>\n<\/thead>\n<tbody>\n<tr>\n<th align=\"left\">Constructiematen<\/th>\n<th align=\"left\">292mm x 163mm x 410mm<\/th>\n<\/tr>\n<tr>\n<th align=\"left\">Ontwerp<\/th>\n<th align=\"left\">Modulair \/ Upgradebaar<\/th>\n<\/tr>\n<tr>\n<th align=\"left\">Huisvesting<\/th>\n<th align=\"left\">Billet aluminium<\/th>\n<\/tr>\n<tr>\n<th align=\"left\">Interface<\/th>\n<th align=\"left\">10\u2033 LCD-touchscreen met hoge resolutie<\/th>\n<\/tr>\n<tr>\n<th align=\"left\">LCD-resolutie<\/th>\n<th align=\"left\">7K (6480 x 3600)<\/th>\n<\/tr>\n<tr>\n<th align=\"left\">Open systeem<\/th>\n<th align=\"left\">Ja<\/th>\n<\/tr>\n<tr>\n<th align=\"left\">Pixelgrootte<\/th>\n<th align=\"left\">46 \u00b5m<\/th>\n<\/tr>\n<tr>\n<th align=\"left\">Printresolutie<\/th>\n<th align=\"left\">25 \u00b5m &#8211; 200 \u00b5m<\/th>\n<\/tr>\n<tr>\n<th align=\"left\">Afmetingen product<\/th>\n<th align=\"left\">622 x 447 x 895 mm (24,5 x 17,6 x 35,25 in)<\/th>\n<\/tr>\n<tr>\n<th align=\"left\">Software<\/th>\n<th align=\"left\">NexaX Pro of NexaX Basic<\/th>\n<\/tr>\n<tr>\n<th align=\"left\">Materialen<\/th>\n<th align=\"left\">19+ (maandelijks bijgewerkt)<\/th>\n<\/tr>\n<\/tbody>\n<\/table>\n<\/div>\n<p>\n","protected":false},"excerpt":{"rendered":"<p>Groot bouwvolume Met een bouwvolume van 19,5 liter biedt de XiP Pro de dagelijkse verwerkingscapaciteit van meer dan 4 andere industri\u00eble op hars gebaseerde printers. Dit kan de rendabiliteit van uw 3D-printproductie drastisch veranderen en tegelijkertijd uw investering in apparatuur verlagen. Dankzij de unieke stapelmogelijkheid kunt u elk bouwproces optimaliseren door simpelweg uw kleinere onderdelen [&hellip;]<\/p>\n","protected":false},"featured_media":2952,"comment_status":"open","ping_status":"closed","template":"","meta":[],"product_brand":[],"product_cat":[102],"product_tag":[],"class_list":{"0":"post-5442","1":"product","2":"type-product","3":"status-publish","4":"has-post-thumbnail","6":"product_cat-nexa3d-xip-pro-nl","7":"product_shipping_class-verzekerde-verzending","9":"first","10":"instock","11":"taxable","12":"shipping-taxable","13":"product-type-simple"},"yoast_head":"<!-- This site is optimized with the Yoast SEO plugin v24.5 - https:\/\/yoast.com\/wordpress\/plugins\/seo\/ -->\n<title>XIP Pro - MEXA3D - Industrielle NEXA 3D-Drucker<\/title>\n<meta name=\"robots\" content=\"index, follow, max-snippet:-1, max-image-preview:large, max-video-preview:-1\" \/>\n<link rel=\"canonical\" href=\"https:\/\/mexa3d.com\/nl\/produkt\/xip-pro\/\" \/>\n<meta property=\"og:locale\" content=\"nl_NL\" \/>\n<meta property=\"og:type\" content=\"article\" \/>\n<meta property=\"og:title\" content=\"XIP Pro - MEXA3D - Industrielle NEXA 3D-Drucker\" \/>\n<meta property=\"og:description\" content=\"Groot bouwvolume Met een bouwvolume van 19,5 liter biedt de XiP Pro de dagelijkse verwerkingscapaciteit van meer dan 4 andere industri\u00eble op hars gebaseerde printers. Dit kan de rendabiliteit van uw 3D-printproductie drastisch veranderen en tegelijkertijd uw investering in apparatuur verlagen. Dankzij de unieke stapelmogelijkheid kunt u elk bouwproces optimaliseren door simpelweg uw kleinere onderdelen [&hellip;]\" \/>\n<meta property=\"og:url\" content=\"https:\/\/mexa3d.com\/nl\/produkt\/xip-pro\/\" \/>\n<meta property=\"og:site_name\" content=\"MEXA3D - Industrielle NEXA 3D-Drucker\" \/>\n<meta property=\"article:modified_time\" content=\"2024-03-20T09:05:17+00:00\" \/>\n<meta property=\"og:image\" content=\"https:\/\/mexa3d.com\/wp-content\/uploads\/2023\/10\/XiP-Pro-Industrial-3D-Printer-Dental-e1701075359914.png\" \/>\n\t<meta property=\"og:image:width\" content=\"800\" \/>\n\t<meta property=\"og:image:height\" content=\"800\" \/>\n\t<meta property=\"og:image:type\" content=\"image\/png\" \/>\n<meta name=\"twitter:card\" content=\"summary_large_image\" \/>\n<meta name=\"twitter:label1\" content=\"Geschatte leestijd\" \/>\n\t<meta name=\"twitter:data1\" content=\"1 minuut\" \/>\n<script type=\"application\/ld+json\" class=\"yoast-schema-graph\">{\"@context\":\"https:\/\/schema.org\",\"@graph\":[{\"@type\":\"WebPage\",\"@id\":\"https:\/\/mexa3d.com\/nl\/produkt\/xip-pro\/\",\"url\":\"https:\/\/mexa3d.com\/nl\/produkt\/xip-pro\/\",\"name\":\"XIP Pro - MEXA3D - Industrielle NEXA 3D-Drucker\",\"isPartOf\":{\"@id\":\"https:\/\/mexa3d.com\/#website\"},\"primaryImageOfPage\":{\"@id\":\"https:\/\/mexa3d.com\/nl\/produkt\/xip-pro\/#primaryimage\"},\"image\":{\"@id\":\"https:\/\/mexa3d.com\/nl\/produkt\/xip-pro\/#primaryimage\"},\"thumbnailUrl\":\"https:\/\/mexa3d.com\/wp-content\/uploads\/2023\/10\/XiP-Pro-Industrial-3D-Printer-Dental-e1701075359914.png\",\"datePublished\":\"2023-12-05T11:14:19+00:00\",\"dateModified\":\"2024-03-20T09:05:17+00:00\",\"breadcrumb\":{\"@id\":\"https:\/\/mexa3d.com\/nl\/produkt\/xip-pro\/#breadcrumb\"},\"inLanguage\":\"nl-NL\",\"potentialAction\":[{\"@type\":\"ReadAction\",\"target\":[\"https:\/\/mexa3d.com\/nl\/produkt\/xip-pro\/\"]}]},{\"@type\":\"ImageObject\",\"inLanguage\":\"nl-NL\",\"@id\":\"https:\/\/mexa3d.com\/nl\/produkt\/xip-pro\/#primaryimage\",\"url\":\"https:\/\/mexa3d.com\/wp-content\/uploads\/2023\/10\/XiP-Pro-Industrial-3D-Printer-Dental-e1701075359914.png\",\"contentUrl\":\"https:\/\/mexa3d.com\/wp-content\/uploads\/2023\/10\/XiP-Pro-Industrial-3D-Printer-Dental-e1701075359914.png\",\"width\":800,\"height\":800},{\"@type\":\"BreadcrumbList\",\"@id\":\"https:\/\/mexa3d.com\/nl\/produkt\/xip-pro\/#breadcrumb\",\"itemListElement\":[{\"@type\":\"ListItem\",\"position\":1,\"name\":\"Startseite\",\"item\":\"https:\/\/mexa3d.com\/nl\/mexa3d-industriele-resin-3d-printers-voor-de-hoogste-productiviteit\/\"},{\"@type\":\"ListItem\",\"position\":2,\"name\":\"Winkel op\",\"item\":\"https:\/\/mexa3d.com\/nl\/winkel-op\/\"},{\"@type\":\"ListItem\",\"position\":3,\"name\":\"XIP Pro\"}]},{\"@type\":\"WebSite\",\"@id\":\"https:\/\/mexa3d.com\/#website\",\"url\":\"https:\/\/mexa3d.com\/\",\"name\":\"MEXA3D - Industrielle NEXA 3D-Drucker\",\"description\":\"Ultraschnelle, industrielle Harz 3D-Drucker f\u00fcr un\u00fcbertroffene Produktivit\u00e4tsraten\",\"publisher\":{\"@id\":\"https:\/\/mexa3d.com\/#organization\"},\"potentialAction\":[{\"@type\":\"SearchAction\",\"target\":{\"@type\":\"EntryPoint\",\"urlTemplate\":\"https:\/\/mexa3d.com\/?s={search_term_string}\"},\"query-input\":{\"@type\":\"PropertyValueSpecification\",\"valueRequired\":true,\"valueName\":\"search_term_string\"}}],\"inLanguage\":\"nl-NL\"},{\"@type\":\"Organization\",\"@id\":\"https:\/\/mexa3d.com\/#organization\",\"name\":\"MEXA3D - Industrielle NEXA 3D-Drucker\",\"url\":\"https:\/\/mexa3d.com\/\",\"logo\":{\"@type\":\"ImageObject\",\"inLanguage\":\"nl-NL\",\"@id\":\"https:\/\/mexa3d.com\/#\/schema\/logo\/image\/\",\"url\":\"https:\/\/mexa3d.com\/wp-content\/uploads\/2023\/10\/Mexa3D_Logo_2_b.png\",\"contentUrl\":\"https:\/\/mexa3d.com\/wp-content\/uploads\/2023\/10\/Mexa3D_Logo_2_b.png\",\"width\":527,\"height\":208,\"caption\":\"MEXA3D - Industrielle NEXA 3D-Drucker\"},\"image\":{\"@id\":\"https:\/\/mexa3d.com\/#\/schema\/logo\/image\/\"},\"sameAs\":[\"https:\/\/www.linkedin.com\/company\/99502753\/\",\"https:\/\/www.instagram.com\/mexa3dnexa\/\"]}]}<\/script>\n<!-- \/ Yoast SEO plugin. -->","yoast_head_json":{"title":"XIP Pro - MEXA3D - Industrielle NEXA 3D-Drucker","robots":{"index":"index","follow":"follow","max-snippet":"max-snippet:-1","max-image-preview":"max-image-preview:large","max-video-preview":"max-video-preview:-1"},"canonical":"https:\/\/mexa3d.com\/nl\/produkt\/xip-pro\/","og_locale":"nl_NL","og_type":"article","og_title":"XIP Pro - MEXA3D - Industrielle NEXA 3D-Drucker","og_description":"Groot bouwvolume Met een bouwvolume van 19,5 liter biedt de XiP Pro de dagelijkse verwerkingscapaciteit van meer dan 4 andere industri\u00eble op hars gebaseerde printers. Dit kan de rendabiliteit van uw 3D-printproductie drastisch veranderen en tegelijkertijd uw investering in apparatuur verlagen. Dankzij de unieke stapelmogelijkheid kunt u elk bouwproces optimaliseren door simpelweg uw kleinere onderdelen [&hellip;]","og_url":"https:\/\/mexa3d.com\/nl\/produkt\/xip-pro\/","og_site_name":"MEXA3D - Industrielle NEXA 3D-Drucker","article_modified_time":"2024-03-20T09:05:17+00:00","og_image":[{"width":800,"height":800,"url":"https:\/\/mexa3d.com\/wp-content\/uploads\/2023\/10\/XiP-Pro-Industrial-3D-Printer-Dental-e1701075359914.png","type":"image\/png"}],"twitter_card":"summary_large_image","twitter_misc":{"Geschatte leestijd":"1 minuut"},"schema":{"@context":"https:\/\/schema.org","@graph":[{"@type":"WebPage","@id":"https:\/\/mexa3d.com\/nl\/produkt\/xip-pro\/","url":"https:\/\/mexa3d.com\/nl\/produkt\/xip-pro\/","name":"XIP Pro - MEXA3D - Industrielle NEXA 3D-Drucker","isPartOf":{"@id":"https:\/\/mexa3d.com\/#website"},"primaryImageOfPage":{"@id":"https:\/\/mexa3d.com\/nl\/produkt\/xip-pro\/#primaryimage"},"image":{"@id":"https:\/\/mexa3d.com\/nl\/produkt\/xip-pro\/#primaryimage"},"thumbnailUrl":"https:\/\/mexa3d.com\/wp-content\/uploads\/2023\/10\/XiP-Pro-Industrial-3D-Printer-Dental-e1701075359914.png","datePublished":"2023-12-05T11:14:19+00:00","dateModified":"2024-03-20T09:05:17+00:00","breadcrumb":{"@id":"https:\/\/mexa3d.com\/nl\/produkt\/xip-pro\/#breadcrumb"},"inLanguage":"nl-NL","potentialAction":[{"@type":"ReadAction","target":["https:\/\/mexa3d.com\/nl\/produkt\/xip-pro\/"]}]},{"@type":"ImageObject","inLanguage":"nl-NL","@id":"https:\/\/mexa3d.com\/nl\/produkt\/xip-pro\/#primaryimage","url":"https:\/\/mexa3d.com\/wp-content\/uploads\/2023\/10\/XiP-Pro-Industrial-3D-Printer-Dental-e1701075359914.png","contentUrl":"https:\/\/mexa3d.com\/wp-content\/uploads\/2023\/10\/XiP-Pro-Industrial-3D-Printer-Dental-e1701075359914.png","width":800,"height":800},{"@type":"BreadcrumbList","@id":"https:\/\/mexa3d.com\/nl\/produkt\/xip-pro\/#breadcrumb","itemListElement":[{"@type":"ListItem","position":1,"name":"Startseite","item":"https:\/\/mexa3d.com\/nl\/mexa3d-industriele-resin-3d-printers-voor-de-hoogste-productiviteit\/"},{"@type":"ListItem","position":2,"name":"Winkel op","item":"https:\/\/mexa3d.com\/nl\/winkel-op\/"},{"@type":"ListItem","position":3,"name":"XIP Pro"}]},{"@type":"WebSite","@id":"https:\/\/mexa3d.com\/#website","url":"https:\/\/mexa3d.com\/","name":"MEXA3D - Industrielle NEXA 3D-Drucker","description":"Ultraschnelle, industrielle Harz 3D-Drucker f\u00fcr un\u00fcbertroffene Produktivit\u00e4tsraten","publisher":{"@id":"https:\/\/mexa3d.com\/#organization"},"potentialAction":[{"@type":"SearchAction","target":{"@type":"EntryPoint","urlTemplate":"https:\/\/mexa3d.com\/?s={search_term_string}"},"query-input":{"@type":"PropertyValueSpecification","valueRequired":true,"valueName":"search_term_string"}}],"inLanguage":"nl-NL"},{"@type":"Organization","@id":"https:\/\/mexa3d.com\/#organization","name":"MEXA3D - Industrielle NEXA 3D-Drucker","url":"https:\/\/mexa3d.com\/","logo":{"@type":"ImageObject","inLanguage":"nl-NL","@id":"https:\/\/mexa3d.com\/#\/schema\/logo\/image\/","url":"https:\/\/mexa3d.com\/wp-content\/uploads\/2023\/10\/Mexa3D_Logo_2_b.png","contentUrl":"https:\/\/mexa3d.com\/wp-content\/uploads\/2023\/10\/Mexa3D_Logo_2_b.png","width":527,"height":208,"caption":"MEXA3D - Industrielle NEXA 3D-Drucker"},"image":{"@id":"https:\/\/mexa3d.com\/#\/schema\/logo\/image\/"},"sameAs":["https:\/\/www.linkedin.com\/company\/99502753\/","https:\/\/www.instagram.com\/mexa3dnexa\/"]}]}},"jetpack_sharing_enabled":true,"_links":{"self":[{"href":"https:\/\/mexa3d.com\/nl\/wp-json\/wp\/v2\/product\/5442","targetHints":{"allow":["GET"]}}],"collection":[{"href":"https:\/\/mexa3d.com\/nl\/wp-json\/wp\/v2\/product"}],"about":[{"href":"https:\/\/mexa3d.com\/nl\/wp-json\/wp\/v2\/types\/product"}],"replies":[{"embeddable":true,"href":"https:\/\/mexa3d.com\/nl\/wp-json\/wp\/v2\/comments?post=5442"}],"wp:featuredmedia":[{"embeddable":true,"href":"https:\/\/mexa3d.com\/nl\/wp-json\/wp\/v2\/media\/2952"}],"wp:attachment":[{"href":"https:\/\/mexa3d.com\/nl\/wp-json\/wp\/v2\/media?parent=5442"}],"wp:term":[{"taxonomy":"product_brand","embeddable":true,"href":"https:\/\/mexa3d.com\/nl\/wp-json\/wp\/v2\/product_brand?post=5442"},{"taxonomy":"product_cat","embeddable":true,"href":"https:\/\/mexa3d.com\/nl\/wp-json\/wp\/v2\/product_cat?post=5442"},{"taxonomy":"product_tag","embeddable":true,"href":"https:\/\/mexa3d.com\/nl\/wp-json\/wp\/v2\/product_tag?post=5442"}],"curies":[{"name":"wp","href":"https:\/\/api.w.org\/{rel}","templated":true}]}}