{"id":5460,"date":"2023-12-05T10:05:55","date_gmt":"2023-12-05T09:05:55","guid":{"rendered":"https:\/\/mexa3d.com\/produkt\/xceramic3280-15l-hars-voor-xip-en-xippro\/"},"modified":"2024-03-20T10:08:59","modified_gmt":"2024-03-20T09:08:59","slug":"xceramic3280-15l-hars-voor-xip-en-xippro","status":"publish","type":"product","link":"https:\/\/mexa3d.com\/nl\/produkt\/xceramic3280-15l-hars-voor-xip-en-xippro\/","title":{"rendered":"xCERAMIC3280 1,5L hars voor XiP en XiPPro"},"content":{"rendered":"<p>Kleur: Wit<\/p>\n<p>Inhoud: 1.5L<\/p>\n<p><strong>xCERAMIC3280<\/strong> is een keramische composiethars van Nexa3D die stijfheid en hoge hittebestendigheid combineert met een keramische look en feel, wat nieuwe mogelijkheden biedt voor 3D-printen.<\/p>\n<p>Eigenschappen<\/p>\n<ul>\n<li>Uitstekende sterkte-eigenschappen<\/li>\n<li>Glad oppervlak<\/li>\n<li>Lage viscositeit voor snel printen<\/li>\n<\/ul>\n<p>Toepassingen<\/p>\n<ul>\n<li>Testmodellen voor windtunnels<\/li>\n<li>Matrijsgereedschappen voor spuitgieten<\/li>\n<li>Huishoudelijke goederen<\/li>\n<li>Behuizingen en kasten<\/li>\n<\/ul>\n<p>&nbsp;<\/p>\n<p><a href=\"https:\/\/mexa3d.com\/wp-content\/uploads\/2023\/12\/Nexa3D-xCERAMIC3280-3D-Printing-Resin-v3.pdf\">Technische gegevens<\/a><\/p>\n<p><a href=\"https:\/\/mexa3d.com\/wp-content\/uploads\/2023\/12\/xCERAMIC3280-Safety-Data-Sheet-US-ENG.pdf\">Veiligheidsinformatieblad<\/a><\/p>\n","protected":false},"excerpt":{"rendered":"<p>Kleur: Wit Inhoud: 1.5L xCERAMIC3280 is een keramische composiethars van Nexa3D die stijfheid en hoge hittebestendigheid combineert met een keramische look en feel, wat nieuwe mogelijkheden biedt voor 3D-printen. Eigenschappen Uitstekende sterkte-eigenschappen Glad oppervlak Lage viscositeit voor snel printen Toepassingen Testmodellen voor windtunnels Matrijsgereedschappen voor spuitgieten Huishoudelijke goederen Behuizingen en kasten &nbsp; Technische gegevens Veiligheidsinformatieblad<\/p>\n","protected":false},"featured_media":4148,"comment_status":"open","ping_status":"closed","template":"","meta":[],"product_brand":[],"product_cat":[95],"product_tag":[],"class_list":{"0":"post-5460","1":"product","2":"type-product","3":"status-publish","4":"has-post-thumbnail","6":"product_cat-materialen","7":"product_shipping_class-verzekerde-verzending","9":"first","10":"instock","11":"taxable","12":"shipping-taxable","13":"purchasable","14":"product-type-simple"},"yoast_head":"<!-- This site is optimized with the Yoast SEO plugin v24.5 - https:\/\/yoast.com\/wordpress\/plugins\/seo\/ -->\n<title>xCERAMIC3280 1,5L hars voor XiP en XiPPro - MEXA3D - Industrielle NEXA 3D-Drucker<\/title>\n<meta name=\"description\" content=\"xCERAMIC3280 voor Nexa3D XiP en XiP Pro\" \/>\n<meta name=\"robots\" content=\"index, follow, max-snippet:-1, max-image-preview:large, max-video-preview:-1\" \/>\n<link rel=\"canonical\" href=\"https:\/\/mexa3d.com\/nl\/produkt\/xceramic3280-15l-hars-voor-xip-en-xippro\/\" \/>\n<meta property=\"og:locale\" content=\"nl_NL\" \/>\n<meta property=\"og:type\" content=\"article\" \/>\n<meta property=\"og:title\" content=\"xCERAMIC3280 1,5L hars voor XiP en XiPPro - MEXA3D - Industrielle NEXA 3D-Drucker\" \/>\n<meta property=\"og:description\" content=\"xCERAMIC3280 voor Nexa3D XiP en XiP Pro\" \/>\n<meta property=\"og:url\" content=\"https:\/\/mexa3d.com\/nl\/produkt\/xceramic3280-15l-hars-voor-xip-en-xippro\/\" \/>\n<meta property=\"og:site_name\" content=\"MEXA3D - Industrielle NEXA 3D-Drucker\" \/>\n<meta property=\"article:modified_time\" content=\"2024-03-20T09:08:59+00:00\" \/>\n<meta property=\"og:image\" content=\"https:\/\/mexa3d.com\/wp-content\/uploads\/2023\/12\/xceramic3280-1.5L-part_288x.png\" \/>\n\t<meta property=\"og:image:width\" content=\"288\" \/>\n\t<meta property=\"og:image:height\" content=\"288\" \/>\n\t<meta property=\"og:image:type\" content=\"image\/png\" \/>\n<meta name=\"twitter:card\" content=\"summary_large_image\" \/>\n<script type=\"application\/ld+json\" class=\"yoast-schema-graph\">{\"@context\":\"https:\/\/schema.org\",\"@graph\":[{\"@type\":\"WebPage\",\"@id\":\"https:\/\/mexa3d.com\/nl\/produkt\/xceramic3280-15l-hars-voor-xip-en-xippro\/\",\"url\":\"https:\/\/mexa3d.com\/nl\/produkt\/xceramic3280-15l-hars-voor-xip-en-xippro\/\",\"name\":\"xCERAMIC3280 1,5L hars voor XiP en XiPPro - MEXA3D - Industrielle NEXA 3D-Drucker\",\"isPartOf\":{\"@id\":\"https:\/\/mexa3d.com\/#website\"},\"primaryImageOfPage\":{\"@id\":\"https:\/\/mexa3d.com\/nl\/produkt\/xceramic3280-15l-hars-voor-xip-en-xippro\/#primaryimage\"},\"image\":{\"@id\":\"https:\/\/mexa3d.com\/nl\/produkt\/xceramic3280-15l-hars-voor-xip-en-xippro\/#primaryimage\"},\"thumbnailUrl\":\"https:\/\/mexa3d.com\/wp-content\/uploads\/2023\/12\/xceramic3280-1.5L-part_288x.png\",\"datePublished\":\"2023-12-05T09:05:55+00:00\",\"dateModified\":\"2024-03-20T09:08:59+00:00\",\"description\":\"xCERAMIC3280 voor Nexa3D XiP en XiP Pro\",\"breadcrumb\":{\"@id\":\"https:\/\/mexa3d.com\/nl\/produkt\/xceramic3280-15l-hars-voor-xip-en-xippro\/#breadcrumb\"},\"inLanguage\":\"nl-NL\",\"potentialAction\":[{\"@type\":\"ReadAction\",\"target\":[\"https:\/\/mexa3d.com\/nl\/produkt\/xceramic3280-15l-hars-voor-xip-en-xippro\/\"]}]},{\"@type\":\"ImageObject\",\"inLanguage\":\"nl-NL\",\"@id\":\"https:\/\/mexa3d.com\/nl\/produkt\/xceramic3280-15l-hars-voor-xip-en-xippro\/#primaryimage\",\"url\":\"https:\/\/mexa3d.com\/wp-content\/uploads\/2023\/12\/xceramic3280-1.5L-part_288x.png\",\"contentUrl\":\"https:\/\/mexa3d.com\/wp-content\/uploads\/2023\/12\/xceramic3280-1.5L-part_288x.png\",\"width\":288,\"height\":288},{\"@type\":\"BreadcrumbList\",\"@id\":\"https:\/\/mexa3d.com\/nl\/produkt\/xceramic3280-15l-hars-voor-xip-en-xippro\/#breadcrumb\",\"itemListElement\":[{\"@type\":\"ListItem\",\"position\":1,\"name\":\"Startseite\",\"item\":\"https:\/\/mexa3d.com\/nl\/mexa3d-industriele-resin-3d-printers-voor-de-hoogste-productiviteit\/\"},{\"@type\":\"ListItem\",\"position\":2,\"name\":\"Winkel op\",\"item\":\"https:\/\/mexa3d.com\/nl\/winkel-op\/\"},{\"@type\":\"ListItem\",\"position\":3,\"name\":\"xCERAMIC3280 1,5L hars voor XiP en XiPPro\"}]},{\"@type\":\"WebSite\",\"@id\":\"https:\/\/mexa3d.com\/#website\",\"url\":\"https:\/\/mexa3d.com\/\",\"name\":\"MEXA3D - Industrielle NEXA 3D-Drucker\",\"description\":\"Ultraschnelle, industrielle Harz 3D-Drucker f\u00fcr un\u00fcbertroffene Produktivit\u00e4tsraten\",\"publisher\":{\"@id\":\"https:\/\/mexa3d.com\/#organization\"},\"potentialAction\":[{\"@type\":\"SearchAction\",\"target\":{\"@type\":\"EntryPoint\",\"urlTemplate\":\"https:\/\/mexa3d.com\/?s={search_term_string}\"},\"query-input\":{\"@type\":\"PropertyValueSpecification\",\"valueRequired\":true,\"valueName\":\"search_term_string\"}}],\"inLanguage\":\"nl-NL\"},{\"@type\":\"Organization\",\"@id\":\"https:\/\/mexa3d.com\/#organization\",\"name\":\"MEXA3D - Industrielle NEXA 3D-Drucker\",\"url\":\"https:\/\/mexa3d.com\/\",\"logo\":{\"@type\":\"ImageObject\",\"inLanguage\":\"nl-NL\",\"@id\":\"https:\/\/mexa3d.com\/#\/schema\/logo\/image\/\",\"url\":\"https:\/\/mexa3d.com\/wp-content\/uploads\/2023\/10\/Mexa3D_Logo_2_b.png\",\"contentUrl\":\"https:\/\/mexa3d.com\/wp-content\/uploads\/2023\/10\/Mexa3D_Logo_2_b.png\",\"width\":527,\"height\":208,\"caption\":\"MEXA3D - Industrielle NEXA 3D-Drucker\"},\"image\":{\"@id\":\"https:\/\/mexa3d.com\/#\/schema\/logo\/image\/\"},\"sameAs\":[\"https:\/\/www.linkedin.com\/company\/99502753\/\",\"https:\/\/www.instagram.com\/mexa3dnexa\/\"]}]}<\/script>\n<!-- \/ Yoast SEO plugin. -->","yoast_head_json":{"title":"xCERAMIC3280 1,5L hars voor XiP en XiPPro - MEXA3D - Industrielle NEXA 3D-Drucker","description":"xCERAMIC3280 voor Nexa3D XiP en XiP Pro","robots":{"index":"index","follow":"follow","max-snippet":"max-snippet:-1","max-image-preview":"max-image-preview:large","max-video-preview":"max-video-preview:-1"},"canonical":"https:\/\/mexa3d.com\/nl\/produkt\/xceramic3280-15l-hars-voor-xip-en-xippro\/","og_locale":"nl_NL","og_type":"article","og_title":"xCERAMIC3280 1,5L hars voor XiP en XiPPro - MEXA3D - Industrielle NEXA 3D-Drucker","og_description":"xCERAMIC3280 voor Nexa3D XiP en XiP Pro","og_url":"https:\/\/mexa3d.com\/nl\/produkt\/xceramic3280-15l-hars-voor-xip-en-xippro\/","og_site_name":"MEXA3D - Industrielle NEXA 3D-Drucker","article_modified_time":"2024-03-20T09:08:59+00:00","og_image":[{"width":288,"height":288,"url":"https:\/\/mexa3d.com\/wp-content\/uploads\/2023\/12\/xceramic3280-1.5L-part_288x.png","type":"image\/png"}],"twitter_card":"summary_large_image","schema":{"@context":"https:\/\/schema.org","@graph":[{"@type":"WebPage","@id":"https:\/\/mexa3d.com\/nl\/produkt\/xceramic3280-15l-hars-voor-xip-en-xippro\/","url":"https:\/\/mexa3d.com\/nl\/produkt\/xceramic3280-15l-hars-voor-xip-en-xippro\/","name":"xCERAMIC3280 1,5L hars voor XiP en XiPPro - MEXA3D - Industrielle NEXA 3D-Drucker","isPartOf":{"@id":"https:\/\/mexa3d.com\/#website"},"primaryImageOfPage":{"@id":"https:\/\/mexa3d.com\/nl\/produkt\/xceramic3280-15l-hars-voor-xip-en-xippro\/#primaryimage"},"image":{"@id":"https:\/\/mexa3d.com\/nl\/produkt\/xceramic3280-15l-hars-voor-xip-en-xippro\/#primaryimage"},"thumbnailUrl":"https:\/\/mexa3d.com\/wp-content\/uploads\/2023\/12\/xceramic3280-1.5L-part_288x.png","datePublished":"2023-12-05T09:05:55+00:00","dateModified":"2024-03-20T09:08:59+00:00","description":"xCERAMIC3280 voor Nexa3D XiP en XiP Pro","breadcrumb":{"@id":"https:\/\/mexa3d.com\/nl\/produkt\/xceramic3280-15l-hars-voor-xip-en-xippro\/#breadcrumb"},"inLanguage":"nl-NL","potentialAction":[{"@type":"ReadAction","target":["https:\/\/mexa3d.com\/nl\/produkt\/xceramic3280-15l-hars-voor-xip-en-xippro\/"]}]},{"@type":"ImageObject","inLanguage":"nl-NL","@id":"https:\/\/mexa3d.com\/nl\/produkt\/xceramic3280-15l-hars-voor-xip-en-xippro\/#primaryimage","url":"https:\/\/mexa3d.com\/wp-content\/uploads\/2023\/12\/xceramic3280-1.5L-part_288x.png","contentUrl":"https:\/\/mexa3d.com\/wp-content\/uploads\/2023\/12\/xceramic3280-1.5L-part_288x.png","width":288,"height":288},{"@type":"BreadcrumbList","@id":"https:\/\/mexa3d.com\/nl\/produkt\/xceramic3280-15l-hars-voor-xip-en-xippro\/#breadcrumb","itemListElement":[{"@type":"ListItem","position":1,"name":"Startseite","item":"https:\/\/mexa3d.com\/nl\/mexa3d-industriele-resin-3d-printers-voor-de-hoogste-productiviteit\/"},{"@type":"ListItem","position":2,"name":"Winkel op","item":"https:\/\/mexa3d.com\/nl\/winkel-op\/"},{"@type":"ListItem","position":3,"name":"xCERAMIC3280 1,5L hars voor XiP en XiPPro"}]},{"@type":"WebSite","@id":"https:\/\/mexa3d.com\/#website","url":"https:\/\/mexa3d.com\/","name":"MEXA3D - Industrielle NEXA 3D-Drucker","description":"Ultraschnelle, industrielle Harz 3D-Drucker f\u00fcr un\u00fcbertroffene Produktivit\u00e4tsraten","publisher":{"@id":"https:\/\/mexa3d.com\/#organization"},"potentialAction":[{"@type":"SearchAction","target":{"@type":"EntryPoint","urlTemplate":"https:\/\/mexa3d.com\/?s={search_term_string}"},"query-input":{"@type":"PropertyValueSpecification","valueRequired":true,"valueName":"search_term_string"}}],"inLanguage":"nl-NL"},{"@type":"Organization","@id":"https:\/\/mexa3d.com\/#organization","name":"MEXA3D - Industrielle NEXA 3D-Drucker","url":"https:\/\/mexa3d.com\/","logo":{"@type":"ImageObject","inLanguage":"nl-NL","@id":"https:\/\/mexa3d.com\/#\/schema\/logo\/image\/","url":"https:\/\/mexa3d.com\/wp-content\/uploads\/2023\/10\/Mexa3D_Logo_2_b.png","contentUrl":"https:\/\/mexa3d.com\/wp-content\/uploads\/2023\/10\/Mexa3D_Logo_2_b.png","width":527,"height":208,"caption":"MEXA3D - Industrielle NEXA 3D-Drucker"},"image":{"@id":"https:\/\/mexa3d.com\/#\/schema\/logo\/image\/"},"sameAs":["https:\/\/www.linkedin.com\/company\/99502753\/","https:\/\/www.instagram.com\/mexa3dnexa\/"]}]}},"jetpack_sharing_enabled":true,"_links":{"self":[{"href":"https:\/\/mexa3d.com\/nl\/wp-json\/wp\/v2\/product\/5460","targetHints":{"allow":["GET"]}}],"collection":[{"href":"https:\/\/mexa3d.com\/nl\/wp-json\/wp\/v2\/product"}],"about":[{"href":"https:\/\/mexa3d.com\/nl\/wp-json\/wp\/v2\/types\/product"}],"replies":[{"embeddable":true,"href":"https:\/\/mexa3d.com\/nl\/wp-json\/wp\/v2\/comments?post=5460"}],"wp:featuredmedia":[{"embeddable":true,"href":"https:\/\/mexa3d.com\/nl\/wp-json\/wp\/v2\/media\/4148"}],"wp:attachment":[{"href":"https:\/\/mexa3d.com\/nl\/wp-json\/wp\/v2\/media?parent=5460"}],"wp:term":[{"taxonomy":"product_brand","embeddable":true,"href":"https:\/\/mexa3d.com\/nl\/wp-json\/wp\/v2\/product_brand?post=5460"},{"taxonomy":"product_cat","embeddable":true,"href":"https:\/\/mexa3d.com\/nl\/wp-json\/wp\/v2\/product_cat?post=5460"},{"taxonomy":"product_tag","embeddable":true,"href":"https:\/\/mexa3d.com\/nl\/wp-json\/wp\/v2\/product_tag?post=5460"}],"curies":[{"name":"wp","href":"https:\/\/api.w.org\/{rel}","templated":true}]}}