{"id":5466,"date":"2023-12-05T12:58:09","date_gmt":"2023-12-05T11:58:09","guid":{"rendered":"https:\/\/mexa3d.com\/produkt\/everlast-2-membraan-voor-xip\/"},"modified":"2024-04-15T13:34:02","modified_gmt":"2024-04-15T11:34:02","slug":"everlast-2-membraan-voor-xip","status":"publish","type":"product","link":"https:\/\/mexa3d.com\/nl\/produkt\/everlast-2-membraan-voor-xip\/","title":{"rendered":"Everlast-2 membraan voor XiP"},"content":{"rendered":"<p>Hoeveelheid: 1<\/p>\n<p>Beperkt tot 1 per bestelling<\/p>\n<p>Everlast 2 membranen zijn duurzamer, resistenter en verlengen de levensduur van de print met meer dan 25 keer vergeleken met de membraanfolies die momenteel op de markt zijn. Met de juiste zorg kunnen ze tot 50.000 diensten draaien.<\/p>\n<p>[OPMERKING: Bij aankoop van een harstank wordt een Everlast 2 membraan meegeleverd].<\/p>\n","protected":false},"excerpt":{"rendered":"<p>Hoeveelheid: 1 Beperkt tot 1 per bestelling Everlast 2 membranen zijn duurzamer, resistenter en verlengen de levensduur van de print met meer dan 25 keer vergeleken met de membraanfolies die momenteel op de markt zijn. Met de juiste zorg kunnen ze tot 50.000 diensten draaien. [OPMERKING: Bij aankoop van een harstank wordt een Everlast 2 [&hellip;]<\/p>\n","protected":false},"featured_media":4253,"comment_status":"open","ping_status":"closed","template":"","meta":[],"product_brand":[],"product_cat":[99],"product_tag":[],"class_list":{"0":"post-5466","1":"product","2":"type-product","3":"status-publish","4":"has-post-thumbnail","6":"product_cat-onderdelen-en-accessoires","7":"product_shipping_class-verzekerde-verzending","9":"first","10":"instock","11":"taxable","12":"shipping-taxable","13":"purchasable","14":"product-type-simple"},"yoast_head":"<!-- This site is optimized with the Yoast SEO plugin v24.5 - https:\/\/yoast.com\/wordpress\/plugins\/seo\/ -->\n<title>Everlast-2 membraan voor XiP - MEXA3D - Industrielle NEXA 3D-Drucker<\/title>\n<meta name=\"robots\" content=\"index, follow, max-snippet:-1, max-image-preview:large, max-video-preview:-1\" \/>\n<link rel=\"canonical\" href=\"https:\/\/mexa3d.com\/nl\/produkt\/everlast-2-membraan-voor-xip\/\" \/>\n<meta property=\"og:locale\" content=\"nl_NL\" \/>\n<meta property=\"og:type\" content=\"article\" \/>\n<meta property=\"og:title\" content=\"Everlast-2 membraan voor XiP - MEXA3D - Industrielle NEXA 3D-Drucker\" \/>\n<meta property=\"og:description\" content=\"Hoeveelheid: 1 Beperkt tot 1 per bestelling Everlast 2 membranen zijn duurzamer, resistenter en verlengen de levensduur van de print met meer dan 25 keer vergeleken met de membraanfolies die momenteel op de markt zijn. Met de juiste zorg kunnen ze tot 50.000 diensten draaien. [OPMERKING: Bij aankoop van een harstank wordt een Everlast 2 [&hellip;]\" \/>\n<meta property=\"og:url\" content=\"https:\/\/mexa3d.com\/nl\/produkt\/everlast-2-membraan-voor-xip\/\" \/>\n<meta property=\"og:site_name\" content=\"MEXA3D - Industrielle NEXA 3D-Drucker\" \/>\n<meta property=\"article:modified_time\" content=\"2024-04-15T11:34:02+00:00\" \/>\n<meta property=\"og:image\" content=\"https:\/\/mexa3d.com\/wp-content\/uploads\/2023\/12\/membrane_1bba4157-8269-4b78-9cbf-b86922e6a422_576x.webp\" \/>\n\t<meta property=\"og:image:width\" content=\"576\" \/>\n\t<meta property=\"og:image:height\" content=\"432\" \/>\n\t<meta property=\"og:image:type\" content=\"image\/webp\" \/>\n<meta name=\"twitter:card\" content=\"summary_large_image\" \/>\n<script type=\"application\/ld+json\" class=\"yoast-schema-graph\">{\"@context\":\"https:\/\/schema.org\",\"@graph\":[{\"@type\":\"WebPage\",\"@id\":\"https:\/\/mexa3d.com\/nl\/produkt\/everlast-2-membraan-voor-xip\/\",\"url\":\"https:\/\/mexa3d.com\/nl\/produkt\/everlast-2-membraan-voor-xip\/\",\"name\":\"Everlast-2 membraan voor XiP - MEXA3D - Industrielle NEXA 3D-Drucker\",\"isPartOf\":{\"@id\":\"https:\/\/mexa3d.com\/#website\"},\"primaryImageOfPage\":{\"@id\":\"https:\/\/mexa3d.com\/nl\/produkt\/everlast-2-membraan-voor-xip\/#primaryimage\"},\"image\":{\"@id\":\"https:\/\/mexa3d.com\/nl\/produkt\/everlast-2-membraan-voor-xip\/#primaryimage\"},\"thumbnailUrl\":\"https:\/\/mexa3d.com\/wp-content\/uploads\/2023\/12\/membrane_1bba4157-8269-4b78-9cbf-b86922e6a422_576x.webp\",\"datePublished\":\"2023-12-05T11:58:09+00:00\",\"dateModified\":\"2024-04-15T11:34:02+00:00\",\"breadcrumb\":{\"@id\":\"https:\/\/mexa3d.com\/nl\/produkt\/everlast-2-membraan-voor-xip\/#breadcrumb\"},\"inLanguage\":\"nl-NL\",\"potentialAction\":[{\"@type\":\"ReadAction\",\"target\":[\"https:\/\/mexa3d.com\/nl\/produkt\/everlast-2-membraan-voor-xip\/\"]}]},{\"@type\":\"ImageObject\",\"inLanguage\":\"nl-NL\",\"@id\":\"https:\/\/mexa3d.com\/nl\/produkt\/everlast-2-membraan-voor-xip\/#primaryimage\",\"url\":\"https:\/\/mexa3d.com\/wp-content\/uploads\/2023\/12\/membrane_1bba4157-8269-4b78-9cbf-b86922e6a422_576x.webp\",\"contentUrl\":\"https:\/\/mexa3d.com\/wp-content\/uploads\/2023\/12\/membrane_1bba4157-8269-4b78-9cbf-b86922e6a422_576x.webp\",\"width\":576,\"height\":432},{\"@type\":\"BreadcrumbList\",\"@id\":\"https:\/\/mexa3d.com\/nl\/produkt\/everlast-2-membraan-voor-xip\/#breadcrumb\",\"itemListElement\":[{\"@type\":\"ListItem\",\"position\":1,\"name\":\"Startseite\",\"item\":\"https:\/\/mexa3d.com\/nl\/mexa3d-industriele-resin-3d-printers-voor-de-hoogste-productiviteit\/\"},{\"@type\":\"ListItem\",\"position\":2,\"name\":\"Winkel op\",\"item\":\"https:\/\/mexa3d.com\/nl\/winkel-op\/\"},{\"@type\":\"ListItem\",\"position\":3,\"name\":\"Everlast-2 membraan voor XiP\"}]},{\"@type\":\"WebSite\",\"@id\":\"https:\/\/mexa3d.com\/#website\",\"url\":\"https:\/\/mexa3d.com\/\",\"name\":\"MEXA3D - Industrielle NEXA 3D-Drucker\",\"description\":\"Ultraschnelle, industrielle Harz 3D-Drucker f\u00fcr un\u00fcbertroffene Produktivit\u00e4tsraten\",\"publisher\":{\"@id\":\"https:\/\/mexa3d.com\/#organization\"},\"potentialAction\":[{\"@type\":\"SearchAction\",\"target\":{\"@type\":\"EntryPoint\",\"urlTemplate\":\"https:\/\/mexa3d.com\/?s={search_term_string}\"},\"query-input\":{\"@type\":\"PropertyValueSpecification\",\"valueRequired\":true,\"valueName\":\"search_term_string\"}}],\"inLanguage\":\"nl-NL\"},{\"@type\":\"Organization\",\"@id\":\"https:\/\/mexa3d.com\/#organization\",\"name\":\"MEXA3D - Industrielle NEXA 3D-Drucker\",\"url\":\"https:\/\/mexa3d.com\/\",\"logo\":{\"@type\":\"ImageObject\",\"inLanguage\":\"nl-NL\",\"@id\":\"https:\/\/mexa3d.com\/#\/schema\/logo\/image\/\",\"url\":\"https:\/\/mexa3d.com\/wp-content\/uploads\/2023\/10\/Mexa3D_Logo_2_b.png\",\"contentUrl\":\"https:\/\/mexa3d.com\/wp-content\/uploads\/2023\/10\/Mexa3D_Logo_2_b.png\",\"width\":527,\"height\":208,\"caption\":\"MEXA3D - Industrielle NEXA 3D-Drucker\"},\"image\":{\"@id\":\"https:\/\/mexa3d.com\/#\/schema\/logo\/image\/\"},\"sameAs\":[\"https:\/\/www.linkedin.com\/company\/99502753\/\",\"https:\/\/www.instagram.com\/mexa3dnexa\/\"]}]}<\/script>\n<!-- \/ Yoast SEO plugin. -->","yoast_head_json":{"title":"Everlast-2 membraan voor XiP - MEXA3D - Industrielle NEXA 3D-Drucker","robots":{"index":"index","follow":"follow","max-snippet":"max-snippet:-1","max-image-preview":"max-image-preview:large","max-video-preview":"max-video-preview:-1"},"canonical":"https:\/\/mexa3d.com\/nl\/produkt\/everlast-2-membraan-voor-xip\/","og_locale":"nl_NL","og_type":"article","og_title":"Everlast-2 membraan voor XiP - MEXA3D - Industrielle NEXA 3D-Drucker","og_description":"Hoeveelheid: 1 Beperkt tot 1 per bestelling Everlast 2 membranen zijn duurzamer, resistenter en verlengen de levensduur van de print met meer dan 25 keer vergeleken met de membraanfolies die momenteel op de markt zijn. Met de juiste zorg kunnen ze tot 50.000 diensten draaien. [OPMERKING: Bij aankoop van een harstank wordt een Everlast 2 [&hellip;]","og_url":"https:\/\/mexa3d.com\/nl\/produkt\/everlast-2-membraan-voor-xip\/","og_site_name":"MEXA3D - Industrielle NEXA 3D-Drucker","article_modified_time":"2024-04-15T11:34:02+00:00","og_image":[{"width":576,"height":432,"url":"https:\/\/mexa3d.com\/wp-content\/uploads\/2023\/12\/membrane_1bba4157-8269-4b78-9cbf-b86922e6a422_576x.webp","type":"image\/webp"}],"twitter_card":"summary_large_image","schema":{"@context":"https:\/\/schema.org","@graph":[{"@type":"WebPage","@id":"https:\/\/mexa3d.com\/nl\/produkt\/everlast-2-membraan-voor-xip\/","url":"https:\/\/mexa3d.com\/nl\/produkt\/everlast-2-membraan-voor-xip\/","name":"Everlast-2 membraan voor XiP - MEXA3D - Industrielle NEXA 3D-Drucker","isPartOf":{"@id":"https:\/\/mexa3d.com\/#website"},"primaryImageOfPage":{"@id":"https:\/\/mexa3d.com\/nl\/produkt\/everlast-2-membraan-voor-xip\/#primaryimage"},"image":{"@id":"https:\/\/mexa3d.com\/nl\/produkt\/everlast-2-membraan-voor-xip\/#primaryimage"},"thumbnailUrl":"https:\/\/mexa3d.com\/wp-content\/uploads\/2023\/12\/membrane_1bba4157-8269-4b78-9cbf-b86922e6a422_576x.webp","datePublished":"2023-12-05T11:58:09+00:00","dateModified":"2024-04-15T11:34:02+00:00","breadcrumb":{"@id":"https:\/\/mexa3d.com\/nl\/produkt\/everlast-2-membraan-voor-xip\/#breadcrumb"},"inLanguage":"nl-NL","potentialAction":[{"@type":"ReadAction","target":["https:\/\/mexa3d.com\/nl\/produkt\/everlast-2-membraan-voor-xip\/"]}]},{"@type":"ImageObject","inLanguage":"nl-NL","@id":"https:\/\/mexa3d.com\/nl\/produkt\/everlast-2-membraan-voor-xip\/#primaryimage","url":"https:\/\/mexa3d.com\/wp-content\/uploads\/2023\/12\/membrane_1bba4157-8269-4b78-9cbf-b86922e6a422_576x.webp","contentUrl":"https:\/\/mexa3d.com\/wp-content\/uploads\/2023\/12\/membrane_1bba4157-8269-4b78-9cbf-b86922e6a422_576x.webp","width":576,"height":432},{"@type":"BreadcrumbList","@id":"https:\/\/mexa3d.com\/nl\/produkt\/everlast-2-membraan-voor-xip\/#breadcrumb","itemListElement":[{"@type":"ListItem","position":1,"name":"Startseite","item":"https:\/\/mexa3d.com\/nl\/mexa3d-industriele-resin-3d-printers-voor-de-hoogste-productiviteit\/"},{"@type":"ListItem","position":2,"name":"Winkel op","item":"https:\/\/mexa3d.com\/nl\/winkel-op\/"},{"@type":"ListItem","position":3,"name":"Everlast-2 membraan voor XiP"}]},{"@type":"WebSite","@id":"https:\/\/mexa3d.com\/#website","url":"https:\/\/mexa3d.com\/","name":"MEXA3D - Industrielle NEXA 3D-Drucker","description":"Ultraschnelle, industrielle Harz 3D-Drucker f\u00fcr un\u00fcbertroffene Produktivit\u00e4tsraten","publisher":{"@id":"https:\/\/mexa3d.com\/#organization"},"potentialAction":[{"@type":"SearchAction","target":{"@type":"EntryPoint","urlTemplate":"https:\/\/mexa3d.com\/?s={search_term_string}"},"query-input":{"@type":"PropertyValueSpecification","valueRequired":true,"valueName":"search_term_string"}}],"inLanguage":"nl-NL"},{"@type":"Organization","@id":"https:\/\/mexa3d.com\/#organization","name":"MEXA3D - Industrielle NEXA 3D-Drucker","url":"https:\/\/mexa3d.com\/","logo":{"@type":"ImageObject","inLanguage":"nl-NL","@id":"https:\/\/mexa3d.com\/#\/schema\/logo\/image\/","url":"https:\/\/mexa3d.com\/wp-content\/uploads\/2023\/10\/Mexa3D_Logo_2_b.png","contentUrl":"https:\/\/mexa3d.com\/wp-content\/uploads\/2023\/10\/Mexa3D_Logo_2_b.png","width":527,"height":208,"caption":"MEXA3D - Industrielle NEXA 3D-Drucker"},"image":{"@id":"https:\/\/mexa3d.com\/#\/schema\/logo\/image\/"},"sameAs":["https:\/\/www.linkedin.com\/company\/99502753\/","https:\/\/www.instagram.com\/mexa3dnexa\/"]}]}},"jetpack_sharing_enabled":true,"_links":{"self":[{"href":"https:\/\/mexa3d.com\/nl\/wp-json\/wp\/v2\/product\/5466","targetHints":{"allow":["GET"]}}],"collection":[{"href":"https:\/\/mexa3d.com\/nl\/wp-json\/wp\/v2\/product"}],"about":[{"href":"https:\/\/mexa3d.com\/nl\/wp-json\/wp\/v2\/types\/product"}],"replies":[{"embeddable":true,"href":"https:\/\/mexa3d.com\/nl\/wp-json\/wp\/v2\/comments?post=5466"}],"wp:featuredmedia":[{"embeddable":true,"href":"https:\/\/mexa3d.com\/nl\/wp-json\/wp\/v2\/media\/4253"}],"wp:attachment":[{"href":"https:\/\/mexa3d.com\/nl\/wp-json\/wp\/v2\/media?parent=5466"}],"wp:term":[{"taxonomy":"product_brand","embeddable":true,"href":"https:\/\/mexa3d.com\/nl\/wp-json\/wp\/v2\/product_brand?post=5466"},{"taxonomy":"product_cat","embeddable":true,"href":"https:\/\/mexa3d.com\/nl\/wp-json\/wp\/v2\/product_cat?post=5466"},{"taxonomy":"product_tag","embeddable":true,"href":"https:\/\/mexa3d.com\/nl\/wp-json\/wp\/v2\/product_tag?post=5466"}],"curies":[{"name":"wp","href":"https:\/\/api.w.org\/{rel}","templated":true}]}}